{"id":1277,"date":"2020-05-09T16:25:34","date_gmt":"2020-05-09T16:25:34","guid":{"rendered":"https:\/\/www.rr-law.com\/faq-2\/"},"modified":"2025-04-05T11:21:32","modified_gmt":"2025-04-05T11:21:32","slug":"faq-2","status":"publish","type":"page","link":"https:\/\/www.rr-law.com\/es\/faq-2\/","title":{"rendered":"FAQ"},"content":{"rendered":"<div class=\"fusion-fullwidth fullwidth-box fusion-builder-row-1 nonhundred-percent-fullwidth non-hundred-percent-height-scrolling\" style=\"--awb-border-radius-top-left:0px;--awb-border-radius-top-right:0px;--awb-border-radius-bottom-right:0px;--awb-border-radius-bottom-left:0px;--awb-flex-wrap:wrap;\" ><div class=\"fusion-builder-row fusion-row\"><div class=\"fusion-layout-column fusion_builder_column fusion-builder-column-0 fusion_builder_column_1_1 1_1 fusion-one-full fusion-column-first fusion-column-last\" style=\"--awb-bg-size:cover;\"><div class=\"fusion-column-wrapper fusion-column-has-shadow fusion-flex-column-wrapper-legacy\"><div class=\"fusion-text fusion-text-1\"><h1>FAQ&#8217;s<\/h1>\n<\/div><div class=\"fusion-clearfix\"><\/div><\/div><\/div><div class=\"fusion-layout-column fusion_builder_column fusion-builder-column-1 fusion_builder_column_1_1 1_1 fusion-one-full fusion-column-first fusion-column-last\" style=\"--awb-bg-size:cover;\"><div class=\"fusion-column-wrapper fusion-column-has-shadow fusion-flex-column-wrapper-legacy\"><style type=\"text\/css\">.fusion-faqs-wrapper #accordian-1 .fusion-panel { border-color:#b1976b; }.fusion-faqs-wrapper #accordian-1 .fusion-panel:hover{ border-color: #b1976b; }.fusion-accordian #accordian-1 .panel-title a .fa-fusion-box:before{ font-size: 16px;width: 16px;}.fusion-accordian #accordian-1 .panel-title a .fa-fusion-box{ color: #ffffff;}.fusion-accordian  #accordian-1 .panel-title a{font-family:\"Montserrat\";font-style:normal;font-weight:600;}.fusion-accordian  #accordian-1 .panel-title a:not(:hover){}.fusion-accordian  #accordian-1 .toggle-content{font-family:\"Montserrat\";font-style:normal;font-weight:400;}.fusion-accordian #accordian-1 .fa-fusion-box { background-color: #b1976b !important;border-color: #b1976b !important;}.fusion-accordian #accordian-1 .panel-title a:hover,.fusion-accordian #accordian-1 .panel-title a.hover { color: #3e5dab;}.fusion-faq-shortcode .fusion-accordian #accordian-1 .fusion-toggle-boxed-mode:hover .panel-title a { color: #3e5dab;}.fusion-accordian #accordian-1 .panel-title .active .fa-fusion-box,.fusion-accordian #accordian-1 .panel-title a:hover .fa-fusion-box,.fusion-accordian #accordian-1 .panel-title a.hover .fa-fusion-box { background-color: #3e5dab!important;border-color: #3e5dab!important;}<\/style><div class=\"fusion-faq-shortcode rr-law-faq\" style=\"\"><div class=\"fusion-faqs-wrapper\"><div class=\"accordian fusion-accordian\"><div class=\"panel-group \" id=\"accordian-1\"><div class=\"fusion-panel panel-default fusion-faq-post fusion-faq-post-1324 \"><span class=\"entry-title rich-snippet-hidden\">\u00bfCu\u00e1nto le cuesta a Raymond &amp; Raymond, Ltd., investigar un posible reclamo?<\/span><span class=\"vcard rich-snippet-hidden\"><span class=\"fn\"><a href=\"https:\/\/www.rr-law.com\/es\/author\/admin\/\" title=\"Entradas de admin\" rel=\"author\">admin<\/a><\/span><\/span><span class=\"updated rich-snippet-hidden\">2020-07-14T20:13:40+00:00<\/span><div class=\"panel-heading\"><h4 id=\"faq_1-1324\" class=\"panel-title toggle\"><a data-toggle=\"collapse\" class=\"collapsed\" data-parent=\"#accordian-1\" data-target=\"#collapse-1-1324\" href=\"#collapse-1-1324\" aria-expanded=\"false\"><div class=\"fusion-toggle-icon-wrapper\"><div class=\"fusion-toggle-icon-wrapper-main\"><div class=\"fusion-toggle-icon-wrapper-sub\"><i class=\"fa-fusion-box active-icon awb-icon-minus\" aria-hidden=\"true\"><\/i><i class=\"fa-fusion-box inactive-icon awb-icon-plus\" aria-hidden=\"true\"><\/i><\/div><\/div><\/div><div class=\"fusion-toggle-heading\">\u00bfCu\u00e1nto le cuesta a Raymond &amp; Raymond, Ltd., investigar un posible reclamo?<\/div><\/a><\/h4><\/div><div id=\"collapse-1-1324\" aria-labelledby=\"faq_1-1324\" class=\"panel-collapse collapse\"><div class=\"panel-body toggle-content post-content\"><p>No cobramos nada a menos que usted gane. Raymond &amp; Raymond, Ltd. trabaja sobre una base de contingencia. Esto significa que no cobramos por adelantado por nuestra investigaci\u00f3n, tarifas de presentaci\u00f3n, costos, etc. No cobramos por hora. En el caso de que se logre un resultado positivo, como un caso se resuelva o se obtenga un veredicto, solo entonces se le cobrar\u00e1n al cliente los costos y honorarios de la recuperaci\u00f3n. Las demandas son caras y en Raymond &amp; Raymond, Ltd. mantenemos a nuestros clientes informados sobre los gastos incurridos para que nuestros clientes tengan toda la informaci\u00f3n necesaria para tomar decisiones informadas con respecto a su caso, incluidas las conversaciones de acuerdo.      <\/p>\n<\/div><\/div><\/div><div class=\"fusion-panel panel-default fusion-faq-post fusion-faq-post-1325 \"><span class=\"entry-title rich-snippet-hidden\">\u00bfPresentar una demanda contra un m\u00e9dico tendr\u00e1 un impacto negativo en la comunidad m\u00e9dica local?<\/span><span class=\"vcard rich-snippet-hidden\"><span class=\"fn\"><a href=\"https:\/\/www.rr-law.com\/es\/author\/admin\/\" title=\"Entradas de admin\" rel=\"author\">admin<\/a><\/span><\/span><span class=\"updated rich-snippet-hidden\">2020-07-14T20:21:56+00:00<\/span><div class=\"panel-heading\"><h4 id=\"faq_1-1325\" class=\"panel-title toggle\"><a data-toggle=\"collapse\" class=\"collapsed\" data-parent=\"#accordian-1\" data-target=\"#collapse-1-1325\" href=\"#collapse-1-1325\" aria-expanded=\"false\"><div class=\"fusion-toggle-icon-wrapper\"><div class=\"fusion-toggle-icon-wrapper-main\"><div class=\"fusion-toggle-icon-wrapper-sub\"><i class=\"fa-fusion-box active-icon awb-icon-minus\" aria-hidden=\"true\"><\/i><i class=\"fa-fusion-box inactive-icon awb-icon-plus\" aria-hidden=\"true\"><\/i><\/div><\/div><\/div><div class=\"fusion-toggle-heading\">\u00bfPresentar una demanda contra un m\u00e9dico tendr\u00e1 un impacto negativo en la comunidad m\u00e9dica local?<\/div><\/a><\/h4><\/div><div id=\"collapse-1-1325\" aria-labelledby=\"faq_1-1325\" class=\"panel-collapse collapse\"><div class=\"panel-body toggle-content post-content\"><p>Hemos escuchado este argumento y creemos firmemente que es falso. La mayor parte de la raz\u00f3n principal de nuestros clientes para llevar a cabo una demanda es para asegurarse de que lo que les sucedi\u00f3 no le pase a nadie m\u00e1s. Casi todos los trabajadores m\u00e9dicos est\u00e1n cubiertos por un seguro de responsabilidad profesional. Es el trabajo de la compa\u00f1\u00eda de seguros recibir los premiums del proveedor m\u00e9dico mientras paga lo menos posible a las personas lesionadas. Estas compa\u00f1\u00edas de seguros luego contratan a los abogados defensores que representan a los trabajadores m\u00e9dicos en la corte. A menudo las compa\u00f1\u00edas de seguros se niegan a liquidar dentro de sus l\u00edmites de p\u00f3liza durante a\u00f1os a pesar de una verdadera reclamaci\u00f3n meritoria en su contra. Por lo tanto, aunque puede ser inc\u00f3modo para un profesional m\u00e9dico estar involucrado en un litigio, a menudo es m\u00e1s una cuesti\u00f3n de si su compa\u00f1\u00eda de seguros est\u00e1 dispuesta o no a compensar completamente a la persona lesionada. En Raymond &amp; Raymond, Ltd. Creemos que el mero inconveniente de un profesional m\u00e9dico palidece en comparaci\u00f3n con la persona lesionada cuya vida cambia para siempre. Tambi\u00e9n solo traemos casos rectos que han sido completamente investigados por otros profesionales m\u00e9dicos. Creemos que la mejor manera de garantizar que la atenci\u00f3n m\u00e9dica no caiga por debajo del est\u00e1ndar es abogar ferozmente en nombre de nuestros clientes que son v\u00edctimas de atenci\u00f3n por debajo del promedio y exigir que las compa\u00f1\u00edas de seguros compensen completamente a nuestros clientes por sus lesiones.          <\/p>\n<\/div><\/div><\/div><div class=\"fusion-panel panel-default fusion-faq-post fusion-faq-post-1326 \"><span class=\"entry-title rich-snippet-hidden\">\u00bfCu\u00e1nto tiempo tardar\u00e1 en recuperarme de mis lesiones?<\/span><span class=\"vcard rich-snippet-hidden\"><span class=\"fn\"><a href=\"https:\/\/www.rr-law.com\/es\/author\/admin\/\" title=\"Entradas de admin\" rel=\"author\">admin<\/a><\/span><\/span><span class=\"updated rich-snippet-hidden\">2020-07-14T20:22:23+00:00<\/span><div class=\"panel-heading\"><h4 id=\"faq_1-1326\" class=\"panel-title toggle\"><a data-toggle=\"collapse\" class=\"collapsed\" data-parent=\"#accordian-1\" data-target=\"#collapse-1-1326\" href=\"#collapse-1-1326\" aria-expanded=\"false\"><div class=\"fusion-toggle-icon-wrapper\"><div class=\"fusion-toggle-icon-wrapper-main\"><div class=\"fusion-toggle-icon-wrapper-sub\"><i class=\"fa-fusion-box active-icon awb-icon-minus\" aria-hidden=\"true\"><\/i><i class=\"fa-fusion-box inactive-icon awb-icon-plus\" aria-hidden=\"true\"><\/i><\/div><\/div><\/div><div class=\"fusion-toggle-heading\">\u00bfCu\u00e1nto tiempo tardar\u00e1 en recuperarme de mis lesiones?<\/div><\/a><\/h4><\/div><div id=\"collapse-1-1326\" aria-labelledby=\"faq_1-1326\" class=\"panel-collapse collapse\"><div class=\"panel-body toggle-content post-content\"><p>No hay una \u00fanica respuesta a esta pregunta. Las ruedas de la justicia giran lentamente, pero s\u00ed giran hacia un resultado final. En Raymond &amp; Raymond, Ltd. solo aceptamos casos rectos, lo que significa que cada caso es completamente investigado antes de ser presentado. Con el fin de investigar completamente una posible reclamaci\u00f3n, es necesario obtener todos los registros m\u00e9dicos necesarios, realizar entrevistas y que el caso potencial sea revisado por uno o m\u00e1s m\u00e9dicos familiarizados con el tratamiento en cuesti\u00f3n. Una vez que se presenta un caso, no es raro que el caso tome tres o m\u00e1s a\u00f1os hasta el juicio. La b\u00fasqueda de litigios puede ser un proceso prolongado y creemos que es importante asesorar a nuestros clientes sobre esto desde el principio. La decisi\u00f3n de iniciar una demanda no debe tomarse a la ligera. Tambi\u00e9n hay un estatuto de limitaciones en Illinois que proh\u00edbe que los casos de lesiones personales y negligencia m\u00e9dica se presenten despu\u00e9s de que haya pasado una cierta cantidad de tiempo. Para asegurarse de que un posible reclamo no est\u00e9 prohibido por el estatuto de limitaciones, y para garantizar que se cumpla con la justicia lo antes posible, es importante comunicarse con un abogado lo antes posible.         <\/p>\n<\/div><\/div><\/div><div class=\"fusion-panel panel-default fusion-faq-post fusion-faq-post-1327 \"><span class=\"entry-title rich-snippet-hidden\">\u00bfQu\u00e9 tipos de lesiones son recuperables?<\/span><span class=\"vcard rich-snippet-hidden\"><span class=\"fn\"><a href=\"https:\/\/www.rr-law.com\/es\/author\/admin\/\" title=\"Entradas de admin\" rel=\"author\">admin<\/a><\/span><\/span><span class=\"updated rich-snippet-hidden\">2020-07-14T20:23:34+00:00<\/span><div class=\"panel-heading\"><h4 id=\"faq_1-1327\" class=\"panel-title toggle\"><a data-toggle=\"collapse\" class=\"collapsed\" data-parent=\"#accordian-1\" data-target=\"#collapse-1-1327\" href=\"#collapse-1-1327\" aria-expanded=\"false\"><div class=\"fusion-toggle-icon-wrapper\"><div class=\"fusion-toggle-icon-wrapper-main\"><div class=\"fusion-toggle-icon-wrapper-sub\"><i class=\"fa-fusion-box active-icon awb-icon-minus\" aria-hidden=\"true\"><\/i><i class=\"fa-fusion-box inactive-icon awb-icon-plus\" aria-hidden=\"true\"><\/i><\/div><\/div><\/div><div class=\"fusion-toggle-heading\">\u00bfQu\u00e9 tipos de lesiones son recuperables?<\/div><\/a><\/h4><\/div><div id=\"collapse-1-1327\" aria-labelledby=\"faq_1-1327\" class=\"panel-collapse collapse\"><div class=\"panel-body toggle-content post-content\"><p>En Raymond &amp; Raymond, Ltd., representamos a personas que han sufrido lesiones f\u00edsicas y sufrieron tanto mental como f\u00edsicamente por sus lesiones en casos de negligencia m\u00e9dica y lesiones personales catastr\u00f3ficas. Las Instrucciones del Jurado del Patr\u00f3n de Illinois permiten una compensaci\u00f3n de lo siguiente: <\/p>\n<ul>\n<li>P\u00e9rdida de la vida normal (tanto en el pasado y el futuro);<\/li>\n<li>Discapacidad (tanto en el pasado y el futuro);<\/li>\n<li>Dolor &amp; Sufrimiento (tanto en el pasado y el futuro);<\/li>\n<li>Gastos m\u00e9dicos y gastos relacionados (tanto en el pasado y el futuro);<\/li>\n<li>P\u00e9rdida de ingresos \/ P\u00e9rdida de (tanto en el pasado y el futuro);<\/li>\n<li>muerte injusta;<\/li>\n<li>P\u00e9rdida de la sociedad (la p\u00e9rdida de una familia por un pariente fallecido); y\/o<\/li>\n<li>angustia emocional.<\/li>\n<\/ul>\n<p>El sistema de justicia en Illinois ya est\u00e1 establecido para compensar a las personas lesionadas. Luchamos incansablemente para que nuestros clientes recuperen la cantidad m\u00e1xima en cada una de las categor\u00edas anteriores para lograr una compensaci\u00f3n completa por sus lesiones y \/ o p\u00e9rdidas. Conocemos a nuestros clientes a nivel personal para que podamos comunicar claramente el alcance de las lesiones de nuestros clientes con el objetivo de una compensaci\u00f3n. Una demanda por lesiones personales es generalmente la \u00fanica manera en que una persona puede lograr una compensaci\u00f3n completa por sus lesiones, y casi siempre solo puede ser presentada una vez. En Raymond &amp; Raymond, Ltd. prestamos una atenci\u00f3n personalizada a los casos de nuestros clientes y utilizamos nuestros a\u00f1os de experiencia para construir un caso que se centra en las circunstancias individuales del cliente.    <\/p>\n<\/div><\/div><\/div><div class=\"fusion-panel panel-default fusion-faq-post fusion-faq-post-1328 \"><span class=\"entry-title rich-snippet-hidden\">\u00bfDebo ordenar una autopsia si creo que un ser querido muri\u00f3 debido a negligencia m\u00e9dica?<\/span><span class=\"vcard rich-snippet-hidden\"><span class=\"fn\"><a href=\"https:\/\/www.rr-law.com\/es\/author\/admin\/\" title=\"Entradas de admin\" rel=\"author\">admin<\/a><\/span><\/span><span class=\"updated rich-snippet-hidden\">2020-07-14T20:24:59+00:00<\/span><div class=\"panel-heading\"><h4 id=\"faq_1-1328\" class=\"panel-title toggle\"><a data-toggle=\"collapse\" class=\"collapsed\" data-parent=\"#accordian-1\" data-target=\"#collapse-1-1328\" href=\"#collapse-1-1328\" aria-expanded=\"false\"><div class=\"fusion-toggle-icon-wrapper\"><div class=\"fusion-toggle-icon-wrapper-main\"><div class=\"fusion-toggle-icon-wrapper-sub\"><i class=\"fa-fusion-box active-icon awb-icon-minus\" aria-hidden=\"true\"><\/i><i class=\"fa-fusion-box inactive-icon awb-icon-plus\" aria-hidden=\"true\"><\/i><\/div><\/div><\/div><div class=\"fusion-toggle-heading\">\u00bfDebo ordenar una autopsia si creo que un ser querido muri\u00f3 debido a negligencia m\u00e9dica?<\/div><\/a><\/h4><\/div><div id=\"collapse-1-1328\" aria-labelledby=\"faq_1-1328\" class=\"panel-collapse collapse\"><div class=\"panel-body toggle-content post-content\"><p>S\u00ed, una autopsia puede ser \u00fatil para determinar la causa de la muerte. Las autopsias sol\u00edan pedirse con m\u00e1s frecuencia y creemos que las autopsias son ordenadas menos por los m\u00e9dicos con el fin de evitar cualquier responsabilidad potencial. Como abogados de negligencia m\u00e9dica, en gran medida construimos nuestro caso en torno a lo que est\u00e1 escrito en los registros m\u00e9dicos. Una autopsia da la oportunidad a un m\u00e9dico no involucrado en el cuidado y tratamiento en cuesti\u00f3n de llevar a cabo una investigaci\u00f3n sobre lo que puede haber causado una muerte. Sin embargo, si usted no orden\u00f3 una autopsia todav\u00eda puede haber amplia evidencia en los registros m\u00e9dicos que representan un caso meritorio, entonces todav\u00eda es una buena idea ponerse en contacto con un abogado para investigar el caso potencial tan pronto como sea posible. Dado que las autopsias se realizan cada vez menos, nuestro bufete tiene experiencia en ver a trav\u00e9s de registros m\u00e9dicos ego\u00edstas y puede conectar los puntos para proporcionar respuestas y, finalmente, una compensaci\u00f3n completa.      <\/p>\n<\/div><\/div><\/div><div class=\"fusion-panel panel-default fusion-faq-post fusion-faq-post-1329 \"><span class=\"entry-title rich-snippet-hidden\">Un abogado ya rechaz\u00f3 mi caso. \u00bfVale la pena ponerse en contacto con su empresa?<\/span><span class=\"vcard rich-snippet-hidden\"><span class=\"fn\"><a href=\"https:\/\/www.rr-law.com\/es\/author\/admin\/\" title=\"Entradas de admin\" rel=\"author\">admin<\/a><\/span><\/span><span class=\"updated rich-snippet-hidden\">2020-07-14T20:25:25+00:00<\/span><div class=\"panel-heading\"><h4 id=\"faq_1-1329\" class=\"panel-title toggle\"><a data-toggle=\"collapse\" class=\"collapsed\" data-parent=\"#accordian-1\" data-target=\"#collapse-1-1329\" href=\"#collapse-1-1329\" aria-expanded=\"false\"><div class=\"fusion-toggle-icon-wrapper\"><div class=\"fusion-toggle-icon-wrapper-main\"><div class=\"fusion-toggle-icon-wrapper-sub\"><i class=\"fa-fusion-box active-icon awb-icon-minus\" aria-hidden=\"true\"><\/i><i class=\"fa-fusion-box inactive-icon awb-icon-plus\" aria-hidden=\"true\"><\/i><\/div><\/div><\/div><div class=\"fusion-toggle-heading\">Un abogado ya rechaz\u00f3 mi caso. \u00bfVale la pena ponerse en contacto con su empresa?<\/div><\/a><\/h4><\/div><div id=\"collapse-1-1329\" aria-labelledby=\"faq_1-1329\" class=\"panel-collapse collapse\"><div class=\"panel-body toggle-content post-content\"><p>S\u00ed. Hemos aceptado numerosos casos que fueron rechazados por otros bufetes de abogados y han logrado resultados favorables. El hecho de que un abogado no deseara representarlo, no significa que usted no tenga un caso. Los abogados pueden rechazar casos por m\u00faltiples razones. La negligencia m\u00e9dica en particular es complicada y costosa, lo que puede ser una barrera para ciertos abogados. En Raymond &amp; Raymond, Ltd. miramos cada caso entrante con nuevos ojos, incluso otro abogado ha rechazado un caso potencial, no nos disuade. Por lo menos, si no podemos representar a alguien en una demanda, creemos que podemos proporcionar a un cliente respuestas sobre por qu\u00e9 ocurri\u00f3 algo. Lo importante a recordar es que en Illinois el estatuto de limitaciones proh\u00edbe a las personas presentar reclamos despu\u00e9s de que haya pasado una cierta cantidad de tiempo. Por lo tanto, incluso si un abogado rechaz\u00f3 un caso potencial, es importante ponerse en contacto con otro abogado lo antes posible.        <\/p>\n<\/div><\/div><\/div><\/div><\/div><\/div><\/div><div class=\"fusion-clearfix\"><\/div><\/div><\/div><div class=\"fusion-layout-column fusion_builder_column fusion-builder-column-2 fusion_builder_column_1_1 1_1 fusion-one-full fusion-column-first fusion-column-last\" style=\"--awb-padding-top:40px;--awb-bg-size:cover;\"><div class=\"fusion-column-wrapper fusion-column-has-shadow fusion-flex-column-wrapper-legacy\"><div class=\"fusion-text fusion-text-2\"><p>Si tiene preguntas adicionales, comun\u00edquese con nosotros para una consulta gratuita.<\/p>\n<\/div><div class=\"fusion-clearfix\"><\/div><\/div><\/div><\/div><\/div>\n","protected":false},"excerpt":{"rendered":"","protected":false},"author":1,"featured_media":0,"parent":0,"menu_order":0,"comment_status":"closed","ping_status":"closed","template":"","meta":{"two_page_speed":{"current_score":{"desktop_score":94,"desktop_tti":"1.0\u00a0","mobile_score":92,"mobile_tti":"3.4\u00a0","date":"05.04.2025 11:22:02 am","status":"completed"}},"footnotes":""},"class_list":["post-1277","page","type-page","status-publish","hentry"],"yoast_head":"<!-- This site is optimized with the Yoast SEO plugin v23.4 - https:\/\/yoast.com\/wordpress\/plugins\/seo\/ -->\n<title>FAQ - RR-Law<\/title>\n<meta name=\"robots\" content=\"index, follow, max-snippet:-1, max-image-preview:large, max-video-preview:-1\" \/>\n<link rel=\"canonical\" href=\"https:\/\/www.rr-law.com\/es\/faq-2\/\" \/>\n<meta property=\"og:locale\" content=\"es_ES\" \/>\n<meta property=\"og:type\" content=\"article\" \/>\n<meta property=\"og:title\" content=\"FAQ - RR-Law\" \/>\n<meta property=\"og:url\" content=\"https:\/\/www.rr-law.com\/es\/faq-2\/\" \/>\n<meta property=\"og:site_name\" content=\"RR-Law\" \/>\n<meta property=\"article:modified_time\" content=\"2025-04-05T11:21:32+00:00\" \/>\n<meta name=\"twitter:card\" content=\"summary_large_image\" \/>\n<meta name=\"twitter:label1\" content=\"Tiempo de lectura\" \/>\n\t<meta name=\"twitter:data1\" content=\"4 minutos\" \/>\n<script type=\"application\/ld+json\" class=\"yoast-schema-graph\">{\"@context\":\"https:\/\/schema.org\",\"@graph\":[{\"@type\":\"WebPage\",\"@id\":\"https:\/\/www.rr-law.com\/es\/faq-2\/\",\"url\":\"https:\/\/www.rr-law.com\/es\/faq-2\/\",\"name\":\"FAQ - RR-Law\",\"isPartOf\":{\"@id\":\"https:\/\/www.rr-law.com\/#website\"},\"datePublished\":\"2020-05-09T16:25:34+00:00\",\"dateModified\":\"2025-04-05T11:21:32+00:00\",\"breadcrumb\":{\"@id\":\"https:\/\/www.rr-law.com\/es\/faq-2\/#breadcrumb\"},\"inLanguage\":\"es\",\"potentialAction\":[{\"@type\":\"ReadAction\",\"target\":[\"https:\/\/www.rr-law.com\/es\/faq-2\/\"]}]},{\"@type\":\"BreadcrumbList\",\"@id\":\"https:\/\/www.rr-law.com\/es\/faq-2\/#breadcrumb\",\"itemListElement\":[{\"@type\":\"ListItem\",\"position\":1,\"name\":\"Home\",\"item\":\"https:\/\/www.rr-law.com\/es\/home\/\"},{\"@type\":\"ListItem\",\"position\":2,\"name\":\"FAQ\"}]},{\"@type\":\"WebSite\",\"@id\":\"https:\/\/www.rr-law.com\/#website\",\"url\":\"https:\/\/www.rr-law.com\/\",\"name\":\"RR-Law\",\"description\":\"Medical Malpractice Law Firm, Schaumburg IL\",\"potentialAction\":[{\"@type\":\"SearchAction\",\"target\":{\"@type\":\"EntryPoint\",\"urlTemplate\":\"https:\/\/www.rr-law.com\/?s={search_term_string}\"},\"query-input\":{\"@type\":\"PropertyValueSpecification\",\"valueRequired\":true,\"valueName\":\"search_term_string\"}}],\"inLanguage\":\"es\"}]}<\/script>\n<!-- \/ Yoast SEO plugin. -->","yoast_head_json":{"title":"FAQ - RR-Law","robots":{"index":"index","follow":"follow","max-snippet":"max-snippet:-1","max-image-preview":"max-image-preview:large","max-video-preview":"max-video-preview:-1"},"canonical":"https:\/\/www.rr-law.com\/es\/faq-2\/","og_locale":"es_ES","og_type":"article","og_title":"FAQ - RR-Law","og_url":"https:\/\/www.rr-law.com\/es\/faq-2\/","og_site_name":"RR-Law","article_modified_time":"2025-04-05T11:21:32+00:00","twitter_card":"summary_large_image","twitter_misc":{"Tiempo de lectura":"4 minutos"},"schema":{"@context":"https:\/\/schema.org","@graph":[{"@type":"WebPage","@id":"https:\/\/www.rr-law.com\/es\/faq-2\/","url":"https:\/\/www.rr-law.com\/es\/faq-2\/","name":"FAQ - RR-Law","isPartOf":{"@id":"https:\/\/www.rr-law.com\/#website"},"datePublished":"2020-05-09T16:25:34+00:00","dateModified":"2025-04-05T11:21:32+00:00","breadcrumb":{"@id":"https:\/\/www.rr-law.com\/es\/faq-2\/#breadcrumb"},"inLanguage":"es","potentialAction":[{"@type":"ReadAction","target":["https:\/\/www.rr-law.com\/es\/faq-2\/"]}]},{"@type":"BreadcrumbList","@id":"https:\/\/www.rr-law.com\/es\/faq-2\/#breadcrumb","itemListElement":[{"@type":"ListItem","position":1,"name":"Home","item":"https:\/\/www.rr-law.com\/es\/home\/"},{"@type":"ListItem","position":2,"name":"FAQ"}]},{"@type":"WebSite","@id":"https:\/\/www.rr-law.com\/#website","url":"https:\/\/www.rr-law.com\/","name":"RR-Law","description":"Medical Malpractice Law Firm, Schaumburg IL","potentialAction":[{"@type":"SearchAction","target":{"@type":"EntryPoint","urlTemplate":"https:\/\/www.rr-law.com\/?s={search_term_string}"},"query-input":{"@type":"PropertyValueSpecification","valueRequired":true,"valueName":"search_term_string"}}],"inLanguage":"es"}]}},"_links":{"self":[{"href":"https:\/\/www.rr-law.com\/es\/wp-json\/wp\/v2\/pages\/1277"}],"collection":[{"href":"https:\/\/www.rr-law.com\/es\/wp-json\/wp\/v2\/pages"}],"about":[{"href":"https:\/\/www.rr-law.com\/es\/wp-json\/wp\/v2\/types\/page"}],"author":[{"embeddable":true,"href":"https:\/\/www.rr-law.com\/es\/wp-json\/wp\/v2\/users\/1"}],"replies":[{"embeddable":true,"href":"https:\/\/www.rr-law.com\/es\/wp-json\/wp\/v2\/comments?post=1277"}],"version-history":[{"count":5,"href":"https:\/\/www.rr-law.com\/es\/wp-json\/wp\/v2\/pages\/1277\/revisions"}],"predecessor-version":[{"id":1323,"href":"https:\/\/www.rr-law.com\/es\/wp-json\/wp\/v2\/pages\/1277\/revisions\/1323"}],"wp:attachment":[{"href":"https:\/\/www.rr-law.com\/es\/wp-json\/wp\/v2\/media?parent=1277"}],"curies":[{"name":"wp","href":"https:\/\/api.w.org\/{rel}","templated":true}]}}