{"id":1283,"date":"2020-05-11T20:57:33","date_gmt":"2020-05-11T20:57:33","guid":{"rendered":"https:\/\/www.rr-law.com\/areas-de-practica\/errores-quirurgicos\/"},"modified":"2025-04-02T08:37:11","modified_gmt":"2025-04-02T08:37:11","slug":"errores-quirurgicos","status":"publish","type":"page","link":"https:\/\/www.rr-law.com\/es\/areas-de-practica\/errores-quirurgicos\/","title":{"rendered":"Errores quir\u00fargicos"},"content":{"rendered":"<div class=\"fusion-fullwidth fullwidth-box fusion-builder-row-1 nonhundred-percent-fullwidth non-hundred-percent-height-scrolling\" style=\"--awb-border-radius-top-left:0px;--awb-border-radius-top-right:0px;--awb-border-radius-bottom-right:0px;--awb-border-radius-bottom-left:0px;--awb-flex-wrap:wrap;\" ><div class=\"fusion-builder-row fusion-row\"><div class=\"fusion-layout-column fusion_builder_column fusion-builder-column-0 fusion_builder_column_1_1 1_1 fusion-one-full fusion-column-first fusion-column-last\" style=\"--awb-bg-size:cover;\"><div class=\"fusion-column-wrapper fusion-column-has-shadow fusion-flex-column-wrapper-legacy\"><div class=\"fusion-text fusion-text-1\"><h1><strong>Responsabilizar a los m\u00e9dicos por las lesiones de nacimiento<\/strong><\/h1>\n<p>Lamentablemente, los m\u00e9dicos y las enfermeras a veces lesionan a beb\u00e9s y madres biol\u00f3gicas en el momento del nacimiento de un beb\u00e9 debido a la negligencia. Algunos se recuperan completamente de estas lesiones, pero otros sufren discapacidades graves por vida, o mueren como resultado de sus lesiones. <\/p>\n<p>En Raymond &amp; Raymond, Ltd., tenemos casi 30 a\u00f1os de experiencia legal tratando con demandas por lesiones de nacimiento. Nuestra amplia experiencia incluye trabajar con expertos en obstetricia, medicina materno-fetal, neonatolog\u00eda, neurolog\u00eda pedi\u00e1trica, enfermedades infecciosas y neuro imagen pedi\u00e1trica. <\/p>\n<h2><strong>Lesiones que los reci\u00e9n nacidos pueden sufrir al nacer<\/strong><\/h2>\n<p>Las siguientes lesiones en reci\u00e9n nacidos pueden ser el resultado de negligencia m\u00e9dica:<\/p>\n<ul>\n<li><a href=\"https:\/\/www.rr-law.com\/medical-malpractice\/brain-injuries\/\">Sangrando en el cerebro<\/a><\/li>\n<li>hemorragia interventricular<\/li>\n<li>Par\u00e1lisis cerebral<\/li>\n<li>Puntaciones bajas de Apagar en el momento de parto<\/li>\n<li>Tono muscular bajo o flacidez<\/li>\n<li>S\u00edndrome de dificultad respiratoria (SDR)<\/li>\n<li>Deficiencia de surfactante<\/li>\n<li>S\u00edndrome de aspiraci\u00f3n de meconio<\/li>\n<li>Lesi\u00f3n de \u00f3rganos, especialmente de los ri\u00f1ones<\/li>\n<li>Infecciones<\/li>\n<li>P\u00e9rdida de sangre<\/li>\n<li>Fracturas de cr\u00e1neo<\/li>\n<li>Ingreso prolongado en la unidad de cuidados intensivos<\/li>\n<li>Neonatales acidosis metab\u00f3lica observada en el estudio de gasometr\u00eda del cord\u00f3n umbilical<\/li>\n<li>Hidrocefalia<\/li>\n<li>Retrasos en el desarrollo<\/li>\n<li>Accidente cerebrovascular<\/li>\n<li>Retraso mental<\/li>\n<\/ul>\n<p>Los da\u00f1os recuperados en este tipo de casos pueden necesitar cubrir tanto la atenci\u00f3n m\u00e9dica inmediata como la atenci\u00f3n en el futuro. Perm\u00edtanos revisar su reclamo y buscar la cantidad adecuada de compensaci\u00f3n para sus necesidades. <\/p>\n<h2><strong>Ejemplos de casos de lesiones de nacimiento:<\/strong><\/h2>\n<p>Los siguientes son ejemplos de casos de lesiones de nacimiento:<\/p>\n<ul>\n<li>Un obstetra retras\u00f3 una orden de parto por ces\u00e1rea a pesar de que el monitor electr\u00f3nico de frecuencia card\u00edaca fetal muestra al beb\u00e9 en dificultades. El retraso result\u00f3 en da\u00f1o cerebral y par\u00e1lisis cerebral. <\/li>\n<li>Un obstetra no diagnostic\u00f3 una colocaci\u00f3n anormal de la placenta, ni reaccion\u00f3 lo suficientemente r\u00e1pido cuando la madre de 32 a\u00f1os sufri\u00f3 una hemorragia masiva en el parto que result\u00f3 en su muerte.<\/li>\n<li>Una madre de 29 a\u00f1os y su beb\u00e9 murieron de pre eclampsia no diagnosticada y no tratada.<\/li>\n<li>Un obstetra, no diagnostic\u00f3 ni trat\u00f3 la condici\u00f3n de pre eclampsia de la madre, que result\u00f3 en da\u00f1o cerebral y par\u00e1lisis cerebral en el beb\u00e9.<\/li>\n<li>Un obstetra us\u00f3 fuerza excesiva al dar a luz a un beb\u00e9, causando lesi\u00f3n del plexo braquial, par\u00e1lisis de Erb y lesi\u00f3n permanente del nervio y retraso del crecimiento en el brazo del beb\u00e9.<\/li>\n<li>Despu\u00e9s del parto, los m\u00e9dicos no diagnosticaron la embolia de l\u00edquido amni\u00f3tico de la madre, lo que result\u00f3 en la muerte de la madre.<\/li>\n<\/ul>\n<p>Entendemos c\u00f3mo las lesiones graves pueden afectar a la familia. Perm\u00edtanos proveer el servicio legal que necesita para obtener una cantidad adecuada de compensaci\u00f3n. <\/p>\n<h2><strong>Hable con nuestro abogado altamente calificado en lesiones de nacimiento<\/strong><\/h2>\n<p>En Raymond &amp; Raymond, Ltd., ofrecemos un servicio legal integral que satisface sus necesidades en un momento extremadamente serio. Nuestros abogados de lesiones de nacimiento tienen una s\u00f3lida reputaci\u00f3n en y alrededor de Chicago. Obtenga una evaluaci\u00f3n de su caso en nuestra oficina de Schaumburg llamando al <a href=\"tel:+1-877-957-8830\">(800) 331-5753<\/a> o env\u00edenos esta <a href=\"https:\/\/www.rr-law.com\/contact\/\">simple solicitud de correo electr\u00f3nico<\/a>.  <\/p>\n<\/div><div class=\"fusion-clearfix\"><\/div><\/div><\/div><\/div><\/div>\n","protected":false},"excerpt":{"rendered":"","protected":false},"author":1,"featured_media":0,"parent":1280,"menu_order":0,"comment_status":"closed","ping_status":"closed","template":"","meta":{"two_page_speed":{"current_score":{"desktop_score":94,"desktop_tti":"0.9\u00a0","mobile_score":89,"mobile_tti":"3.4\u00a0","date":"02.04.2025 08:37:45 am","status":"completed"}},"footnotes":""},"class_list":["post-1283","page","type-page","status-publish","hentry"],"yoast_head":"<!-- This site is optimized with the Yoast SEO plugin v23.4 - https:\/\/yoast.com\/wordpress\/plugins\/seo\/ -->\n<title>Errores quir\u00fargicos - RR-Law<\/title>\n<meta name=\"robots\" content=\"index, follow, max-snippet:-1, max-image-preview:large, max-video-preview:-1\" \/>\n<link rel=\"canonical\" href=\"https:\/\/www.rr-law.com\/es\/areas-de-practica\/errores-quirurgicos\/\" \/>\n<meta property=\"og:locale\" content=\"es_ES\" \/>\n<meta property=\"og:type\" content=\"article\" \/>\n<meta property=\"og:title\" content=\"Errores quir\u00fargicos - RR-Law\" \/>\n<meta property=\"og:url\" content=\"https:\/\/www.rr-law.com\/es\/areas-de-practica\/errores-quirurgicos\/\" \/>\n<meta property=\"og:site_name\" content=\"RR-Law\" \/>\n<meta property=\"article:modified_time\" content=\"2025-04-02T08:37:11+00:00\" \/>\n<meta name=\"twitter:card\" content=\"summary_large_image\" \/>\n<meta name=\"twitter:label1\" content=\"Tiempo de lectura\" \/>\n\t<meta name=\"twitter:data1\" content=\"5 minutos\" \/>\n<script type=\"application\/ld+json\" class=\"yoast-schema-graph\">{\"@context\":\"https:\/\/schema.org\",\"@graph\":[{\"@type\":\"WebPage\",\"@id\":\"https:\/\/www.rr-law.com\/es\/areas-de-practica\/errores-quirurgicos\/\",\"url\":\"https:\/\/www.rr-law.com\/es\/areas-de-practica\/errores-quirurgicos\/\",\"name\":\"Errores quir\u00fargicos - RR-Law\",\"isPartOf\":{\"@id\":\"https:\/\/www.rr-law.com\/#website\"},\"datePublished\":\"2020-05-11T20:57:33+00:00\",\"dateModified\":\"2025-04-02T08:37:11+00:00\",\"breadcrumb\":{\"@id\":\"https:\/\/www.rr-law.com\/es\/areas-de-practica\/errores-quirurgicos\/#breadcrumb\"},\"inLanguage\":\"es\",\"potentialAction\":[{\"@type\":\"ReadAction\",\"target\":[\"https:\/\/www.rr-law.com\/es\/areas-de-practica\/errores-quirurgicos\/\"]}]},{\"@type\":\"BreadcrumbList\",\"@id\":\"https:\/\/www.rr-law.com\/es\/areas-de-practica\/errores-quirurgicos\/#breadcrumb\",\"itemListElement\":[{\"@type\":\"ListItem\",\"position\":1,\"name\":\"Home\",\"item\":\"https:\/\/www.rr-law.com\/es\/home\/\"},{\"@type\":\"ListItem\",\"position\":2,\"name\":\"\u00c1reas de Pr\u00e1ctica\",\"item\":\"https:\/\/www.rr-law.com\/es\/areas-de-practica\/\"},{\"@type\":\"ListItem\",\"position\":3,\"name\":\"Errores quir\u00fargicos\"}]},{\"@type\":\"WebSite\",\"@id\":\"https:\/\/www.rr-law.com\/#website\",\"url\":\"https:\/\/www.rr-law.com\/\",\"name\":\"RR-Law\",\"description\":\"Medical Malpractice Law Firm, Schaumburg IL\",\"potentialAction\":[{\"@type\":\"SearchAction\",\"target\":{\"@type\":\"EntryPoint\",\"urlTemplate\":\"https:\/\/www.rr-law.com\/?s={search_term_string}\"},\"query-input\":{\"@type\":\"PropertyValueSpecification\",\"valueRequired\":true,\"valueName\":\"search_term_string\"}}],\"inLanguage\":\"es\"}]}<\/script>\n<!-- \/ Yoast SEO plugin. -->","yoast_head_json":{"title":"Errores quir\u00fargicos - RR-Law","robots":{"index":"index","follow":"follow","max-snippet":"max-snippet:-1","max-image-preview":"max-image-preview:large","max-video-preview":"max-video-preview:-1"},"canonical":"https:\/\/www.rr-law.com\/es\/areas-de-practica\/errores-quirurgicos\/","og_locale":"es_ES","og_type":"article","og_title":"Errores quir\u00fargicos - RR-Law","og_url":"https:\/\/www.rr-law.com\/es\/areas-de-practica\/errores-quirurgicos\/","og_site_name":"RR-Law","article_modified_time":"2025-04-02T08:37:11+00:00","twitter_card":"summary_large_image","twitter_misc":{"Tiempo de lectura":"5 minutos"},"schema":{"@context":"https:\/\/schema.org","@graph":[{"@type":"WebPage","@id":"https:\/\/www.rr-law.com\/es\/areas-de-practica\/errores-quirurgicos\/","url":"https:\/\/www.rr-law.com\/es\/areas-de-practica\/errores-quirurgicos\/","name":"Errores quir\u00fargicos - RR-Law","isPartOf":{"@id":"https:\/\/www.rr-law.com\/#website"},"datePublished":"2020-05-11T20:57:33+00:00","dateModified":"2025-04-02T08:37:11+00:00","breadcrumb":{"@id":"https:\/\/www.rr-law.com\/es\/areas-de-practica\/errores-quirurgicos\/#breadcrumb"},"inLanguage":"es","potentialAction":[{"@type":"ReadAction","target":["https:\/\/www.rr-law.com\/es\/areas-de-practica\/errores-quirurgicos\/"]}]},{"@type":"BreadcrumbList","@id":"https:\/\/www.rr-law.com\/es\/areas-de-practica\/errores-quirurgicos\/#breadcrumb","itemListElement":[{"@type":"ListItem","position":1,"name":"Home","item":"https:\/\/www.rr-law.com\/es\/home\/"},{"@type":"ListItem","position":2,"name":"\u00c1reas de Pr\u00e1ctica","item":"https:\/\/www.rr-law.com\/es\/areas-de-practica\/"},{"@type":"ListItem","position":3,"name":"Errores quir\u00fargicos"}]},{"@type":"WebSite","@id":"https:\/\/www.rr-law.com\/#website","url":"https:\/\/www.rr-law.com\/","name":"RR-Law","description":"Medical Malpractice Law Firm, Schaumburg IL","potentialAction":[{"@type":"SearchAction","target":{"@type":"EntryPoint","urlTemplate":"https:\/\/www.rr-law.com\/?s={search_term_string}"},"query-input":{"@type":"PropertyValueSpecification","valueRequired":true,"valueName":"search_term_string"}}],"inLanguage":"es"}]}},"_links":{"self":[{"href":"https:\/\/www.rr-law.com\/es\/wp-json\/wp\/v2\/pages\/1283"}],"collection":[{"href":"https:\/\/www.rr-law.com\/es\/wp-json\/wp\/v2\/pages"}],"about":[{"href":"https:\/\/www.rr-law.com\/es\/wp-json\/wp\/v2\/types\/page"}],"author":[{"embeddable":true,"href":"https:\/\/www.rr-law.com\/es\/wp-json\/wp\/v2\/users\/1"}],"replies":[{"embeddable":true,"href":"https:\/\/www.rr-law.com\/es\/wp-json\/wp\/v2\/comments?post=1283"}],"version-history":[{"count":2,"href":"https:\/\/www.rr-law.com\/es\/wp-json\/wp\/v2\/pages\/1283\/revisions"}],"predecessor-version":[{"id":1285,"href":"https:\/\/www.rr-law.com\/es\/wp-json\/wp\/v2\/pages\/1283\/revisions\/1285"}],"up":[{"embeddable":true,"href":"https:\/\/www.rr-law.com\/es\/wp-json\/wp\/v2\/pages\/1280"}],"wp:attachment":[{"href":"https:\/\/www.rr-law.com\/es\/wp-json\/wp\/v2\/media?parent=1283"}],"curies":[{"name":"wp","href":"https:\/\/api.w.org\/{rel}","templated":true}]}}