{"id":1290,"date":"2020-05-11T20:55:29","date_gmt":"2020-05-11T20:55:29","guid":{"rendered":"https:\/\/www.rr-law.com\/areas-de-practica\/errores-durante-la-cirugia\/"},"modified":"2025-04-02T10:38:26","modified_gmt":"2025-04-02T10:38:26","slug":"errores-durante-la-cirugia","status":"publish","type":"page","link":"https:\/\/www.rr-law.com\/es\/areas-de-practica\/errores-durante-la-cirugia\/","title":{"rendered":"Errores durante la cirug\u00eda"},"content":{"rendered":"<div class=\"fusion-fullwidth fullwidth-box fusion-builder-row-1 nonhundred-percent-fullwidth non-hundred-percent-height-scrolling\" style=\"--awb-border-radius-top-left:0px;--awb-border-radius-top-right:0px;--awb-border-radius-bottom-right:0px;--awb-border-radius-bottom-left:0px;--awb-flex-wrap:wrap;\" ><div class=\"fusion-builder-row fusion-row\"><div class=\"fusion-layout-column fusion_builder_column fusion-builder-column-0 fusion_builder_column_1_1 1_1 fusion-one-full fusion-column-first fusion-column-last\" style=\"--awb-bg-size:cover;\"><div class=\"fusion-column-wrapper fusion-column-has-shadow fusion-flex-column-wrapper-legacy\"><div class=\"fusion-text fusion-text-1\"><h1>Perseguimos Justicia por Errores Quir\u00fargicos<\/h1>\n<p>Pasar por incluso la cirug\u00eda m\u00e1s leve puede ser un momento emocional y aterrador. Usted espera que el resultado sea positivo y que est\u00e9 en el camino hacia la recuperaci\u00f3n. Pero la negligencia por parte de su cirujano u otro personal m\u00e9dico puede conducir a problemas de salud graves que no esperaba.  <\/p>\n<p>Los abogados de negligencia m\u00e9dica de Raymond &amp; Raymond, Ltd., entienden lo grave que puede ser un resultado quir\u00fargico inesperado, especialmente si el profesional de confianza es negligente. Por m\u00e1s de 28 a\u00f1os, hemos representado a las v\u00edctimas de errores quir\u00fargicos que buscan la compensaci\u00f3n financiera que merecen. <\/p>\n<h2>Tipos comunes de errores quir\u00fargicos<\/h2>\n<p>Nuestros abogados han visto estos tipos comunes de errores quir\u00fargicos:<\/p>\n<ul>\n<li>Corte incorrecto de la estructura durante la cirug\u00eda<\/li>\n<li>Mal funcionamiento del equipo que resulta en sangrado incontrolado y muerte<\/li>\n<li>La presi\u00f3n arterial se vuelve demasiado baja, lo que resulta en da\u00f1o cerebral<\/li>\n<li>Lesi\u00f3n del nervio durante la cirug\u00eda en \u00e1reas no involucradas en la cirug\u00eda<\/li>\n<li>Errores de anestesia<\/li>\n<li>Complicaciones de la cirug\u00eda, como una hemorragia, que no se descubren y corrigen con prontitud, lo que resulta en la muerte del paciente.<\/li>\n<\/ul>\n<h2>Ejemplos de casos de Error Quir\u00fargico<\/h2>\n<p>Hemos ayudado a numerosos pacientes a buscar una compensaci\u00f3n financiera debido a la negligencia m\u00e9dica, incluidos los errores quir\u00fargicos. Estos son algunos ejemplos de los tipos de casos de Error Quir\u00fargico: <\/p>\n<ul>\n<li>Un cirujano lesion\u00f3 el h\u00edgado y los conductos biliares durante una extirpaci\u00f3n de la ves\u00edcula biliar por laparoscopia, causando una infecci\u00f3n grave y una lesi\u00f3n permanente en el h\u00edgado a un ni\u00f1o de 28 a\u00f1os. Esto requiri\u00f3 una segunda operaci\u00f3n y una hospitalizaci\u00f3n prolongada. <\/li>\n<li>Un paciente de 5 a\u00f1os de edad fue gravemente quemado durante la cirug\u00eda cuando el cirujano encendi\u00f3 una soluci\u00f3n de alcohol con un dispositivo de cauterio.<\/li>\n<li>Un cirujano cort\u00f3 una estructura antes de identificar la estructura, lo que result\u00f3 en una hemorragia masiva de un paciente de 42 a\u00f1os, da\u00f1o nervioso y par\u00e1lisis.<\/li>\n<li>Inmediatamente despu\u00e9s de la cirug\u00eda, un anestesi\u00f3logo sac\u00f3 a un paciente de 45 a\u00f1os de un ventilador demasiado pronto, causando una lesi\u00f3n cerebral hipoxia.<\/li>\n<li>Durante el parto por ces\u00e1rea, un anestesi\u00f3logo y el ARRC permitieron que la presi\u00f3n arterial de la madre permaneciera peligrosamente baja, causando da\u00f1o cerebral, da\u00f1o en los \u00f3rganos multisist\u00e9micos y la muerte un d\u00eda despu\u00e9s.<\/li>\n<li>Un cirujano esper\u00f3 demasiado tiempo para operar a un paciente de 78 a\u00f1os con una obstrucci\u00f3n del intestino delgado que result\u00f3 en la muerte del intestino delgado y una infecci\u00f3n masiva que mat\u00f3 al paciente.<\/li>\n<li>Despu\u00e9s de la cirug\u00eda del ap\u00e9ndice, un paciente de 32 a\u00f1os comenz\u00f3 a sangrar en su abdomen, pero los m\u00e9dicos y enfermeras no se dieron cuenta hasta que el paciente sufri\u00f3 un arresto y muri\u00f3.<\/li>\n<\/ul>\n<h2>Buscando la Compensaci\u00f3n que Usted Merece<\/h2>\n<p>Programe una evaluaci\u00f3n cara a cara de su caso y aprender c\u00f3mo podemos ayudarle a salir de su dificultad m\u00e9dica. Llame al <a href=\"tel:+1-877-957-8830\">(800) 331-5753<\/a> o env\u00edenos una solicitud por correo <a href=\"https:\/\/www.rr-law.com\/contact\/\">electr\u00f3nico<\/a> hoy para una consulta con un abogado experimentado que pueda abogar por usted.<\/p>\n<\/div><div class=\"fusion-clearfix\"><\/div><\/div><\/div><\/div><\/div>\n","protected":false},"excerpt":{"rendered":"","protected":false},"author":1,"featured_media":0,"parent":1280,"menu_order":0,"comment_status":"closed","ping_status":"closed","template":"","meta":{"two_page_speed":{"current_score":{"desktop_score":93,"desktop_tti":"0.8\u00a0","mobile_score":90,"mobile_tti":"3.4\u00a0","date":"02.04.2025 10:38:59 am","status":"completed"}},"footnotes":""},"class_list":["post-1290","page","type-page","status-publish","hentry"],"yoast_head":"<!-- This site is optimized with the Yoast SEO plugin v23.4 - https:\/\/yoast.com\/wordpress\/plugins\/seo\/ -->\n<title>Errores durante la cirug\u00eda - RR-Law<\/title>\n<meta name=\"robots\" content=\"index, follow, max-snippet:-1, max-image-preview:large, max-video-preview:-1\" \/>\n<link rel=\"canonical\" href=\"https:\/\/www.rr-law.com\/es\/areas-de-practica\/errores-durante-la-cirugia\/\" \/>\n<meta property=\"og:locale\" content=\"es_ES\" \/>\n<meta property=\"og:type\" content=\"article\" \/>\n<meta property=\"og:title\" content=\"Errores durante la cirug\u00eda - RR-Law\" \/>\n<meta property=\"og:url\" content=\"https:\/\/www.rr-law.com\/es\/areas-de-practica\/errores-durante-la-cirugia\/\" \/>\n<meta property=\"og:site_name\" content=\"RR-Law\" \/>\n<meta property=\"article:modified_time\" content=\"2025-04-02T10:38:26+00:00\" \/>\n<meta name=\"twitter:card\" content=\"summary_large_image\" \/>\n<meta name=\"twitter:label1\" content=\"Tiempo de lectura\" \/>\n\t<meta name=\"twitter:data1\" content=\"5 minutos\" \/>\n<script type=\"application\/ld+json\" class=\"yoast-schema-graph\">{\"@context\":\"https:\/\/schema.org\",\"@graph\":[{\"@type\":\"WebPage\",\"@id\":\"https:\/\/www.rr-law.com\/es\/areas-de-practica\/errores-durante-la-cirugia\/\",\"url\":\"https:\/\/www.rr-law.com\/es\/areas-de-practica\/errores-durante-la-cirugia\/\",\"name\":\"Errores durante la cirug\u00eda - RR-Law\",\"isPartOf\":{\"@id\":\"https:\/\/www.rr-law.com\/#website\"},\"datePublished\":\"2020-05-11T20:55:29+00:00\",\"dateModified\":\"2025-04-02T10:38:26+00:00\",\"breadcrumb\":{\"@id\":\"https:\/\/www.rr-law.com\/es\/areas-de-practica\/errores-durante-la-cirugia\/#breadcrumb\"},\"inLanguage\":\"es\",\"potentialAction\":[{\"@type\":\"ReadAction\",\"target\":[\"https:\/\/www.rr-law.com\/es\/areas-de-practica\/errores-durante-la-cirugia\/\"]}]},{\"@type\":\"BreadcrumbList\",\"@id\":\"https:\/\/www.rr-law.com\/es\/areas-de-practica\/errores-durante-la-cirugia\/#breadcrumb\",\"itemListElement\":[{\"@type\":\"ListItem\",\"position\":1,\"name\":\"Home\",\"item\":\"https:\/\/www.rr-law.com\/es\/home\/\"},{\"@type\":\"ListItem\",\"position\":2,\"name\":\"\u00c1reas de Pr\u00e1ctica\",\"item\":\"https:\/\/www.rr-law.com\/es\/areas-de-practica\/\"},{\"@type\":\"ListItem\",\"position\":3,\"name\":\"Errores durante la cirug\u00eda\"}]},{\"@type\":\"WebSite\",\"@id\":\"https:\/\/www.rr-law.com\/#website\",\"url\":\"https:\/\/www.rr-law.com\/\",\"name\":\"RR-Law\",\"description\":\"Medical Malpractice Law Firm, Schaumburg IL\",\"potentialAction\":[{\"@type\":\"SearchAction\",\"target\":{\"@type\":\"EntryPoint\",\"urlTemplate\":\"https:\/\/www.rr-law.com\/?s={search_term_string}\"},\"query-input\":{\"@type\":\"PropertyValueSpecification\",\"valueRequired\":true,\"valueName\":\"search_term_string\"}}],\"inLanguage\":\"es\"}]}<\/script>\n<!-- \/ Yoast SEO plugin. -->","yoast_head_json":{"title":"Errores durante la cirug\u00eda - RR-Law","robots":{"index":"index","follow":"follow","max-snippet":"max-snippet:-1","max-image-preview":"max-image-preview:large","max-video-preview":"max-video-preview:-1"},"canonical":"https:\/\/www.rr-law.com\/es\/areas-de-practica\/errores-durante-la-cirugia\/","og_locale":"es_ES","og_type":"article","og_title":"Errores durante la cirug\u00eda - RR-Law","og_url":"https:\/\/www.rr-law.com\/es\/areas-de-practica\/errores-durante-la-cirugia\/","og_site_name":"RR-Law","article_modified_time":"2025-04-02T10:38:26+00:00","twitter_card":"summary_large_image","twitter_misc":{"Tiempo de lectura":"5 minutos"},"schema":{"@context":"https:\/\/schema.org","@graph":[{"@type":"WebPage","@id":"https:\/\/www.rr-law.com\/es\/areas-de-practica\/errores-durante-la-cirugia\/","url":"https:\/\/www.rr-law.com\/es\/areas-de-practica\/errores-durante-la-cirugia\/","name":"Errores durante la cirug\u00eda - RR-Law","isPartOf":{"@id":"https:\/\/www.rr-law.com\/#website"},"datePublished":"2020-05-11T20:55:29+00:00","dateModified":"2025-04-02T10:38:26+00:00","breadcrumb":{"@id":"https:\/\/www.rr-law.com\/es\/areas-de-practica\/errores-durante-la-cirugia\/#breadcrumb"},"inLanguage":"es","potentialAction":[{"@type":"ReadAction","target":["https:\/\/www.rr-law.com\/es\/areas-de-practica\/errores-durante-la-cirugia\/"]}]},{"@type":"BreadcrumbList","@id":"https:\/\/www.rr-law.com\/es\/areas-de-practica\/errores-durante-la-cirugia\/#breadcrumb","itemListElement":[{"@type":"ListItem","position":1,"name":"Home","item":"https:\/\/www.rr-law.com\/es\/home\/"},{"@type":"ListItem","position":2,"name":"\u00c1reas de Pr\u00e1ctica","item":"https:\/\/www.rr-law.com\/es\/areas-de-practica\/"},{"@type":"ListItem","position":3,"name":"Errores durante la cirug\u00eda"}]},{"@type":"WebSite","@id":"https:\/\/www.rr-law.com\/#website","url":"https:\/\/www.rr-law.com\/","name":"RR-Law","description":"Medical Malpractice Law Firm, Schaumburg IL","potentialAction":[{"@type":"SearchAction","target":{"@type":"EntryPoint","urlTemplate":"https:\/\/www.rr-law.com\/?s={search_term_string}"},"query-input":{"@type":"PropertyValueSpecification","valueRequired":true,"valueName":"search_term_string"}}],"inLanguage":"es"}]}},"_links":{"self":[{"href":"https:\/\/www.rr-law.com\/es\/wp-json\/wp\/v2\/pages\/1290"}],"collection":[{"href":"https:\/\/www.rr-law.com\/es\/wp-json\/wp\/v2\/pages"}],"about":[{"href":"https:\/\/www.rr-law.com\/es\/wp-json\/wp\/v2\/types\/page"}],"author":[{"embeddable":true,"href":"https:\/\/www.rr-law.com\/es\/wp-json\/wp\/v2\/users\/1"}],"replies":[{"embeddable":true,"href":"https:\/\/www.rr-law.com\/es\/wp-json\/wp\/v2\/comments?post=1290"}],"version-history":[{"count":2,"href":"https:\/\/www.rr-law.com\/es\/wp-json\/wp\/v2\/pages\/1290\/revisions"}],"predecessor-version":[{"id":1292,"href":"https:\/\/www.rr-law.com\/es\/wp-json\/wp\/v2\/pages\/1290\/revisions\/1292"}],"up":[{"embeddable":true,"href":"https:\/\/www.rr-law.com\/es\/wp-json\/wp\/v2\/pages\/1280"}],"wp:attachment":[{"href":"https:\/\/www.rr-law.com\/es\/wp-json\/wp\/v2\/media?parent=1290"}],"curies":[{"name":"wp","href":"https:\/\/api.w.org\/{rel}","templated":true}]}}