{"id":1293,"date":"2020-05-11T20:55:53","date_gmt":"2020-05-11T20:55:53","guid":{"rendered":"https:\/\/www.rr-law.com\/areas-de-practica\/errores-del-hospital-personal-de-enfermeria\/"},"modified":"2025-04-02T09:15:20","modified_gmt":"2025-04-02T09:15:20","slug":"errores-del-hospital-personal-de-enfermeria","status":"publish","type":"page","link":"https:\/\/www.rr-law.com\/es\/areas-de-practica\/errores-del-hospital-personal-de-enfermeria\/","title":{"rendered":"Errores del hospital \/ personal de enfermer\u00eda"},"content":{"rendered":"<div class=\"fusion-fullwidth fullwidth-box fusion-builder-row-1 nonhundred-percent-fullwidth non-hundred-percent-height-scrolling\" style=\"--awb-border-radius-top-left:0px;--awb-border-radius-top-right:0px;--awb-border-radius-bottom-right:0px;--awb-border-radius-bottom-left:0px;--awb-flex-wrap:wrap;\" ><div class=\"fusion-builder-row fusion-row\"><div class=\"fusion-layout-column fusion_builder_column fusion-builder-column-0 fusion_builder_column_1_1 1_1 fusion-one-full fusion-column-first fusion-column-last\" style=\"--awb-bg-size:cover;\"><div class=\"fusion-column-wrapper fusion-column-has-shadow fusion-flex-column-wrapper-legacy\"><div class=\"fusion-text fusion-text-1\"><h1>Errores del hospital \/ personal de enfermer\u00eda<\/h1>\n<p>Nuestros abogados han representado a pacientes lesionados por negligencia hospitalaria y de enfermer\u00eda. Las personas son hospitalizadas porque necesitan altos niveles de atenci\u00f3n de un grupo de profesionales de la salud, incluyendo m\u00e9dicos de atenci\u00f3n primaria, especialistas, enfermeras, terapeutas y personal de laboratorio. Los m\u00e9dicos y terapeutas solo ven a los pacientes hospitalizados brevemente; es el trabajo de las enfermeras proporcionar atenci\u00f3n las 24 horas del d\u00eda, y notar cuando los pacientes toman un giro para peor. Desafortunadamente, algunos hospitales exigen que sus enfermeras atiendan a demasiados pacientes, por lo que se cometen errores: el cambio de condici\u00f3n de un paciente no se nota hasta que es demasiado tarde, se administra un medicamento en la dosis incorrecta que hiere al paciente, o se sigue ciegamente el mal orden de un m\u00e9dico en lugar de que la enfermera use su educaci\u00f3n, experiencia y juicio para abogar por su paciente.   <\/p>\n<p>Aqu\u00ed hay algunos ejemplos que nuestros abogados han visto de negligencia hospitalaria y de enfermer\u00eda:<\/p>\n<ul class=\"rr-ul\">\n<li>Las enfermeras de no monitorearon cuidadosamente el nivel de glucosa del paciente de la unidad de cuidados intensivos de 60 a\u00f1os, lo que result\u00f3 en un derrame cerebral y da\u00f1o cerebral.<\/li>\n<li>El retraso de las enfermeras en responder a la alarma de ventilaci\u00f3n rota result\u00f3 en un paciente de 66 a\u00f1os de edad que sufre da\u00f1o cerebral por falta de ox\u00edgeno.<\/li>\n<li>Paciente psiqui\u00e1trico no supervisado se suicida a pesar de estar bajo vigilancia suicida.<\/li>\n<li>La enfermera malinterpret\u00f3 la orden del m\u00e9dico y le dio a un paciente de 10 a\u00f1os cien veces la dosis ordenada que result\u00f3 en la muerte.<\/li>\n<li>Las enfermeras permitieron que la IV se filtrara en la parte posterior de la mano del paciente de 45 a\u00f1os, lo que result\u00f3 en da\u00f1o permanente a los nervios.<\/li>\n<li>Las enfermeras no limpiaron adecuadamente el tubo de traqueostom\u00eda, que se obstruy\u00f3 con la mucosidad del paciente de 23 a\u00f1os, lo que result\u00f3 en da\u00f1o cerebral por falta de ox\u00edgeno.<\/li>\n<li>La enfermera utiliz\u00f3 la bomba IV para adultos en el reci\u00e9n nacido en la Unidad de Cuidados Intensivos Neonatales, lo que result\u00f3 en sobrecarga de l\u00edquido, sangrado cerebral y da\u00f1o cerebral permanente.<\/li>\n<li>La enfermera no llam\u00f3 inmediatamente al m\u00e9dico cuando la frecuencia card\u00edaca del paciente de 66 a\u00f1os de edad aument\u00f3 r\u00e1pidamente con una ca\u00edda en la presi\u00f3n arterial que result\u00f3 en un paro cardiopulmonar, un intento de reanimaci\u00f3n ineficaz y la muerte.<\/li>\n<li>Los m\u00e9dicos y enfermeras del Departamento de Emergencias no realizaron las pruebas adecuadas durante varias horas a un hombre de mediana edad que acudi\u00f3 a la sala de emergencias con 10\/10 dolores en el pecho. Sufri\u00f3 un infarto. El retraso caus\u00f3 una lesi\u00f3n card\u00edaca permanente. <\/li>\n<li>Los m\u00e9dicos y enfermeras del Departamento de Emergencias no identificaron a un paciente que estaba sufriendo un accidente cerebrovascular de manera oportuna y, sin un tratamiento oportuno, el accidente cerebrovascular caus\u00f3 una lesi\u00f3n cerebral permanente.<\/li>\n<li>Un hospital comunitario no transfiri\u00f3 a un paciente complicado a un hospital m\u00e1s grande con m\u00e1s recursos. En cambio, poniendo las ganancias del hospital por encima del paciente, el paciente recibi\u00f3 una atenci\u00f3n inferior a la est\u00e1ndar y muri\u00f3 en el hospital. <\/li>\n<li>Un paciente fue al hospital para realizar pruebas de detecci\u00f3n del c\u00e1ncer y le tomaron im\u00e1genes radiol\u00f3gicas. Al paciente le dijeron que no ten\u00eda c\u00e1ncer. Meses despu\u00e9s el paciente fue examinado nuevamente y se encontr\u00f3 c\u00e1ncer. Mirando hacia atr\u00e1s, los m\u00e9dicos pudieron ver que el paciente ten\u00eda un c\u00e1ncer que era visible en los estudios de im\u00e1genes radiol\u00f3gicas anteriores que se omitieron. El paciente falleci\u00f3 como consecuencia del retraso en el diagn\u00f3stico y tratamiento del c\u00e1ncer.    <\/li>\n<\/ul>\n<\/div><div class=\"fusion-clearfix\"><\/div><\/div><\/div><\/div><\/div>\n","protected":false},"excerpt":{"rendered":"","protected":false},"author":1,"featured_media":0,"parent":1280,"menu_order":0,"comment_status":"closed","ping_status":"closed","template":"","meta":{"two_page_speed":{"current_score":{"desktop_score":95,"desktop_tti":"0.8\u00a0","mobile_score":93,"mobile_tti":"3.4\u00a0","date":"02.04.2025 09:15:52 am","status":"completed"}},"footnotes":""},"class_list":["post-1293","page","type-page","status-publish","hentry"],"yoast_head":"<!-- This site is optimized with the Yoast SEO plugin v23.4 - https:\/\/yoast.com\/wordpress\/plugins\/seo\/ -->\n<title>Errores del hospital \/ personal de enfermer\u00eda - RR-Law<\/title>\n<meta name=\"robots\" content=\"index, follow, max-snippet:-1, max-image-preview:large, max-video-preview:-1\" \/>\n<link rel=\"canonical\" href=\"https:\/\/www.rr-law.com\/es\/areas-de-practica\/errores-del-hospital-personal-de-enfermeria\/\" \/>\n<meta property=\"og:locale\" content=\"es_ES\" \/>\n<meta property=\"og:type\" content=\"article\" \/>\n<meta property=\"og:title\" content=\"Errores del hospital \/ personal de enfermer\u00eda - RR-Law\" \/>\n<meta property=\"og:url\" content=\"https:\/\/www.rr-law.com\/es\/areas-de-practica\/errores-del-hospital-personal-de-enfermeria\/\" \/>\n<meta property=\"og:site_name\" content=\"RR-Law\" \/>\n<meta property=\"article:modified_time\" content=\"2025-04-02T09:15:20+00:00\" \/>\n<meta name=\"twitter:card\" content=\"summary_large_image\" \/>\n<meta name=\"twitter:label1\" content=\"Tiempo de lectura\" \/>\n\t<meta name=\"twitter:data1\" content=\"5 minutos\" \/>\n<script type=\"application\/ld+json\" class=\"yoast-schema-graph\">{\"@context\":\"https:\/\/schema.org\",\"@graph\":[{\"@type\":\"WebPage\",\"@id\":\"https:\/\/www.rr-law.com\/es\/areas-de-practica\/errores-del-hospital-personal-de-enfermeria\/\",\"url\":\"https:\/\/www.rr-law.com\/es\/areas-de-practica\/errores-del-hospital-personal-de-enfermeria\/\",\"name\":\"Errores del hospital \/ personal de enfermer\u00eda - RR-Law\",\"isPartOf\":{\"@id\":\"https:\/\/www.rr-law.com\/#website\"},\"datePublished\":\"2020-05-11T20:55:53+00:00\",\"dateModified\":\"2025-04-02T09:15:20+00:00\",\"breadcrumb\":{\"@id\":\"https:\/\/www.rr-law.com\/es\/areas-de-practica\/errores-del-hospital-personal-de-enfermeria\/#breadcrumb\"},\"inLanguage\":\"es\",\"potentialAction\":[{\"@type\":\"ReadAction\",\"target\":[\"https:\/\/www.rr-law.com\/es\/areas-de-practica\/errores-del-hospital-personal-de-enfermeria\/\"]}]},{\"@type\":\"BreadcrumbList\",\"@id\":\"https:\/\/www.rr-law.com\/es\/areas-de-practica\/errores-del-hospital-personal-de-enfermeria\/#breadcrumb\",\"itemListElement\":[{\"@type\":\"ListItem\",\"position\":1,\"name\":\"Home\",\"item\":\"https:\/\/www.rr-law.com\/es\/home\/\"},{\"@type\":\"ListItem\",\"position\":2,\"name\":\"\u00c1reas de Pr\u00e1ctica\",\"item\":\"https:\/\/www.rr-law.com\/es\/areas-de-practica\/\"},{\"@type\":\"ListItem\",\"position\":3,\"name\":\"Errores del hospital \/ personal de enfermer\u00eda\"}]},{\"@type\":\"WebSite\",\"@id\":\"https:\/\/www.rr-law.com\/#website\",\"url\":\"https:\/\/www.rr-law.com\/\",\"name\":\"RR-Law\",\"description\":\"Medical Malpractice Law Firm, Schaumburg IL\",\"potentialAction\":[{\"@type\":\"SearchAction\",\"target\":{\"@type\":\"EntryPoint\",\"urlTemplate\":\"https:\/\/www.rr-law.com\/?s={search_term_string}\"},\"query-input\":{\"@type\":\"PropertyValueSpecification\",\"valueRequired\":true,\"valueName\":\"search_term_string\"}}],\"inLanguage\":\"es\"}]}<\/script>\n<!-- \/ Yoast SEO plugin. -->","yoast_head_json":{"title":"Errores del hospital \/ personal de enfermer\u00eda - RR-Law","robots":{"index":"index","follow":"follow","max-snippet":"max-snippet:-1","max-image-preview":"max-image-preview:large","max-video-preview":"max-video-preview:-1"},"canonical":"https:\/\/www.rr-law.com\/es\/areas-de-practica\/errores-del-hospital-personal-de-enfermeria\/","og_locale":"es_ES","og_type":"article","og_title":"Errores del hospital \/ personal de enfermer\u00eda - RR-Law","og_url":"https:\/\/www.rr-law.com\/es\/areas-de-practica\/errores-del-hospital-personal-de-enfermeria\/","og_site_name":"RR-Law","article_modified_time":"2025-04-02T09:15:20+00:00","twitter_card":"summary_large_image","twitter_misc":{"Tiempo de lectura":"5 minutos"},"schema":{"@context":"https:\/\/schema.org","@graph":[{"@type":"WebPage","@id":"https:\/\/www.rr-law.com\/es\/areas-de-practica\/errores-del-hospital-personal-de-enfermeria\/","url":"https:\/\/www.rr-law.com\/es\/areas-de-practica\/errores-del-hospital-personal-de-enfermeria\/","name":"Errores del hospital \/ personal de enfermer\u00eda - RR-Law","isPartOf":{"@id":"https:\/\/www.rr-law.com\/#website"},"datePublished":"2020-05-11T20:55:53+00:00","dateModified":"2025-04-02T09:15:20+00:00","breadcrumb":{"@id":"https:\/\/www.rr-law.com\/es\/areas-de-practica\/errores-del-hospital-personal-de-enfermeria\/#breadcrumb"},"inLanguage":"es","potentialAction":[{"@type":"ReadAction","target":["https:\/\/www.rr-law.com\/es\/areas-de-practica\/errores-del-hospital-personal-de-enfermeria\/"]}]},{"@type":"BreadcrumbList","@id":"https:\/\/www.rr-law.com\/es\/areas-de-practica\/errores-del-hospital-personal-de-enfermeria\/#breadcrumb","itemListElement":[{"@type":"ListItem","position":1,"name":"Home","item":"https:\/\/www.rr-law.com\/es\/home\/"},{"@type":"ListItem","position":2,"name":"\u00c1reas de Pr\u00e1ctica","item":"https:\/\/www.rr-law.com\/es\/areas-de-practica\/"},{"@type":"ListItem","position":3,"name":"Errores del hospital \/ personal de enfermer\u00eda"}]},{"@type":"WebSite","@id":"https:\/\/www.rr-law.com\/#website","url":"https:\/\/www.rr-law.com\/","name":"RR-Law","description":"Medical Malpractice Law Firm, Schaumburg IL","potentialAction":[{"@type":"SearchAction","target":{"@type":"EntryPoint","urlTemplate":"https:\/\/www.rr-law.com\/?s={search_term_string}"},"query-input":{"@type":"PropertyValueSpecification","valueRequired":true,"valueName":"search_term_string"}}],"inLanguage":"es"}]}},"_links":{"self":[{"href":"https:\/\/www.rr-law.com\/es\/wp-json\/wp\/v2\/pages\/1293"}],"collection":[{"href":"https:\/\/www.rr-law.com\/es\/wp-json\/wp\/v2\/pages"}],"about":[{"href":"https:\/\/www.rr-law.com\/es\/wp-json\/wp\/v2\/types\/page"}],"author":[{"embeddable":true,"href":"https:\/\/www.rr-law.com\/es\/wp-json\/wp\/v2\/users\/1"}],"replies":[{"embeddable":true,"href":"https:\/\/www.rr-law.com\/es\/wp-json\/wp\/v2\/comments?post=1293"}],"version-history":[{"count":2,"href":"https:\/\/www.rr-law.com\/es\/wp-json\/wp\/v2\/pages\/1293\/revisions"}],"predecessor-version":[{"id":1295,"href":"https:\/\/www.rr-law.com\/es\/wp-json\/wp\/v2\/pages\/1293\/revisions\/1295"}],"up":[{"embeddable":true,"href":"https:\/\/www.rr-law.com\/es\/wp-json\/wp\/v2\/pages\/1280"}],"wp:attachment":[{"href":"https:\/\/www.rr-law.com\/es\/wp-json\/wp\/v2\/media?parent=1293"}],"curies":[{"name":"wp","href":"https:\/\/api.w.org\/{rel}","templated":true}]}}