{"id":1296,"date":"2020-05-11T20:57:14","date_gmt":"2020-05-11T20:57:14","guid":{"rendered":"https:\/\/www.rr-law.com\/areas-de-practica\/lesiones-del-cerebro\/"},"modified":"2025-04-06T08:08:39","modified_gmt":"2025-04-06T08:08:39","slug":"lesiones-del-cerebro","status":"publish","type":"page","link":"https:\/\/www.rr-law.com\/es\/areas-de-practica\/lesiones-del-cerebro\/","title":{"rendered":"Lesiones del cerebro"},"content":{"rendered":"<div class=\"fusion-fullwidth fullwidth-box fusion-builder-row-1 nonhundred-percent-fullwidth non-hundred-percent-height-scrolling\" style=\"--awb-border-radius-top-left:0px;--awb-border-radius-top-right:0px;--awb-border-radius-bottom-right:0px;--awb-border-radius-bottom-left:0px;--awb-flex-wrap:wrap;\" ><div class=\"fusion-builder-row fusion-row\"><div class=\"fusion-layout-column fusion_builder_column fusion-builder-column-0 fusion_builder_column_1_1 1_1 fusion-one-full fusion-column-first fusion-column-last\" style=\"--awb-bg-size:cover;\"><div class=\"fusion-column-wrapper fusion-column-has-shadow fusion-flex-column-wrapper-legacy\"><div class=\"fusion-text fusion-text-1\"><h1><strong>Recuperaci\u00f3n de da\u00f1os por lesiones cerebrales graves<\/strong><\/h1>\n<p>Una lesi\u00f3n cerebral es una de las lesiones m\u00e1s catastr\u00f3ficas que pueden resultar de un accidente. Solo un resbal\u00f3n en la ducha puede causar una lesi\u00f3n que cambia la vida en segundos. Si su m\u00e9dico no diagnostica una hemorragia cerebral, o diagnostica el problema d\u00edas despu\u00e9s &#8211; puede causar efectos devastadores como da\u00f1o cerebral, par\u00e1lisis e incluso la muerte. Los abogados de negligencia m\u00e9dica de Raymond &amp; Raymond, Ltd., se dedican a buscar justicia para aquellos con errores de diagn\u00f3stico de trauma cerebral. Si su m\u00e9dico cometi\u00f3 un error, es posible que pueda recuperar los da\u00f1os. Hable con nosotros hoy.     <\/p>\n<h2><strong>Tipos de lesiones cerebrales a veces causadas por profesionales m\u00e9dicos<\/strong><\/h2>\n<p>El cerebro controla todo tu cuerpo. Cuando el sistema nervioso central est\u00e1 da\u00f1ado, puede sufrir una serie de condiciones que cambian la vida. Nuestro equipo comprometido maneja casos graves de lesiones cerebrales causadas por estos y otros factores Infecci\u00f3n  <\/p>\n<ul>\n<li>Infecci\u00f3n<\/li>\n<li><a href=\"https:\/\/www.rr-law.com\/practice-areas\/medication-mistakes\/\"><a href=\"https:\/\/www.rr-law.com\/practice-areas\/medication-mistakes\/\">Errores de medicaci\u00f3n<\/a><\/a><\/li>\n<li>Errores quir\u00fargicos<\/li>\n<li>Errores de anestesia<\/li>\n<li><a href=\"https:\/\/www.rr-law.com\/practice-areas\/birth-injuries\/\"><a href=\"https:\/\/www.rr-law.com\/practice-areas\/birth-injuries\/\">Lesiones de nacimiento<\/a><\/a><\/li>\n<li>Falta de diagn\u00f3stico<\/li>\n<li>Falta de ox\u00edgeno<\/li>\n<\/ul>\n<p>El error de un <a href=\"https:\/\/www.rr-law.com\/practice-areas\/hospital-nursing-staff-errors\/\">m\u00e9dico puede<\/a> resultar en lesiones tan graves que usted nunca volver\u00e1 a trabajar. \u00bfC\u00f3mo va a proveer para su familia y usted mismo? \u00bfC\u00f3mo pagar\u00e1 por su atenci\u00f3n m\u00e9dica? El equipo de Raymond &amp; Raymond, Ltd., puede luchar por una compensaci\u00f3n para ayudarle a proveer para sus seres queridos y a usted mismo.  <\/p>\n<h2><strong>Efectos de Lesiones Cerebrales<\/strong><\/h2>\n<p>Con un equipo de m\u00e9dicos y una enfermera convertida en abogado, podemos estudiar cada detalle de su situaci\u00f3n, por qu\u00e9 sucedi\u00f3 esto y c\u00f3mo luchar por la compensaci\u00f3n financiera que necesita para seguir adelante. Abogamos por los clientes con estos y otros problemas de salud que cambian la vida debido al trauma cerebral: <\/p>\n<ul>\n<li>Par\u00e1lisis<\/li>\n<li>Fallo de \u00f3rganos<\/li>\n<li>P\u00e9rdida sensorial<\/li>\n<li>Deterioro cognitivo<\/li>\n<li>Efectos mentales y emocionales<\/li>\n<\/ul>\n<p>Su salud, bienestar y seguridad financiera en este momento son primordiales. Siempre preparamos cada caso como si fu\u00e9ramos a juicio, para buscar la mayor cantidad de da\u00f1os para usted. <\/p>\n<h2><strong>Aprenda c\u00f3mo podemos ayudar, Cont\u00e1ctenos hoy<\/strong><\/h2>\n<p>Protegemos a los pacientes y sus familias. Si usted o un ser querido ha sufrido una lesi\u00f3n cerebral debido a un proveedor de atenci\u00f3n m\u00e9dica negligente, p\u00f3ngase en contacto con nosotros en Schaumburg para una consulta al <a href=\"tel:+1-877-957-8830\">(800) 331-5753<\/a> o comun\u00edquese con un correo <a href=\"https:\/\/www.rr-law.com\/contact\/\">electr\u00f3nico<\/a>.<\/p>\n<\/div><div class=\"fusion-clearfix\"><\/div><\/div><\/div><\/div><\/div>\n","protected":false},"excerpt":{"rendered":"","protected":false},"author":1,"featured_media":0,"parent":1280,"menu_order":0,"comment_status":"closed","ping_status":"closed","template":"","meta":{"two_page_speed":{"current_score":{"desktop_score":94,"desktop_tti":"0.9\u00a0","mobile_score":90,"mobile_tti":"3.5\u00a0","date":"06.04.2025 08:09:16 am","status":"completed"}},"footnotes":""},"class_list":["post-1296","page","type-page","status-publish","hentry"],"yoast_head":"<!-- This site is optimized with the Yoast SEO plugin v23.4 - https:\/\/yoast.com\/wordpress\/plugins\/seo\/ -->\n<title>Lesiones del cerebro - RR-Law<\/title>\n<meta name=\"robots\" content=\"index, follow, max-snippet:-1, max-image-preview:large, max-video-preview:-1\" \/>\n<link rel=\"canonical\" href=\"https:\/\/www.rr-law.com\/es\/areas-de-practica\/lesiones-del-cerebro\/\" \/>\n<meta property=\"og:locale\" content=\"es_ES\" \/>\n<meta property=\"og:type\" content=\"article\" \/>\n<meta property=\"og:title\" content=\"Lesiones del cerebro - RR-Law\" \/>\n<meta property=\"og:url\" content=\"https:\/\/www.rr-law.com\/es\/areas-de-practica\/lesiones-del-cerebro\/\" \/>\n<meta property=\"og:site_name\" content=\"RR-Law\" \/>\n<meta property=\"article:modified_time\" content=\"2025-04-06T08:08:39+00:00\" \/>\n<meta name=\"twitter:card\" content=\"summary_large_image\" \/>\n<meta name=\"twitter:label1\" content=\"Tiempo de lectura\" \/>\n\t<meta name=\"twitter:data1\" content=\"4 minutos\" \/>\n<script type=\"application\/ld+json\" class=\"yoast-schema-graph\">{\"@context\":\"https:\/\/schema.org\",\"@graph\":[{\"@type\":\"WebPage\",\"@id\":\"https:\/\/www.rr-law.com\/es\/areas-de-practica\/lesiones-del-cerebro\/\",\"url\":\"https:\/\/www.rr-law.com\/es\/areas-de-practica\/lesiones-del-cerebro\/\",\"name\":\"Lesiones del cerebro - RR-Law\",\"isPartOf\":{\"@id\":\"https:\/\/www.rr-law.com\/#website\"},\"datePublished\":\"2020-05-11T20:57:14+00:00\",\"dateModified\":\"2025-04-06T08:08:39+00:00\",\"breadcrumb\":{\"@id\":\"https:\/\/www.rr-law.com\/es\/areas-de-practica\/lesiones-del-cerebro\/#breadcrumb\"},\"inLanguage\":\"es\",\"potentialAction\":[{\"@type\":\"ReadAction\",\"target\":[\"https:\/\/www.rr-law.com\/es\/areas-de-practica\/lesiones-del-cerebro\/\"]}]},{\"@type\":\"BreadcrumbList\",\"@id\":\"https:\/\/www.rr-law.com\/es\/areas-de-practica\/lesiones-del-cerebro\/#breadcrumb\",\"itemListElement\":[{\"@type\":\"ListItem\",\"position\":1,\"name\":\"Home\",\"item\":\"https:\/\/www.rr-law.com\/es\/home\/\"},{\"@type\":\"ListItem\",\"position\":2,\"name\":\"\u00c1reas de Pr\u00e1ctica\",\"item\":\"https:\/\/www.rr-law.com\/es\/areas-de-practica\/\"},{\"@type\":\"ListItem\",\"position\":3,\"name\":\"Lesiones del cerebro\"}]},{\"@type\":\"WebSite\",\"@id\":\"https:\/\/www.rr-law.com\/#website\",\"url\":\"https:\/\/www.rr-law.com\/\",\"name\":\"RR-Law\",\"description\":\"Medical Malpractice Law Firm, Schaumburg IL\",\"potentialAction\":[{\"@type\":\"SearchAction\",\"target\":{\"@type\":\"EntryPoint\",\"urlTemplate\":\"https:\/\/www.rr-law.com\/?s={search_term_string}\"},\"query-input\":{\"@type\":\"PropertyValueSpecification\",\"valueRequired\":true,\"valueName\":\"search_term_string\"}}],\"inLanguage\":\"es\"}]}<\/script>\n<!-- \/ Yoast SEO plugin. -->","yoast_head_json":{"title":"Lesiones del cerebro - RR-Law","robots":{"index":"index","follow":"follow","max-snippet":"max-snippet:-1","max-image-preview":"max-image-preview:large","max-video-preview":"max-video-preview:-1"},"canonical":"https:\/\/www.rr-law.com\/es\/areas-de-practica\/lesiones-del-cerebro\/","og_locale":"es_ES","og_type":"article","og_title":"Lesiones del cerebro - RR-Law","og_url":"https:\/\/www.rr-law.com\/es\/areas-de-practica\/lesiones-del-cerebro\/","og_site_name":"RR-Law","article_modified_time":"2025-04-06T08:08:39+00:00","twitter_card":"summary_large_image","twitter_misc":{"Tiempo de lectura":"4 minutos"},"schema":{"@context":"https:\/\/schema.org","@graph":[{"@type":"WebPage","@id":"https:\/\/www.rr-law.com\/es\/areas-de-practica\/lesiones-del-cerebro\/","url":"https:\/\/www.rr-law.com\/es\/areas-de-practica\/lesiones-del-cerebro\/","name":"Lesiones del cerebro - RR-Law","isPartOf":{"@id":"https:\/\/www.rr-law.com\/#website"},"datePublished":"2020-05-11T20:57:14+00:00","dateModified":"2025-04-06T08:08:39+00:00","breadcrumb":{"@id":"https:\/\/www.rr-law.com\/es\/areas-de-practica\/lesiones-del-cerebro\/#breadcrumb"},"inLanguage":"es","potentialAction":[{"@type":"ReadAction","target":["https:\/\/www.rr-law.com\/es\/areas-de-practica\/lesiones-del-cerebro\/"]}]},{"@type":"BreadcrumbList","@id":"https:\/\/www.rr-law.com\/es\/areas-de-practica\/lesiones-del-cerebro\/#breadcrumb","itemListElement":[{"@type":"ListItem","position":1,"name":"Home","item":"https:\/\/www.rr-law.com\/es\/home\/"},{"@type":"ListItem","position":2,"name":"\u00c1reas de Pr\u00e1ctica","item":"https:\/\/www.rr-law.com\/es\/areas-de-practica\/"},{"@type":"ListItem","position":3,"name":"Lesiones del cerebro"}]},{"@type":"WebSite","@id":"https:\/\/www.rr-law.com\/#website","url":"https:\/\/www.rr-law.com\/","name":"RR-Law","description":"Medical Malpractice Law Firm, Schaumburg IL","potentialAction":[{"@type":"SearchAction","target":{"@type":"EntryPoint","urlTemplate":"https:\/\/www.rr-law.com\/?s={search_term_string}"},"query-input":{"@type":"PropertyValueSpecification","valueRequired":true,"valueName":"search_term_string"}}],"inLanguage":"es"}]}},"_links":{"self":[{"href":"https:\/\/www.rr-law.com\/es\/wp-json\/wp\/v2\/pages\/1296"}],"collection":[{"href":"https:\/\/www.rr-law.com\/es\/wp-json\/wp\/v2\/pages"}],"about":[{"href":"https:\/\/www.rr-law.com\/es\/wp-json\/wp\/v2\/types\/page"}],"author":[{"embeddable":true,"href":"https:\/\/www.rr-law.com\/es\/wp-json\/wp\/v2\/users\/1"}],"replies":[{"embeddable":true,"href":"https:\/\/www.rr-law.com\/es\/wp-json\/wp\/v2\/comments?post=1296"}],"version-history":[{"count":2,"href":"https:\/\/www.rr-law.com\/es\/wp-json\/wp\/v2\/pages\/1296\/revisions"}],"predecessor-version":[{"id":1298,"href":"https:\/\/www.rr-law.com\/es\/wp-json\/wp\/v2\/pages\/1296\/revisions\/1298"}],"up":[{"embeddable":true,"href":"https:\/\/www.rr-law.com\/es\/wp-json\/wp\/v2\/pages\/1280"}],"wp:attachment":[{"href":"https:\/\/www.rr-law.com\/es\/wp-json\/wp\/v2\/media?parent=1296"}],"curies":[{"name":"wp","href":"https:\/\/api.w.org\/{rel}","templated":true}]}}