{"id":1302,"date":"2020-05-11T20:58:42","date_gmt":"2020-05-11T20:58:42","guid":{"rendered":"https:\/\/www.rr-law.com\/areas-de-practica\/lesiones-cardiacas-cardiacas\/"},"modified":"2025-04-06T04:08:08","modified_gmt":"2025-04-06T04:08:08","slug":"lesiones-cardiacas-cardiacas","status":"publish","type":"page","link":"https:\/\/www.rr-law.com\/es\/areas-de-practica\/lesiones-cardiacas-cardiacas\/","title":{"rendered":"Lesiones card\u00edacas \/ card\u00edacas"},"content":{"rendered":"<div class=\"fusion-fullwidth fullwidth-box fusion-builder-row-1 nonhundred-percent-fullwidth non-hundred-percent-height-scrolling\" style=\"--awb-border-radius-top-left:0px;--awb-border-radius-top-right:0px;--awb-border-radius-bottom-right:0px;--awb-border-radius-bottom-left:0px;--awb-flex-wrap:wrap;\" ><div class=\"fusion-builder-row fusion-row\"><div class=\"fusion-layout-column fusion_builder_column fusion-builder-column-0 fusion_builder_column_1_1 1_1 fusion-one-full fusion-column-first fusion-column-last\" style=\"--awb-bg-size:cover;\"><div class=\"fusion-column-wrapper fusion-column-has-shadow fusion-flex-column-wrapper-legacy\"><div class=\"fusion-text fusion-text-1\"><h1>Lesiones card\u00edacas \/ card\u00edacas<\/h1>\n<p>La enfermedad card\u00edaca es la condici\u00f3n m\u00e9dica n\u00famero uno que sufren las personas en los Estados Unidos. El coraz\u00f3n es el motor que bombea sangre por todo el cuerpo. Sin nuestros corazones no podr\u00edamos sobrevivir. Los proveedores m\u00e9dicos saben esto, y deben estar atentos cuando se trata de la salud del coraz\u00f3n de un paciente. La salud del coraz\u00f3n debe ser monitoreada durante toda la vida, especialmente a medida que envejecemos y nuestro coraz\u00f3n se vuelve m\u00e1s vulnerable a las enfermedades.    <\/p>\n<p>En Raymond &amp; Raymond, Ltd., nuestros abogados han visto con demasiada frecuencia a m\u00e9dicos y otros proveedores m\u00e9dicos que no tienen en cuenta la salud del coraz\u00f3n de un paciente con consecuencias negativas, incluida la muerte. Algunos ejemplos incluyen: <\/p>\n<ul>\n<li>No remitir a los pacientes a un m\u00e9dico del coraz\u00f3n (un cardi\u00f3logo o cirujano cardiovascular);<\/li>\n<li>Realizar cirug\u00eda en pacientes cuyo coraz\u00f3n es demasiado d\u00e9bil para soportar el procedimiento;<\/li>\n<li>no tratar adecuadamente un infarto;<\/li>\n<li>no diagnosticar oportunamente un infarto.<\/li>\n<li>no toma las medidas necesarias para prevenir un infarto; y<\/li>\n<li>no trata la presi\u00f3n arterial alta (hipertensi\u00f3n)<\/li>\n<\/ul>\n<p>Si usted cree que usted o un ser querido podr\u00eda ser v\u00edctima de un error m\u00e9dico con respecto al coraz\u00f3n, por favor p\u00f3ngase en contacto con nuestra firma para una consulta gratuita para ver si podemos ayudar. Ser\u00eda un privilegio proveer justicia para usted y su familia.<\/p>\n<\/div><div class=\"fusion-clearfix\"><\/div><\/div><\/div><\/div><\/div>\n","protected":false},"excerpt":{"rendered":"","protected":false},"author":1,"featured_media":0,"parent":1280,"menu_order":0,"comment_status":"closed","ping_status":"closed","template":"","meta":{"two_page_speed":{"current_score":{"desktop_score":96,"desktop_tti":"0.9\u00a0","mobile_score":92,"mobile_tti":"3.5\u00a0","date":"29.03.2025 09:48:07 am","status":"error_no_score"}},"footnotes":""},"class_list":["post-1302","page","type-page","status-publish","hentry"],"yoast_head":"<!-- This site is optimized with the Yoast SEO plugin v23.4 - https:\/\/yoast.com\/wordpress\/plugins\/seo\/ -->\n<title>Lesiones card\u00edacas \/ card\u00edacas - RR-Law<\/title>\n<meta name=\"robots\" content=\"index, follow, max-snippet:-1, max-image-preview:large, max-video-preview:-1\" \/>\n<link rel=\"canonical\" href=\"https:\/\/www.rr-law.com\/es\/areas-de-practica\/lesiones-cardiacas-cardiacas\/\" \/>\n<meta property=\"og:locale\" content=\"es_ES\" \/>\n<meta property=\"og:type\" content=\"article\" \/>\n<meta property=\"og:title\" content=\"Lesiones card\u00edacas \/ card\u00edacas - RR-Law\" \/>\n<meta property=\"og:url\" content=\"https:\/\/www.rr-law.com\/es\/areas-de-practica\/lesiones-cardiacas-cardiacas\/\" \/>\n<meta property=\"og:site_name\" content=\"RR-Law\" \/>\n<meta property=\"article:modified_time\" content=\"2025-04-06T04:08:08+00:00\" \/>\n<meta name=\"twitter:card\" content=\"summary_large_image\" \/>\n<meta name=\"twitter:label1\" content=\"Tiempo de lectura\" \/>\n\t<meta name=\"twitter:data1\" content=\"3 minutos\" \/>\n<script type=\"application\/ld+json\" class=\"yoast-schema-graph\">{\"@context\":\"https:\/\/schema.org\",\"@graph\":[{\"@type\":\"WebPage\",\"@id\":\"https:\/\/www.rr-law.com\/es\/areas-de-practica\/lesiones-cardiacas-cardiacas\/\",\"url\":\"https:\/\/www.rr-law.com\/es\/areas-de-practica\/lesiones-cardiacas-cardiacas\/\",\"name\":\"Lesiones card\u00edacas \/ card\u00edacas - RR-Law\",\"isPartOf\":{\"@id\":\"https:\/\/www.rr-law.com\/#website\"},\"datePublished\":\"2020-05-11T20:58:42+00:00\",\"dateModified\":\"2025-04-06T04:08:08+00:00\",\"breadcrumb\":{\"@id\":\"https:\/\/www.rr-law.com\/es\/areas-de-practica\/lesiones-cardiacas-cardiacas\/#breadcrumb\"},\"inLanguage\":\"es\",\"potentialAction\":[{\"@type\":\"ReadAction\",\"target\":[\"https:\/\/www.rr-law.com\/es\/areas-de-practica\/lesiones-cardiacas-cardiacas\/\"]}]},{\"@type\":\"BreadcrumbList\",\"@id\":\"https:\/\/www.rr-law.com\/es\/areas-de-practica\/lesiones-cardiacas-cardiacas\/#breadcrumb\",\"itemListElement\":[{\"@type\":\"ListItem\",\"position\":1,\"name\":\"Home\",\"item\":\"https:\/\/www.rr-law.com\/es\/home\/\"},{\"@type\":\"ListItem\",\"position\":2,\"name\":\"\u00c1reas de Pr\u00e1ctica\",\"item\":\"https:\/\/www.rr-law.com\/es\/areas-de-practica\/\"},{\"@type\":\"ListItem\",\"position\":3,\"name\":\"Lesiones card\u00edacas \/ card\u00edacas\"}]},{\"@type\":\"WebSite\",\"@id\":\"https:\/\/www.rr-law.com\/#website\",\"url\":\"https:\/\/www.rr-law.com\/\",\"name\":\"RR-Law\",\"description\":\"Medical Malpractice Law Firm, Schaumburg IL\",\"potentialAction\":[{\"@type\":\"SearchAction\",\"target\":{\"@type\":\"EntryPoint\",\"urlTemplate\":\"https:\/\/www.rr-law.com\/?s={search_term_string}\"},\"query-input\":{\"@type\":\"PropertyValueSpecification\",\"valueRequired\":true,\"valueName\":\"search_term_string\"}}],\"inLanguage\":\"es\"}]}<\/script>\n<!-- \/ Yoast SEO plugin. -->","yoast_head_json":{"title":"Lesiones card\u00edacas \/ card\u00edacas - RR-Law","robots":{"index":"index","follow":"follow","max-snippet":"max-snippet:-1","max-image-preview":"max-image-preview:large","max-video-preview":"max-video-preview:-1"},"canonical":"https:\/\/www.rr-law.com\/es\/areas-de-practica\/lesiones-cardiacas-cardiacas\/","og_locale":"es_ES","og_type":"article","og_title":"Lesiones card\u00edacas \/ card\u00edacas - RR-Law","og_url":"https:\/\/www.rr-law.com\/es\/areas-de-practica\/lesiones-cardiacas-cardiacas\/","og_site_name":"RR-Law","article_modified_time":"2025-04-06T04:08:08+00:00","twitter_card":"summary_large_image","twitter_misc":{"Tiempo de lectura":"3 minutos"},"schema":{"@context":"https:\/\/schema.org","@graph":[{"@type":"WebPage","@id":"https:\/\/www.rr-law.com\/es\/areas-de-practica\/lesiones-cardiacas-cardiacas\/","url":"https:\/\/www.rr-law.com\/es\/areas-de-practica\/lesiones-cardiacas-cardiacas\/","name":"Lesiones card\u00edacas \/ card\u00edacas - RR-Law","isPartOf":{"@id":"https:\/\/www.rr-law.com\/#website"},"datePublished":"2020-05-11T20:58:42+00:00","dateModified":"2025-04-06T04:08:08+00:00","breadcrumb":{"@id":"https:\/\/www.rr-law.com\/es\/areas-de-practica\/lesiones-cardiacas-cardiacas\/#breadcrumb"},"inLanguage":"es","potentialAction":[{"@type":"ReadAction","target":["https:\/\/www.rr-law.com\/es\/areas-de-practica\/lesiones-cardiacas-cardiacas\/"]}]},{"@type":"BreadcrumbList","@id":"https:\/\/www.rr-law.com\/es\/areas-de-practica\/lesiones-cardiacas-cardiacas\/#breadcrumb","itemListElement":[{"@type":"ListItem","position":1,"name":"Home","item":"https:\/\/www.rr-law.com\/es\/home\/"},{"@type":"ListItem","position":2,"name":"\u00c1reas de Pr\u00e1ctica","item":"https:\/\/www.rr-law.com\/es\/areas-de-practica\/"},{"@type":"ListItem","position":3,"name":"Lesiones card\u00edacas \/ card\u00edacas"}]},{"@type":"WebSite","@id":"https:\/\/www.rr-law.com\/#website","url":"https:\/\/www.rr-law.com\/","name":"RR-Law","description":"Medical Malpractice Law Firm, Schaumburg IL","potentialAction":[{"@type":"SearchAction","target":{"@type":"EntryPoint","urlTemplate":"https:\/\/www.rr-law.com\/?s={search_term_string}"},"query-input":{"@type":"PropertyValueSpecification","valueRequired":true,"valueName":"search_term_string"}}],"inLanguage":"es"}]}},"_links":{"self":[{"href":"https:\/\/www.rr-law.com\/es\/wp-json\/wp\/v2\/pages\/1302"}],"collection":[{"href":"https:\/\/www.rr-law.com\/es\/wp-json\/wp\/v2\/pages"}],"about":[{"href":"https:\/\/www.rr-law.com\/es\/wp-json\/wp\/v2\/types\/page"}],"author":[{"embeddable":true,"href":"https:\/\/www.rr-law.com\/es\/wp-json\/wp\/v2\/users\/1"}],"replies":[{"embeddable":true,"href":"https:\/\/www.rr-law.com\/es\/wp-json\/wp\/v2\/comments?post=1302"}],"version-history":[{"count":2,"href":"https:\/\/www.rr-law.com\/es\/wp-json\/wp\/v2\/pages\/1302\/revisions"}],"predecessor-version":[{"id":1304,"href":"https:\/\/www.rr-law.com\/es\/wp-json\/wp\/v2\/pages\/1302\/revisions\/1304"}],"up":[{"embeddable":true,"href":"https:\/\/www.rr-law.com\/es\/wp-json\/wp\/v2\/pages\/1280"}],"wp:attachment":[{"href":"https:\/\/www.rr-law.com\/es\/wp-json\/wp\/v2\/media?parent=1302"}],"curies":[{"name":"wp","href":"https:\/\/api.w.org\/{rel}","templated":true}]}}