{"id":1305,"date":"2020-05-11T20:58:03","date_gmt":"2020-05-11T20:58:03","guid":{"rendered":"https:\/\/www.rr-law.com\/areas-de-practica\/negligencia-pediatrica\/"},"modified":"2025-04-05T18:33:27","modified_gmt":"2025-04-05T18:33:27","slug":"negligencia-pediatrica","status":"publish","type":"page","link":"https:\/\/www.rr-law.com\/es\/areas-de-practica\/negligencia-pediatrica\/","title":{"rendered":"Negligencia pedi\u00e1trica"},"content":{"rendered":"<div class=\"fusion-fullwidth fullwidth-box fusion-builder-row-1 nonhundred-percent-fullwidth non-hundred-percent-height-scrolling\" style=\"--awb-border-radius-top-left:0px;--awb-border-radius-top-right:0px;--awb-border-radius-bottom-right:0px;--awb-border-radius-bottom-left:0px;--awb-flex-wrap:wrap;\" ><div class=\"fusion-builder-row fusion-row\"><div class=\"fusion-layout-column fusion_builder_column fusion-builder-column-0 fusion_builder_column_1_1 1_1 fusion-one-full fusion-column-first fusion-column-last\" style=\"--awb-bg-size:cover;\"><div class=\"fusion-column-wrapper fusion-column-has-shadow fusion-flex-column-wrapper-legacy\"><div class=\"fusion-text fusion-text-1\"><h1>Lesiones pedi\u00e1tricas infantiles<\/h1>\n<p>Cuando un error m\u00e9dico causa una lesi\u00f3n a un ni\u00f1o, puede ser devastador en las pr\u00f3ximas d\u00e9cadas. Es posible que un ni\u00f1o no pueda mantenerse al d\u00eda con sus compa\u00f1eros en la escuela o el atletismo despu\u00e9s de un error m\u00e9dico. Estos tipos de lesiones pueden alterar la vida y ser devastadoras para el ni\u00f1o y su familia. A veces, el alcance de una lesi\u00f3n a un ni\u00f1o puede no ser inmediatamente aparente; sin embargo, a medida que pasa el tiempo se hace evidente que el ni\u00f1o todav\u00eda est\u00e1 sufriendo por el error m\u00e9dico.    <\/p>\n<p>En Raymond &amp; Raymond, Ltd., podemos cortar la jerga m\u00e9dica y hablar de dos veces para entender con precisi\u00f3n el cuidado que se le da a su hijo. La atenci\u00f3n deficiente no es culpa de la familia. Identificaremos los errores m\u00e9dicos que han funcionado incansablemente para garantizar que su hijo y su familia sean compensados completa y equitativamente por sus lesiones, haciendo que los proveedores m\u00e9dicos rindan cuentas por su descuido. Entendemos que un error m\u00e9dico puede afectar a un ni\u00f1o y a la familia de forma permanente y nos conformaremos con nada menos que una compensaci\u00f3n completa.    <\/p>\n<p>Nuestros abogados han representado a familias con ni\u00f1os lesionados por negligencia m\u00e9dica. Estos son algunos ejemplos comunes de lesiones infantiles por casos de negligencia m\u00e9dica: <\/p>\n<ul>\n<li>Nacido con un defecto cong\u00e9nito tratable en las principales arterias que provienen del coraz\u00f3n (\u00abtransposici\u00f3n de las Grandes Arterias\u00bb), el reci\u00e9n nacido sufri\u00f3 da\u00f1o cerebral cuando la afecci\u00f3n no fue diagnosticada y corregida oportunamente.<\/li>\n<li>El m\u00e9dico de la sala de emergencias no diagnostic\u00f3 r\u00e1pidamente la meningitis bacteriana del ni\u00f1o peque\u00f1o ni comenz\u00f3 el tratamiento con antibi\u00f3ticos, por lo que la infecci\u00f3n del ni\u00f1o progres\u00f3, lo que result\u00f3 en da\u00f1o cerebral y p\u00e9rdida de audici\u00f3n.<\/li>\n<li>El pediatra recet\u00f3 medicamentos incorrectos para el beb\u00e9 que la farmacia llen\u00f3 de todos modos, lo que result\u00f3 en la muerte del beb\u00e9.<\/li>\n<li>Durante la extirpaci\u00f3n quir\u00fargica del quiste del cuello de un ni\u00f1o de 2 a\u00f1os, el cirujano lesion\u00f3 la laringe del ni\u00f1o, prolongando la cirug\u00eda para detener el sangrado, lo que result\u00f3 en un paro card\u00edaco del ni\u00f1o y da\u00f1o cerebral.<\/li>\n<li>El reci\u00e9n nacido no se somete adecuadamente a pruebas de detecci\u00f3n de c\u00e9lulas falciformes, lo que resulta en la muerte por infecci\u00f3n por neumon\u00eda evitable.<\/li>\n<li>La artritis s\u00e9ptica de seis a\u00f1os no se diagnostica, lo que permite una propagaci\u00f3n continua que resulta en la amputaci\u00f3n de ambos brazos y ambas piernas.<\/li>\n<li>La enfermera utiliz\u00f3 la bomba IV para adultos en el reci\u00e9n nacido en la Unidad de Cuidados Intensivos Neonatales, lo que result\u00f3 en sobrecarga de l\u00edquido, sangrado cerebral y da\u00f1o cerebral permanente.<\/li>\n<\/ul>\n<p>Si usted cree que su hijo podr\u00eda ser v\u00edctima de un error m\u00e9dico, por favor p\u00f3ngase en contacto con nuestra firma para una consulta gratuita para ver si podemos ayudar. Ser\u00eda un privilegio proveer justicia para usted y su familia.  <\/p>\n<\/div><div class=\"fusion-clearfix\"><\/div><\/div><\/div><\/div><\/div>\n","protected":false},"excerpt":{"rendered":"","protected":false},"author":1,"featured_media":0,"parent":1280,"menu_order":0,"comment_status":"closed","ping_status":"closed","template":"","meta":{"two_page_speed":{"current_score":{"desktop_score":93,"desktop_tti":"0.8\u00a0","mobile_score":92,"mobile_tti":"3.4\u00a0","date":"05.04.2025 06:33:56 pm","status":"completed"}},"footnotes":""},"class_list":["post-1305","page","type-page","status-publish","hentry"],"yoast_head":"<!-- This site is optimized with the Yoast SEO plugin v23.4 - https:\/\/yoast.com\/wordpress\/plugins\/seo\/ -->\n<title>Negligencia pedi\u00e1trica - RR-Law<\/title>\n<meta name=\"robots\" content=\"index, follow, max-snippet:-1, max-image-preview:large, max-video-preview:-1\" \/>\n<link rel=\"canonical\" href=\"https:\/\/www.rr-law.com\/es\/areas-de-practica\/negligencia-pediatrica\/\" \/>\n<meta property=\"og:locale\" content=\"es_ES\" \/>\n<meta property=\"og:type\" content=\"article\" \/>\n<meta property=\"og:title\" content=\"Negligencia pedi\u00e1trica - RR-Law\" \/>\n<meta property=\"og:url\" content=\"https:\/\/www.rr-law.com\/es\/areas-de-practica\/negligencia-pediatrica\/\" \/>\n<meta property=\"og:site_name\" content=\"RR-Law\" \/>\n<meta property=\"article:modified_time\" content=\"2025-04-05T18:33:27+00:00\" \/>\n<meta name=\"twitter:card\" content=\"summary_large_image\" \/>\n<meta name=\"twitter:label1\" content=\"Tiempo de lectura\" \/>\n\t<meta name=\"twitter:data1\" content=\"5 minutos\" \/>\n<script type=\"application\/ld+json\" class=\"yoast-schema-graph\">{\"@context\":\"https:\/\/schema.org\",\"@graph\":[{\"@type\":\"WebPage\",\"@id\":\"https:\/\/www.rr-law.com\/es\/areas-de-practica\/negligencia-pediatrica\/\",\"url\":\"https:\/\/www.rr-law.com\/es\/areas-de-practica\/negligencia-pediatrica\/\",\"name\":\"Negligencia pedi\u00e1trica - RR-Law\",\"isPartOf\":{\"@id\":\"https:\/\/www.rr-law.com\/#website\"},\"datePublished\":\"2020-05-11T20:58:03+00:00\",\"dateModified\":\"2025-04-05T18:33:27+00:00\",\"breadcrumb\":{\"@id\":\"https:\/\/www.rr-law.com\/es\/areas-de-practica\/negligencia-pediatrica\/#breadcrumb\"},\"inLanguage\":\"es\",\"potentialAction\":[{\"@type\":\"ReadAction\",\"target\":[\"https:\/\/www.rr-law.com\/es\/areas-de-practica\/negligencia-pediatrica\/\"]}]},{\"@type\":\"BreadcrumbList\",\"@id\":\"https:\/\/www.rr-law.com\/es\/areas-de-practica\/negligencia-pediatrica\/#breadcrumb\",\"itemListElement\":[{\"@type\":\"ListItem\",\"position\":1,\"name\":\"Home\",\"item\":\"https:\/\/www.rr-law.com\/es\/home\/\"},{\"@type\":\"ListItem\",\"position\":2,\"name\":\"\u00c1reas de Pr\u00e1ctica\",\"item\":\"https:\/\/www.rr-law.com\/es\/areas-de-practica\/\"},{\"@type\":\"ListItem\",\"position\":3,\"name\":\"Negligencia pedi\u00e1trica\"}]},{\"@type\":\"WebSite\",\"@id\":\"https:\/\/www.rr-law.com\/#website\",\"url\":\"https:\/\/www.rr-law.com\/\",\"name\":\"RR-Law\",\"description\":\"Medical Malpractice Law Firm, Schaumburg IL\",\"potentialAction\":[{\"@type\":\"SearchAction\",\"target\":{\"@type\":\"EntryPoint\",\"urlTemplate\":\"https:\/\/www.rr-law.com\/?s={search_term_string}\"},\"query-input\":{\"@type\":\"PropertyValueSpecification\",\"valueRequired\":true,\"valueName\":\"search_term_string\"}}],\"inLanguage\":\"es\"}]}<\/script>\n<!-- \/ Yoast SEO plugin. -->","yoast_head_json":{"title":"Negligencia pedi\u00e1trica - RR-Law","robots":{"index":"index","follow":"follow","max-snippet":"max-snippet:-1","max-image-preview":"max-image-preview:large","max-video-preview":"max-video-preview:-1"},"canonical":"https:\/\/www.rr-law.com\/es\/areas-de-practica\/negligencia-pediatrica\/","og_locale":"es_ES","og_type":"article","og_title":"Negligencia pedi\u00e1trica - RR-Law","og_url":"https:\/\/www.rr-law.com\/es\/areas-de-practica\/negligencia-pediatrica\/","og_site_name":"RR-Law","article_modified_time":"2025-04-05T18:33:27+00:00","twitter_card":"summary_large_image","twitter_misc":{"Tiempo de lectura":"5 minutos"},"schema":{"@context":"https:\/\/schema.org","@graph":[{"@type":"WebPage","@id":"https:\/\/www.rr-law.com\/es\/areas-de-practica\/negligencia-pediatrica\/","url":"https:\/\/www.rr-law.com\/es\/areas-de-practica\/negligencia-pediatrica\/","name":"Negligencia pedi\u00e1trica - RR-Law","isPartOf":{"@id":"https:\/\/www.rr-law.com\/#website"},"datePublished":"2020-05-11T20:58:03+00:00","dateModified":"2025-04-05T18:33:27+00:00","breadcrumb":{"@id":"https:\/\/www.rr-law.com\/es\/areas-de-practica\/negligencia-pediatrica\/#breadcrumb"},"inLanguage":"es","potentialAction":[{"@type":"ReadAction","target":["https:\/\/www.rr-law.com\/es\/areas-de-practica\/negligencia-pediatrica\/"]}]},{"@type":"BreadcrumbList","@id":"https:\/\/www.rr-law.com\/es\/areas-de-practica\/negligencia-pediatrica\/#breadcrumb","itemListElement":[{"@type":"ListItem","position":1,"name":"Home","item":"https:\/\/www.rr-law.com\/es\/home\/"},{"@type":"ListItem","position":2,"name":"\u00c1reas de Pr\u00e1ctica","item":"https:\/\/www.rr-law.com\/es\/areas-de-practica\/"},{"@type":"ListItem","position":3,"name":"Negligencia pedi\u00e1trica"}]},{"@type":"WebSite","@id":"https:\/\/www.rr-law.com\/#website","url":"https:\/\/www.rr-law.com\/","name":"RR-Law","description":"Medical Malpractice Law Firm, Schaumburg IL","potentialAction":[{"@type":"SearchAction","target":{"@type":"EntryPoint","urlTemplate":"https:\/\/www.rr-law.com\/?s={search_term_string}"},"query-input":{"@type":"PropertyValueSpecification","valueRequired":true,"valueName":"search_term_string"}}],"inLanguage":"es"}]}},"_links":{"self":[{"href":"https:\/\/www.rr-law.com\/es\/wp-json\/wp\/v2\/pages\/1305"}],"collection":[{"href":"https:\/\/www.rr-law.com\/es\/wp-json\/wp\/v2\/pages"}],"about":[{"href":"https:\/\/www.rr-law.com\/es\/wp-json\/wp\/v2\/types\/page"}],"author":[{"embeddable":true,"href":"https:\/\/www.rr-law.com\/es\/wp-json\/wp\/v2\/users\/1"}],"replies":[{"embeddable":true,"href":"https:\/\/www.rr-law.com\/es\/wp-json\/wp\/v2\/comments?post=1305"}],"version-history":[{"count":2,"href":"https:\/\/www.rr-law.com\/es\/wp-json\/wp\/v2\/pages\/1305\/revisions"}],"predecessor-version":[{"id":1307,"href":"https:\/\/www.rr-law.com\/es\/wp-json\/wp\/v2\/pages\/1305\/revisions\/1307"}],"up":[{"embeddable":true,"href":"https:\/\/www.rr-law.com\/es\/wp-json\/wp\/v2\/pages\/1280"}],"wp:attachment":[{"href":"https:\/\/www.rr-law.com\/es\/wp-json\/wp\/v2\/media?parent=1305"}],"curies":[{"name":"wp","href":"https:\/\/api.w.org\/{rel}","templated":true}]}}