{"id":1308,"date":"2020-05-11T20:56:14","date_gmt":"2020-05-11T20:56:14","guid":{"rendered":"https:\/\/www.rr-law.com\/areas-de-practica\/falta-de-diagnostico-diagnostico-erroneo\/"},"modified":"2025-04-01T14:29:13","modified_gmt":"2025-04-01T14:29:13","slug":"falta-de-diagnostico-diagnostico-erroneo","status":"publish","type":"page","link":"https:\/\/www.rr-law.com\/es\/areas-de-practica\/falta-de-diagnostico-diagnostico-erroneo\/","title":{"rendered":"Falta de diagn\u00f3stico \/ diagn\u00f3stico err\u00f3neo"},"content":{"rendered":"<div class=\"fusion-fullwidth fullwidth-box fusion-builder-row-1 nonhundred-percent-fullwidth non-hundred-percent-height-scrolling\" style=\"--awb-border-radius-top-left:0px;--awb-border-radius-top-right:0px;--awb-border-radius-bottom-right:0px;--awb-border-radius-bottom-left:0px;--awb-flex-wrap:wrap;\" ><div class=\"fusion-builder-row fusion-row\"><div class=\"fusion-layout-column fusion_builder_column fusion-builder-column-0 fusion_builder_column_1_1 1_1 fusion-one-full fusion-column-first fusion-column-last\" style=\"--awb-bg-size:cover;\"><div class=\"fusion-column-wrapper fusion-column-has-shadow fusion-flex-column-wrapper-legacy\"><div class=\"fusion-text fusion-text-1\"><h1><strong>Los efectos de la falta de diagn\u00f3stico<\/strong><\/h1>\n<p>Usted conf\u00eda en su m\u00e9dico para hacer el trabajo de la mejor manera posible. Cuando una afecci\u00f3n m\u00e9dica grave se olvida por completo, una afecci\u00f3n que una vez sea tratable puede llegar a ser mortal. En las oficinas de Raymond &amp; Raymond, Ltd., entendemos los sentimientos de violaci\u00f3n cuando se ha roto su confianza. Ahora puede estar muy enfermo e incapaz de trabajar. \u00bfC\u00f3mo pagar\u00e1 todas sus facturas m\u00e9dicas? Nuestros experimentados abogados de negligencia m\u00e9dica en Schaumburg ofrecen atenci\u00f3n compasiva y personalizada con un enfoque en la recuperaci\u00f3n de da\u00f1os justos para usted y su familia.     <\/p>\n<h2><strong>Tipos comunes de dolencias que no se diagnostican<\/strong><\/h2>\n<p>Descubrir la verdadera raz\u00f3n de su dolor y sufrimiento despu\u00e9s de a\u00f1os de no diagn\u00f3stico puede ser una ruptura. Aunque usted ten\u00eda s\u00edntomas de una condici\u00f3n m\u00e9dica, ha pasado sin nombre y, peor a\u00fan, sin tratamiento. Nuestros abogados tienen una gran experiencia representando reclamos de negligencia m\u00e9dica y pueden guiar a los clientes con condiciones m\u00e9dicas no diagnosticadas, tales como:  <\/p>\n<ul>\n<li>C\u00e1ncer de mama y muchos otros c\u00e1nceres<\/li>\n<li>Ataque card\u00edaco<\/li>\n<li>Accidente cerebrovascular<\/li>\n<li>Enfermedades gen\u00e9ticas<\/li>\n<li><a href=\"https:\/\/www.rr-law.com\/practice-areas\/birth-injuries\/\"><a href=\"https:\/\/www.rr-law.com\/practice-areas\/birth-injuries\/\">Lesiones al nacer<\/a><\/a><\/li>\n<\/ul>\n<p>Tal vez su m\u00e9dico no escuch\u00f3 o no reconoci\u00f3 sus s\u00edntomas. Tal vez no hicieron las pruebas necesarias o leyeron mal las resonancias magn\u00e9ticas o los resultados de laboratorio. Cualquiera que sea la raz\u00f3n por la que su enfermedad no se diagnostica, podemos ayudar luchando por una compensaci\u00f3n financiera por su sufrimiento.  <\/p>\n<h2><strong>Convincentes estudios de casos<\/strong><\/h2>\n<p>Defendemos a los pacientes con una serie de <a href=\"https:\/\/www.rr-law.com\/practice-areas\/failure-to-diagnose-misdiagnosis\/\">errores de diagn\u00f3stico y retrasos<\/a>. Los siguientes son ejemplos de pacientes que recibieron un diagn\u00f3stico err\u00f3neo o ning\u00fan diagn\u00f3stico m\u00e9dico en absoluto:<\/p>\n<ul>\n<li>Un paciente de 35 a\u00f1os de edad fue diagnosticado err\u00f3neamente con un derrame cerebral, lo que permiti\u00f3 que el problema real, una infecci\u00f3n cerebral, progresara sin tratamiento, causando da\u00f1o cerebral permanente.<\/li>\n<li>El c\u00e1ncer de pulm\u00f3n en etapa temprana de un ni\u00f1o de 58 a\u00f1os estaba presente en una radiograf\u00eda de t\u00f3rax, pero no se diagnostic\u00f3, y en su lugar se le dio tratamiento para la neumon\u00eda. Esto dio lugar a que el c\u00e1ncer de pulm\u00f3n se desarrollara sin tratamiento al estadio IV con tumores en todo el cuerpo y el cerebro, causando la muerte. <\/li>\n<li>La infecci\u00f3n de la columna vertebral de un ni\u00f1o de 27 a\u00f1os fue diagnosticada err\u00f3neamente y no fue tratada, lo que result\u00f3 en par\u00e1lisis permanente de las piernas.<\/li>\n<li>Un m\u00e9dico de atenci\u00f3n primaria no diagnostic\u00f3 la diverticulitis de un paciente de 48 a\u00f1os, lo que result\u00f3 en una explosi\u00f3n de colon, la necesidad de cirug\u00eda de extirpaci\u00f3n de colon y la colocaci\u00f3n de ileostom\u00eda.<\/li>\n<li>Un m\u00e9dico de atenci\u00f3n primaria diagnostic\u00f3 err\u00f3neamente una infecci\u00f3n bacteriana de garganta tratable como una infecci\u00f3n viral, por lo que no se administraron antibi\u00f3ticos, lo que result\u00f3 en la muerte de un paciente de 24 a\u00f1os.<\/li>\n<\/ul>\n<h2><strong>Nuestro equipo legal no diagnosticado puede luchar por usted<\/strong><\/h2>\n<p>Si un proveedor de atenci\u00f3n m\u00e9dica no ha diagnosticado su condici\u00f3n y usted est\u00e1 sufriendo lesi\u00f3n, discapacidad o enfermedad como resultado, por favor programe una charla con nuestros abogados de Illinois. P\u00f3ngase en contacto con nosotros por tel\u00e9fono al <a href=\"tel:+1-877-957-8830\">(800) 331-5753<\/a> o escriba a nuestro buz\u00f3n de correo <a href=\"https:\/\/www.rr-law.com\/contact\/\">electr\u00f3nico<\/a> para concertar una consulta legal y tomar medidas.<\/p>\n<\/div><div class=\"fusion-clearfix\"><\/div><\/div><\/div><\/div><\/div>\n","protected":false},"excerpt":{"rendered":"","protected":false},"author":1,"featured_media":0,"parent":1280,"menu_order":0,"comment_status":"closed","ping_status":"closed","template":"","meta":{"two_page_speed":{"current_score":{"desktop_score":96,"desktop_tti":"0.8\u00a0","mobile_score":90,"mobile_tti":"3.5\u00a0","date":"01.04.2025 02:29:44 pm","status":"completed"}},"footnotes":""},"class_list":["post-1308","page","type-page","status-publish","hentry"],"yoast_head":"<!-- This site is optimized with the Yoast SEO plugin v23.4 - https:\/\/yoast.com\/wordpress\/plugins\/seo\/ -->\n<title>Falta de diagn\u00f3stico \/ diagn\u00f3stico err\u00f3neo - RR-Law<\/title>\n<meta name=\"robots\" content=\"index, follow, max-snippet:-1, max-image-preview:large, max-video-preview:-1\" \/>\n<link rel=\"canonical\" href=\"https:\/\/www.rr-law.com\/es\/areas-de-practica\/falta-de-diagnostico-diagnostico-erroneo\/\" \/>\n<meta property=\"og:locale\" content=\"es_ES\" \/>\n<meta property=\"og:type\" content=\"article\" \/>\n<meta property=\"og:title\" content=\"Falta de diagn\u00f3stico \/ diagn\u00f3stico err\u00f3neo - RR-Law\" \/>\n<meta property=\"og:url\" content=\"https:\/\/www.rr-law.com\/es\/areas-de-practica\/falta-de-diagnostico-diagnostico-erroneo\/\" \/>\n<meta property=\"og:site_name\" content=\"RR-Law\" \/>\n<meta property=\"article:modified_time\" content=\"2025-04-01T14:29:13+00:00\" \/>\n<meta name=\"twitter:card\" content=\"summary_large_image\" \/>\n<meta name=\"twitter:label1\" content=\"Tiempo de lectura\" \/>\n\t<meta name=\"twitter:data1\" content=\"5 minutos\" \/>\n<script type=\"application\/ld+json\" class=\"yoast-schema-graph\">{\"@context\":\"https:\/\/schema.org\",\"@graph\":[{\"@type\":\"WebPage\",\"@id\":\"https:\/\/www.rr-law.com\/es\/areas-de-practica\/falta-de-diagnostico-diagnostico-erroneo\/\",\"url\":\"https:\/\/www.rr-law.com\/es\/areas-de-practica\/falta-de-diagnostico-diagnostico-erroneo\/\",\"name\":\"Falta de diagn\u00f3stico \/ diagn\u00f3stico err\u00f3neo - RR-Law\",\"isPartOf\":{\"@id\":\"https:\/\/www.rr-law.com\/#website\"},\"datePublished\":\"2020-05-11T20:56:14+00:00\",\"dateModified\":\"2025-04-01T14:29:13+00:00\",\"breadcrumb\":{\"@id\":\"https:\/\/www.rr-law.com\/es\/areas-de-practica\/falta-de-diagnostico-diagnostico-erroneo\/#breadcrumb\"},\"inLanguage\":\"es\",\"potentialAction\":[{\"@type\":\"ReadAction\",\"target\":[\"https:\/\/www.rr-law.com\/es\/areas-de-practica\/falta-de-diagnostico-diagnostico-erroneo\/\"]}]},{\"@type\":\"BreadcrumbList\",\"@id\":\"https:\/\/www.rr-law.com\/es\/areas-de-practica\/falta-de-diagnostico-diagnostico-erroneo\/#breadcrumb\",\"itemListElement\":[{\"@type\":\"ListItem\",\"position\":1,\"name\":\"Home\",\"item\":\"https:\/\/www.rr-law.com\/es\/home\/\"},{\"@type\":\"ListItem\",\"position\":2,\"name\":\"\u00c1reas de Pr\u00e1ctica\",\"item\":\"https:\/\/www.rr-law.com\/es\/areas-de-practica\/\"},{\"@type\":\"ListItem\",\"position\":3,\"name\":\"Falta de diagn\u00f3stico \/ diagn\u00f3stico err\u00f3neo\"}]},{\"@type\":\"WebSite\",\"@id\":\"https:\/\/www.rr-law.com\/#website\",\"url\":\"https:\/\/www.rr-law.com\/\",\"name\":\"RR-Law\",\"description\":\"Medical Malpractice Law Firm, Schaumburg IL\",\"potentialAction\":[{\"@type\":\"SearchAction\",\"target\":{\"@type\":\"EntryPoint\",\"urlTemplate\":\"https:\/\/www.rr-law.com\/?s={search_term_string}\"},\"query-input\":{\"@type\":\"PropertyValueSpecification\",\"valueRequired\":true,\"valueName\":\"search_term_string\"}}],\"inLanguage\":\"es\"}]}<\/script>\n<!-- \/ Yoast SEO plugin. -->","yoast_head_json":{"title":"Falta de diagn\u00f3stico \/ diagn\u00f3stico err\u00f3neo - RR-Law","robots":{"index":"index","follow":"follow","max-snippet":"max-snippet:-1","max-image-preview":"max-image-preview:large","max-video-preview":"max-video-preview:-1"},"canonical":"https:\/\/www.rr-law.com\/es\/areas-de-practica\/falta-de-diagnostico-diagnostico-erroneo\/","og_locale":"es_ES","og_type":"article","og_title":"Falta de diagn\u00f3stico \/ diagn\u00f3stico err\u00f3neo - RR-Law","og_url":"https:\/\/www.rr-law.com\/es\/areas-de-practica\/falta-de-diagnostico-diagnostico-erroneo\/","og_site_name":"RR-Law","article_modified_time":"2025-04-01T14:29:13+00:00","twitter_card":"summary_large_image","twitter_misc":{"Tiempo de lectura":"5 minutos"},"schema":{"@context":"https:\/\/schema.org","@graph":[{"@type":"WebPage","@id":"https:\/\/www.rr-law.com\/es\/areas-de-practica\/falta-de-diagnostico-diagnostico-erroneo\/","url":"https:\/\/www.rr-law.com\/es\/areas-de-practica\/falta-de-diagnostico-diagnostico-erroneo\/","name":"Falta de diagn\u00f3stico \/ diagn\u00f3stico err\u00f3neo - RR-Law","isPartOf":{"@id":"https:\/\/www.rr-law.com\/#website"},"datePublished":"2020-05-11T20:56:14+00:00","dateModified":"2025-04-01T14:29:13+00:00","breadcrumb":{"@id":"https:\/\/www.rr-law.com\/es\/areas-de-practica\/falta-de-diagnostico-diagnostico-erroneo\/#breadcrumb"},"inLanguage":"es","potentialAction":[{"@type":"ReadAction","target":["https:\/\/www.rr-law.com\/es\/areas-de-practica\/falta-de-diagnostico-diagnostico-erroneo\/"]}]},{"@type":"BreadcrumbList","@id":"https:\/\/www.rr-law.com\/es\/areas-de-practica\/falta-de-diagnostico-diagnostico-erroneo\/#breadcrumb","itemListElement":[{"@type":"ListItem","position":1,"name":"Home","item":"https:\/\/www.rr-law.com\/es\/home\/"},{"@type":"ListItem","position":2,"name":"\u00c1reas de Pr\u00e1ctica","item":"https:\/\/www.rr-law.com\/es\/areas-de-practica\/"},{"@type":"ListItem","position":3,"name":"Falta de diagn\u00f3stico \/ diagn\u00f3stico err\u00f3neo"}]},{"@type":"WebSite","@id":"https:\/\/www.rr-law.com\/#website","url":"https:\/\/www.rr-law.com\/","name":"RR-Law","description":"Medical Malpractice Law Firm, Schaumburg IL","potentialAction":[{"@type":"SearchAction","target":{"@type":"EntryPoint","urlTemplate":"https:\/\/www.rr-law.com\/?s={search_term_string}"},"query-input":{"@type":"PropertyValueSpecification","valueRequired":true,"valueName":"search_term_string"}}],"inLanguage":"es"}]}},"_links":{"self":[{"href":"https:\/\/www.rr-law.com\/es\/wp-json\/wp\/v2\/pages\/1308"}],"collection":[{"href":"https:\/\/www.rr-law.com\/es\/wp-json\/wp\/v2\/pages"}],"about":[{"href":"https:\/\/www.rr-law.com\/es\/wp-json\/wp\/v2\/types\/page"}],"author":[{"embeddable":true,"href":"https:\/\/www.rr-law.com\/es\/wp-json\/wp\/v2\/users\/1"}],"replies":[{"embeddable":true,"href":"https:\/\/www.rr-law.com\/es\/wp-json\/wp\/v2\/comments?post=1308"}],"version-history":[{"count":2,"href":"https:\/\/www.rr-law.com\/es\/wp-json\/wp\/v2\/pages\/1308\/revisions"}],"predecessor-version":[{"id":1310,"href":"https:\/\/www.rr-law.com\/es\/wp-json\/wp\/v2\/pages\/1308\/revisions\/1310"}],"up":[{"embeddable":true,"href":"https:\/\/www.rr-law.com\/es\/wp-json\/wp\/v2\/pages\/1280"}],"wp:attachment":[{"href":"https:\/\/www.rr-law.com\/es\/wp-json\/wp\/v2\/media?parent=1308"}],"curies":[{"name":"wp","href":"https:\/\/api.w.org\/{rel}","templated":true}]}}