{"id":1311,"date":"2020-05-11T20:57:47","date_gmt":"2020-05-11T20:57:47","guid":{"rendered":"https:\/\/www.rr-law.com\/areas-de-practica\/negligencia-abuso-en-hogares-de-ancianos\/"},"modified":"2025-03-31T21:21:44","modified_gmt":"2025-03-31T21:21:44","slug":"negligencia-abuso-en-hogares-de-ancianos","status":"publish","type":"page","link":"https:\/\/www.rr-law.com\/es\/areas-de-practica\/negligencia-abuso-en-hogares-de-ancianos\/","title":{"rendered":"Negligencia \/ abuso en hogares de ancianos"},"content":{"rendered":"<div class=\"fusion-fullwidth fullwidth-box fusion-builder-row-1 nonhundred-percent-fullwidth non-hundred-percent-height-scrolling\" style=\"--awb-border-radius-top-left:0px;--awb-border-radius-top-right:0px;--awb-border-radius-bottom-right:0px;--awb-border-radius-bottom-left:0px;--awb-flex-wrap:wrap;\" ><div class=\"fusion-builder-row fusion-row\"><div class=\"fusion-layout-column fusion_builder_column fusion-builder-column-0 fusion_builder_column_1_1 1_1 fusion-one-full fusion-column-first fusion-column-last\" style=\"--awb-bg-size:cover;\"><div class=\"fusion-column-wrapper fusion-column-has-shadow fusion-flex-column-wrapper-legacy\"><div class=\"fusion-text fusion-text-1\"><h1><strong>Luchando por los pacientes de hogares de ancianos<\/strong><\/h1>\n<p>Confiar el cuidado de su ser querido a un centro de enfermer\u00eda con licencia es dif\u00edcil. Usted espera que su ser querido recibir\u00e1 un nivel m\u00e1s alto de atenci\u00f3n que usted puede proporcionar en el hogar y que estar\u00e1n seguros. Esto es lo que se les promete, lo que conf\u00edan suceder\u00e1. Con demasiada frecuencia, se rompen las promesas, se viola la confianza y se hiere a un ser querido indefenso.   <\/p>\n<p>En Raymond &amp; Raymond, Ltd., nuestros abogados entienden que los hogares de ancianos operan cuidados y seguridad de los residentes indefensos a cambio de un pago. Prometen cuidar de su ser querido vulnerable que ya no puede cuidarse de s\u00ed mismo. Nuestros abogados luchar\u00e1n para llevar su justicia familiar y mejorar la calidad de los hogares de ancianos.  <\/p>\n<h2><strong>Trabajar con todos los tipos de lesiones<\/strong><\/h2>\n<p>Las personas que viven en centros de hogares de ancianos generalmente requieren asistencia adicional y atenci\u00f3n para problemas relacionados con la salud. Cuando los residentes de hogares de ancianos son descuidados, las lesiones pueden ocurrir.  Las lesiones comunes que hemos visto incluyen:<\/p>\n<ul>\n<li>El desarrollo de llagas en cama o \u00falceras por presi\u00f3n<\/li>\n<li>Huesos rotos, moretones, cortes, sangrado y esguinces asociados con ca\u00eddas<\/li>\n<li>El desarrollo de infecciones avanzadas<\/li>\n<li>Sobredosis y aumento de la enfermedad asociada con medicamentos inexactos<\/li>\n<li>Tubos respiratorios obstruidos, quemaduras y otras lesiones causadas cuando los pacientes no son monitoreados<\/li>\n<\/ul>\n<p>Si su ser querido ha sido lesionado mientras est\u00e1 bajo el cuidado de un centro de ancianos, p\u00f3ngase en <a href=\"https:\/\/www.rr-law.com\/contact\/\">contacto con nuestra oficina<\/a> en Schaumburg, Illinois, as\u00ed que podemos investigar lo que pas\u00f3.<\/p>\n<h2><strong>Casos de Hogares de Ancianos<\/strong><\/h2>\n<p>Con m\u00e1s de 60 a\u00f1os de experiencia combinada, nuestros abogados han obtenido con \u00e9xito una compensaci\u00f3n para las v\u00edctimas de negligencia en hogares de ancianos. A continuaci\u00f3n se muestra una lista de algunos patrones de hechos en casos de negligencia en hogares de ancianos: <\/p>\n<ul>\n<li>Un residente de un hogar de ancianos de 85 a\u00f1os de edad encubierto en cama sin un colch\u00f3n de aire especial y que no se volvi\u00f3 peri\u00f3dicamente desarroll\u00f3 \u00falceras de cama de etapa IV en los gl\u00fateos y el coxis que se infectaron y causaron la muerte.<\/li>\n<li>El hogar de ancianos no cre\u00f3 un plan de prevenci\u00f3n de ca\u00eddas en el momento del ingreso para un anciano de 83 a\u00f1os con una historia de ca\u00eddas, lo que result\u00f3 en ca\u00eddas, hemorragia cerebral y muerte.<\/li>\n<li>Un paciente de rehabilitaci\u00f3n de 53 a\u00f1os de edad en el hogar de ancianos que se le permiti\u00f3 sentarse en una silla de ruedas durante largos per\u00edodos de tiempo desarroll\u00f3 llagas de cama avanzadas que requieren hospitalizaci\u00f3n extensa y tratamiento quir\u00fargico.<\/li>\n<li>Un residente de 80 a\u00f1os con demencia, historia de infecciones repetidas del tracto urinario y p\u00e9rdida de peso reciente desarroll\u00f3 una infecci\u00f3n sist\u00e9mica sin tratar antes de ser trasladado al hospital, donde el paciente muri\u00f3.<\/li>\n<\/ul>\n<h2><strong>Cu\u00e9ntanos sobre tu experiencia en el hogar de ancianos<\/strong><\/h2>\n<p>Si tu ser querido result\u00f3 lesionado debido a un cuidado negligente, queremos saber de ti. Somos selectivos con los casos que tomamos y siempre comenzamos con una investigaci\u00f3n exhaustiva. Trabajaremos en colaboraci\u00f3n con un equipo de m\u00e9dicos para determinar la causa de las lesiones y crear un plan de acci\u00f3n que se adapte exclusivamente a la situaci\u00f3n espec\u00edfica de su ser querido. Llame a nuestra oficina para programar una consulta al <a href=\"tel:+1-877-957-8830\">(800) 331-5753<\/a>.<\/p>\n<\/div><div class=\"fusion-clearfix\"><\/div><\/div><\/div><\/div><\/div>\n","protected":false},"excerpt":{"rendered":"","protected":false},"author":1,"featured_media":0,"parent":1280,"menu_order":0,"comment_status":"closed","ping_status":"closed","template":"","meta":{"two_page_speed":{"current_score":{"desktop_score":82,"desktop_tti":"0.8\u00a0","mobile_score":90,"mobile_tti":"3.6\u00a0","date":"29.03.2025 03:43:21 am","status":"error_no_score"}},"footnotes":""},"class_list":["post-1311","page","type-page","status-publish","hentry"],"yoast_head":"<!-- This site is optimized with the Yoast SEO plugin v23.4 - https:\/\/yoast.com\/wordpress\/plugins\/seo\/ -->\n<title>Negligencia \/ abuso en hogares de ancianos - RR-Law<\/title>\n<meta name=\"robots\" content=\"index, follow, max-snippet:-1, max-image-preview:large, max-video-preview:-1\" \/>\n<link rel=\"canonical\" href=\"https:\/\/www.rr-law.com\/es\/areas-de-practica\/negligencia-abuso-en-hogares-de-ancianos\/\" \/>\n<meta property=\"og:locale\" content=\"es_ES\" \/>\n<meta property=\"og:type\" content=\"article\" \/>\n<meta property=\"og:title\" content=\"Negligencia \/ abuso en hogares de ancianos - RR-Law\" \/>\n<meta property=\"og:url\" content=\"https:\/\/www.rr-law.com\/es\/areas-de-practica\/negligencia-abuso-en-hogares-de-ancianos\/\" \/>\n<meta property=\"og:site_name\" content=\"RR-Law\" \/>\n<meta property=\"article:modified_time\" content=\"2025-03-31T21:21:44+00:00\" \/>\n<meta name=\"twitter:card\" content=\"summary_large_image\" \/>\n<meta name=\"twitter:label1\" content=\"Tiempo de lectura\" \/>\n\t<meta name=\"twitter:data1\" content=\"5 minutos\" \/>\n<script type=\"application\/ld+json\" class=\"yoast-schema-graph\">{\"@context\":\"https:\/\/schema.org\",\"@graph\":[{\"@type\":\"WebPage\",\"@id\":\"https:\/\/www.rr-law.com\/es\/areas-de-practica\/negligencia-abuso-en-hogares-de-ancianos\/\",\"url\":\"https:\/\/www.rr-law.com\/es\/areas-de-practica\/negligencia-abuso-en-hogares-de-ancianos\/\",\"name\":\"Negligencia \/ abuso en hogares de ancianos - RR-Law\",\"isPartOf\":{\"@id\":\"https:\/\/www.rr-law.com\/#website\"},\"datePublished\":\"2020-05-11T20:57:47+00:00\",\"dateModified\":\"2025-03-31T21:21:44+00:00\",\"breadcrumb\":{\"@id\":\"https:\/\/www.rr-law.com\/es\/areas-de-practica\/negligencia-abuso-en-hogares-de-ancianos\/#breadcrumb\"},\"inLanguage\":\"es\",\"potentialAction\":[{\"@type\":\"ReadAction\",\"target\":[\"https:\/\/www.rr-law.com\/es\/areas-de-practica\/negligencia-abuso-en-hogares-de-ancianos\/\"]}]},{\"@type\":\"BreadcrumbList\",\"@id\":\"https:\/\/www.rr-law.com\/es\/areas-de-practica\/negligencia-abuso-en-hogares-de-ancianos\/#breadcrumb\",\"itemListElement\":[{\"@type\":\"ListItem\",\"position\":1,\"name\":\"Home\",\"item\":\"https:\/\/www.rr-law.com\/es\/home\/\"},{\"@type\":\"ListItem\",\"position\":2,\"name\":\"\u00c1reas de Pr\u00e1ctica\",\"item\":\"https:\/\/www.rr-law.com\/es\/areas-de-practica\/\"},{\"@type\":\"ListItem\",\"position\":3,\"name\":\"Negligencia \/ abuso en hogares de ancianos\"}]},{\"@type\":\"WebSite\",\"@id\":\"https:\/\/www.rr-law.com\/#website\",\"url\":\"https:\/\/www.rr-law.com\/\",\"name\":\"RR-Law\",\"description\":\"Medical Malpractice Law Firm, Schaumburg IL\",\"potentialAction\":[{\"@type\":\"SearchAction\",\"target\":{\"@type\":\"EntryPoint\",\"urlTemplate\":\"https:\/\/www.rr-law.com\/?s={search_term_string}\"},\"query-input\":{\"@type\":\"PropertyValueSpecification\",\"valueRequired\":true,\"valueName\":\"search_term_string\"}}],\"inLanguage\":\"es\"}]}<\/script>\n<!-- \/ Yoast SEO plugin. -->","yoast_head_json":{"title":"Negligencia \/ abuso en hogares de ancianos - RR-Law","robots":{"index":"index","follow":"follow","max-snippet":"max-snippet:-1","max-image-preview":"max-image-preview:large","max-video-preview":"max-video-preview:-1"},"canonical":"https:\/\/www.rr-law.com\/es\/areas-de-practica\/negligencia-abuso-en-hogares-de-ancianos\/","og_locale":"es_ES","og_type":"article","og_title":"Negligencia \/ abuso en hogares de ancianos - RR-Law","og_url":"https:\/\/www.rr-law.com\/es\/areas-de-practica\/negligencia-abuso-en-hogares-de-ancianos\/","og_site_name":"RR-Law","article_modified_time":"2025-03-31T21:21:44+00:00","twitter_card":"summary_large_image","twitter_misc":{"Tiempo de lectura":"5 minutos"},"schema":{"@context":"https:\/\/schema.org","@graph":[{"@type":"WebPage","@id":"https:\/\/www.rr-law.com\/es\/areas-de-practica\/negligencia-abuso-en-hogares-de-ancianos\/","url":"https:\/\/www.rr-law.com\/es\/areas-de-practica\/negligencia-abuso-en-hogares-de-ancianos\/","name":"Negligencia \/ abuso en hogares de ancianos - RR-Law","isPartOf":{"@id":"https:\/\/www.rr-law.com\/#website"},"datePublished":"2020-05-11T20:57:47+00:00","dateModified":"2025-03-31T21:21:44+00:00","breadcrumb":{"@id":"https:\/\/www.rr-law.com\/es\/areas-de-practica\/negligencia-abuso-en-hogares-de-ancianos\/#breadcrumb"},"inLanguage":"es","potentialAction":[{"@type":"ReadAction","target":["https:\/\/www.rr-law.com\/es\/areas-de-practica\/negligencia-abuso-en-hogares-de-ancianos\/"]}]},{"@type":"BreadcrumbList","@id":"https:\/\/www.rr-law.com\/es\/areas-de-practica\/negligencia-abuso-en-hogares-de-ancianos\/#breadcrumb","itemListElement":[{"@type":"ListItem","position":1,"name":"Home","item":"https:\/\/www.rr-law.com\/es\/home\/"},{"@type":"ListItem","position":2,"name":"\u00c1reas de Pr\u00e1ctica","item":"https:\/\/www.rr-law.com\/es\/areas-de-practica\/"},{"@type":"ListItem","position":3,"name":"Negligencia \/ abuso en hogares de ancianos"}]},{"@type":"WebSite","@id":"https:\/\/www.rr-law.com\/#website","url":"https:\/\/www.rr-law.com\/","name":"RR-Law","description":"Medical Malpractice Law Firm, Schaumburg IL","potentialAction":[{"@type":"SearchAction","target":{"@type":"EntryPoint","urlTemplate":"https:\/\/www.rr-law.com\/?s={search_term_string}"},"query-input":{"@type":"PropertyValueSpecification","valueRequired":true,"valueName":"search_term_string"}}],"inLanguage":"es"}]}},"_links":{"self":[{"href":"https:\/\/www.rr-law.com\/es\/wp-json\/wp\/v2\/pages\/1311"}],"collection":[{"href":"https:\/\/www.rr-law.com\/es\/wp-json\/wp\/v2\/pages"}],"about":[{"href":"https:\/\/www.rr-law.com\/es\/wp-json\/wp\/v2\/types\/page"}],"author":[{"embeddable":true,"href":"https:\/\/www.rr-law.com\/es\/wp-json\/wp\/v2\/users\/1"}],"replies":[{"embeddable":true,"href":"https:\/\/www.rr-law.com\/es\/wp-json\/wp\/v2\/comments?post=1311"}],"version-history":[{"count":2,"href":"https:\/\/www.rr-law.com\/es\/wp-json\/wp\/v2\/pages\/1311\/revisions"}],"predecessor-version":[{"id":1313,"href":"https:\/\/www.rr-law.com\/es\/wp-json\/wp\/v2\/pages\/1311\/revisions\/1313"}],"up":[{"embeddable":true,"href":"https:\/\/www.rr-law.com\/es\/wp-json\/wp\/v2\/pages\/1280"}],"wp:attachment":[{"href":"https:\/\/www.rr-law.com\/es\/wp-json\/wp\/v2\/media?parent=1311"}],"curies":[{"name":"wp","href":"https:\/\/api.w.org\/{rel}","templated":true}]}}