{"id":1314,"date":"2020-05-11T20:56:57","date_gmt":"2020-05-11T20:56:57","guid":{"rendered":"https:\/\/www.rr-law.com\/areas-de-practica\/errores-de-medicacion\/"},"modified":"2025-04-01T11:54:29","modified_gmt":"2025-04-01T11:54:29","slug":"errores-de-medicacion","status":"publish","type":"page","link":"https:\/\/www.rr-law.com\/es\/areas-de-practica\/errores-de-medicacion\/","title":{"rendered":"Errores de medicaci\u00f3n"},"content":{"rendered":"<div class=\"fusion-fullwidth fullwidth-box fusion-builder-row-1 nonhundred-percent-fullwidth non-hundred-percent-height-scrolling\" style=\"--awb-border-radius-top-left:0px;--awb-border-radius-top-right:0px;--awb-border-radius-bottom-right:0px;--awb-border-radius-bottom-left:0px;--awb-flex-wrap:wrap;\" ><div class=\"fusion-builder-row fusion-row\"><div class=\"fusion-layout-column fusion_builder_column fusion-builder-column-0 fusion_builder_column_1_1 1_1 fusion-one-full fusion-column-first fusion-column-last\" style=\"--awb-bg-size:cover;\"><div class=\"fusion-column-wrapper fusion-column-has-shadow fusion-flex-column-wrapper-legacy\"><div class=\"fusion-text fusion-text-1\"><h1><strong>Cuando un profesional de confianza comete un error de medicaci\u00f3n<\/strong><\/h1>\n<p>Confiamos y dependemos de los profesionales de la salud para que nos proporcionen el tratamiento y los medicamentos correctos. Cuando se comete un error descuidado que causa lesi\u00f3n o enfermedad, perdemos la confianza en la diligencia de la profesi\u00f3n. Los experimentados abogados de negligencia en Schaumburg&#8217;s Raymond &amp; Raymond, Ltd., entienden lo devastadora que puede ser esta situaci\u00f3n. Perm\u00edtanos buscar agresivamente da\u00f1os, si usted o la salud de un ser querido se ve perjudicada debido a un error de medicaci\u00f3n.   <\/p>\n<h2><strong>Causas comunes de errores en la medicaci\u00f3n<\/strong><\/h2>\n<p>Los errores en la medicaci\u00f3n pueden ser el resultado de la negligencia de m\u00e9dicos, enfermeras o farmac\u00e9uticos. Nuestro equipo de abogados dedicados ha ayudado a numerosos clientes a obtener una compensaci\u00f3n justa por errores en la medicaci\u00f3n, incluyendo: <\/p>\n<ul>\n<li>Concentraci\u00f3n incorrecta del f\u00e1rmaco de prescripci\u00f3n<\/li>\n<li>Administraci\u00f3n de la dosificaci\u00f3n incorrecta<\/li>\n<li>Farmac\u00e9utico Negligencia<\/li>\n<li>Penalidad ilegible en la prescripci\u00f3n escrita, lo que resulta en el medicamento equivocado<\/li>\n<li>Medicaci\u00f3n incorrecta prescrita debido a un diagn\u00f3stico err\u00f3neo<\/li>\n<\/ul>\n<p>Usted necesita ayuda de una empresa con la experiencia y los recursos para ir en contra de los hospitales y farmacias establecidos y sus abogados caros. Nuestra pr\u00e1ctica legal de Illinois est\u00e1 bien versada para investigar los detalles y dise\u00f1ar estrategias para una defensa s\u00f3lida en su caso. Perm\u00edtanos perseguir cada fuente de compensaci\u00f3n disponible.  <\/p>\n<h2><strong>Ejemplos de errores de medicaci\u00f3n<\/strong><\/h2>\n<p>Aqu\u00ed hay ejemplos de pacientes que resultaron lesionados debido a errores de medicaci\u00f3n:<\/p>\n<ul>\n<li>Un m\u00e9dico de rehabilitaci\u00f3n, medic\u00f3 en exceso a un paciemte de 78 a\u00f1os con morfina, lo que result\u00f3 en un paro cardiopulmonar y <u>da\u00f1o cerebral<\/u>.<\/li>\n<li>A un paciente de 36 a\u00f1os se le administr\u00f3 Fentanilo y Propofol para un procedimiento m\u00e9dico, luego tuvo dificultades respiratorias que los profesionales m\u00e9dicos no notaron. Debido a la intubaci\u00f3n retardada, el hombre sufri\u00f3 da\u00f1o cerebral permanente. <\/li>\n<li>Un m\u00e9dico administr\u00f3 incorrectamente una inyecci\u00f3n epidural que result\u00f3 en paraplejia.<\/li>\n<li>Un m\u00e9dico recet\u00f3 el antibi\u00f3tico incorrecto para la infecci\u00f3n de un paciente de 56 a\u00f1os, lo que llev\u00f3 a la propagaci\u00f3n de la infecci\u00f3n y la destrucci\u00f3n de las v\u00e1lvulas card\u00edacas del paciente.<\/li>\n<li>Un m\u00e9dico no monitore\u00f3 los niveles de diluyentes sangu\u00edneos de un paciente de 68 a\u00f1os, lo que result\u00f3 en sangrado cerebral y muerte.<\/li>\n<\/ul>\n<h2><strong>Buscar justicia con representaci\u00f3n diligente<\/strong><\/h2>\n<p>Los hospitales, farmacias y m\u00e9dicos pueden contratar grandes firmas de abogados para la representaci\u00f3n. Aseg\u00farate de tener un equipo agresivo y bien informado de tu lado. Para obtener m\u00e1s informaci\u00f3n sobre c\u00f3mo podemos ayudarlo, ll\u00e1menos al <a href=\"tel:+1-877-957-8830\">(800) 331-5753<\/a> o complete nuestro formulario de admisi\u00f3n <a href=\"https:\/\/www.rr-law.com\/contact\/\">por correo electr\u00f3nico<\/a>.<\/p>\n<\/div><div class=\"fusion-clearfix\"><\/div><\/div><\/div><\/div><\/div>\n","protected":false},"excerpt":{"rendered":"","protected":false},"author":1,"featured_media":0,"parent":1280,"menu_order":0,"comment_status":"closed","ping_status":"closed","template":"","meta":{"two_page_speed":{"current_score":{"desktop_score":93,"desktop_tti":"0.9\u00a0","mobile_score":91,"mobile_tti":"3.4\u00a0","date":"01.04.2025 11:55:03 am","status":"completed"}},"footnotes":""},"class_list":["post-1314","page","type-page","status-publish","hentry"],"yoast_head":"<!-- This site is optimized with the Yoast SEO plugin v23.4 - https:\/\/yoast.com\/wordpress\/plugins\/seo\/ -->\n<title>Errores de medicaci\u00f3n - RR-Law<\/title>\n<meta name=\"robots\" content=\"index, follow, max-snippet:-1, max-image-preview:large, max-video-preview:-1\" \/>\n<link rel=\"canonical\" href=\"https:\/\/www.rr-law.com\/es\/areas-de-practica\/errores-de-medicacion\/\" \/>\n<meta property=\"og:locale\" content=\"es_ES\" \/>\n<meta property=\"og:type\" content=\"article\" \/>\n<meta property=\"og:title\" content=\"Errores de medicaci\u00f3n - RR-Law\" \/>\n<meta property=\"og:url\" content=\"https:\/\/www.rr-law.com\/es\/areas-de-practica\/errores-de-medicacion\/\" \/>\n<meta property=\"og:site_name\" content=\"RR-Law\" \/>\n<meta property=\"article:modified_time\" content=\"2025-04-01T11:54:29+00:00\" \/>\n<meta name=\"twitter:card\" content=\"summary_large_image\" \/>\n<meta name=\"twitter:label1\" content=\"Tiempo de lectura\" \/>\n\t<meta name=\"twitter:data1\" content=\"4 minutos\" \/>\n<script type=\"application\/ld+json\" class=\"yoast-schema-graph\">{\"@context\":\"https:\/\/schema.org\",\"@graph\":[{\"@type\":\"WebPage\",\"@id\":\"https:\/\/www.rr-law.com\/es\/areas-de-practica\/errores-de-medicacion\/\",\"url\":\"https:\/\/www.rr-law.com\/es\/areas-de-practica\/errores-de-medicacion\/\",\"name\":\"Errores de medicaci\u00f3n - RR-Law\",\"isPartOf\":{\"@id\":\"https:\/\/www.rr-law.com\/#website\"},\"datePublished\":\"2020-05-11T20:56:57+00:00\",\"dateModified\":\"2025-04-01T11:54:29+00:00\",\"breadcrumb\":{\"@id\":\"https:\/\/www.rr-law.com\/es\/areas-de-practica\/errores-de-medicacion\/#breadcrumb\"},\"inLanguage\":\"es\",\"potentialAction\":[{\"@type\":\"ReadAction\",\"target\":[\"https:\/\/www.rr-law.com\/es\/areas-de-practica\/errores-de-medicacion\/\"]}]},{\"@type\":\"BreadcrumbList\",\"@id\":\"https:\/\/www.rr-law.com\/es\/areas-de-practica\/errores-de-medicacion\/#breadcrumb\",\"itemListElement\":[{\"@type\":\"ListItem\",\"position\":1,\"name\":\"Home\",\"item\":\"https:\/\/www.rr-law.com\/es\/home\/\"},{\"@type\":\"ListItem\",\"position\":2,\"name\":\"\u00c1reas de Pr\u00e1ctica\",\"item\":\"https:\/\/www.rr-law.com\/es\/areas-de-practica\/\"},{\"@type\":\"ListItem\",\"position\":3,\"name\":\"Errores de medicaci\u00f3n\"}]},{\"@type\":\"WebSite\",\"@id\":\"https:\/\/www.rr-law.com\/#website\",\"url\":\"https:\/\/www.rr-law.com\/\",\"name\":\"RR-Law\",\"description\":\"Medical Malpractice Law Firm, Schaumburg IL\",\"potentialAction\":[{\"@type\":\"SearchAction\",\"target\":{\"@type\":\"EntryPoint\",\"urlTemplate\":\"https:\/\/www.rr-law.com\/?s={search_term_string}\"},\"query-input\":{\"@type\":\"PropertyValueSpecification\",\"valueRequired\":true,\"valueName\":\"search_term_string\"}}],\"inLanguage\":\"es\"}]}<\/script>\n<!-- \/ Yoast SEO plugin. -->","yoast_head_json":{"title":"Errores de medicaci\u00f3n - RR-Law","robots":{"index":"index","follow":"follow","max-snippet":"max-snippet:-1","max-image-preview":"max-image-preview:large","max-video-preview":"max-video-preview:-1"},"canonical":"https:\/\/www.rr-law.com\/es\/areas-de-practica\/errores-de-medicacion\/","og_locale":"es_ES","og_type":"article","og_title":"Errores de medicaci\u00f3n - RR-Law","og_url":"https:\/\/www.rr-law.com\/es\/areas-de-practica\/errores-de-medicacion\/","og_site_name":"RR-Law","article_modified_time":"2025-04-01T11:54:29+00:00","twitter_card":"summary_large_image","twitter_misc":{"Tiempo de lectura":"4 minutos"},"schema":{"@context":"https:\/\/schema.org","@graph":[{"@type":"WebPage","@id":"https:\/\/www.rr-law.com\/es\/areas-de-practica\/errores-de-medicacion\/","url":"https:\/\/www.rr-law.com\/es\/areas-de-practica\/errores-de-medicacion\/","name":"Errores de medicaci\u00f3n - RR-Law","isPartOf":{"@id":"https:\/\/www.rr-law.com\/#website"},"datePublished":"2020-05-11T20:56:57+00:00","dateModified":"2025-04-01T11:54:29+00:00","breadcrumb":{"@id":"https:\/\/www.rr-law.com\/es\/areas-de-practica\/errores-de-medicacion\/#breadcrumb"},"inLanguage":"es","potentialAction":[{"@type":"ReadAction","target":["https:\/\/www.rr-law.com\/es\/areas-de-practica\/errores-de-medicacion\/"]}]},{"@type":"BreadcrumbList","@id":"https:\/\/www.rr-law.com\/es\/areas-de-practica\/errores-de-medicacion\/#breadcrumb","itemListElement":[{"@type":"ListItem","position":1,"name":"Home","item":"https:\/\/www.rr-law.com\/es\/home\/"},{"@type":"ListItem","position":2,"name":"\u00c1reas de Pr\u00e1ctica","item":"https:\/\/www.rr-law.com\/es\/areas-de-practica\/"},{"@type":"ListItem","position":3,"name":"Errores de medicaci\u00f3n"}]},{"@type":"WebSite","@id":"https:\/\/www.rr-law.com\/#website","url":"https:\/\/www.rr-law.com\/","name":"RR-Law","description":"Medical Malpractice Law Firm, Schaumburg IL","potentialAction":[{"@type":"SearchAction","target":{"@type":"EntryPoint","urlTemplate":"https:\/\/www.rr-law.com\/?s={search_term_string}"},"query-input":{"@type":"PropertyValueSpecification","valueRequired":true,"valueName":"search_term_string"}}],"inLanguage":"es"}]}},"_links":{"self":[{"href":"https:\/\/www.rr-law.com\/es\/wp-json\/wp\/v2\/pages\/1314"}],"collection":[{"href":"https:\/\/www.rr-law.com\/es\/wp-json\/wp\/v2\/pages"}],"about":[{"href":"https:\/\/www.rr-law.com\/es\/wp-json\/wp\/v2\/types\/page"}],"author":[{"embeddable":true,"href":"https:\/\/www.rr-law.com\/es\/wp-json\/wp\/v2\/users\/1"}],"replies":[{"embeddable":true,"href":"https:\/\/www.rr-law.com\/es\/wp-json\/wp\/v2\/comments?post=1314"}],"version-history":[{"count":2,"href":"https:\/\/www.rr-law.com\/es\/wp-json\/wp\/v2\/pages\/1314\/revisions"}],"predecessor-version":[{"id":1316,"href":"https:\/\/www.rr-law.com\/es\/wp-json\/wp\/v2\/pages\/1314\/revisions\/1316"}],"up":[{"embeddable":true,"href":"https:\/\/www.rr-law.com\/es\/wp-json\/wp\/v2\/pages\/1280"}],"wp:attachment":[{"href":"https:\/\/www.rr-law.com\/es\/wp-json\/wp\/v2\/media?parent=1314"}],"curies":[{"name":"wp","href":"https:\/\/api.w.org\/{rel}","templated":true}]}}