{"id":1317,"date":"2020-05-11T20:59:05","date_gmt":"2020-05-11T20:59:05","guid":{"rendered":"https:\/\/www.rr-law.com\/areas-de-practica\/lesiones-personales-catastroficas\/"},"modified":"2025-04-03T02:55:52","modified_gmt":"2025-04-03T02:55:52","slug":"lesiones-personales-catastroficas","status":"publish","type":"page","link":"https:\/\/www.rr-law.com\/es\/areas-de-practica\/lesiones-personales-catastroficas\/","title":{"rendered":"Lesiones Personales Catastr\u00f3ficas"},"content":{"rendered":"<div class=\"fusion-fullwidth fullwidth-box fusion-builder-row-1 nonhundred-percent-fullwidth non-hundred-percent-height-scrolling\" style=\"--awb-border-radius-top-left:0px;--awb-border-radius-top-right:0px;--awb-border-radius-bottom-right:0px;--awb-border-radius-bottom-left:0px;--awb-flex-wrap:wrap;\" ><div class=\"fusion-builder-row fusion-row\"><div class=\"fusion-layout-column fusion_builder_column fusion-builder-column-0 fusion_builder_column_1_1 1_1 fusion-one-full fusion-column-first fusion-column-last\" style=\"--awb-bg-size:cover;\"><div class=\"fusion-column-wrapper fusion-column-has-shadow fusion-flex-column-wrapper-legacy\"><div class=\"fusion-text fusion-text-1\"><h1>Lesiones Personales Catastr\u00f3ficas<\/h1>\n<p>Si usted o un ser querido result\u00f3 lesionado como resultado del descuido de otra persona, comportamiento innecesariamente peligroso o conducta negligente, por favor p\u00f3ngase en contacto con nuestra firma para una consulta gratuita. En Raymond &amp; Raymond, Ltd., creemos que si alguien se lesiona y que la lesi\u00f3n se debe a la negligencia y no hay culpa propia, la persona lesionada merece una compensaci\u00f3n completa, y la ley en Illinois permite una compensaci\u00f3n completa por sus lesiones. <\/p>\n<p>En Raymond &amp; Raymond, Ltd. trabajamos incansablemente para asegurar que nuestros clientes reciban una compensaci\u00f3n completa bajo cada una de las categor\u00edas disponibles de lesiones bajo la Ley de Illinois. Las lesiones por las que se permite una indemnizaci\u00f3n a una persona incluyen: <\/p>\n<ul>\n<li>P\u00e9rdida de la vida normal (pasado y futuro); Discapacidad<\/li>\n<li>Discapacidad (pasado y futuro);<\/li>\n<li>Dolor y sufrimiento (pasado y futuro);<\/li>\n<li>Cuentas m\u00e9dicas (pasado y futuro);<\/li>\n<li>P\u00e9rdida de ingresos\/ sueldos perdidos (pasado y futuro);<\/li>\n<li>Muerte por negligencia<\/li>\n<li>P\u00e9rdida de la sociedad (p\u00e9rdida de Una familia por un pariente fallecido)<\/li>\n<li>Sufrimiento emocional<\/li>\n<\/ul>\n<p>Algunas personas creen que, aunque fueron injustamente lesionadas como resultado de la conducta negligente de otra persona, no deber\u00edan tener un abogado que investigue su posible reclamo porque creen que las demandas por lesiones personales son err\u00f3neas. Estas mismas personas a menudo no se dan cuenta de que el infractor tiene un seguro para este mismo prop\u00f3sito y han estado pagando premium durante a\u00f1os solo en lo que caus\u00f3 su lesi\u00f3n que iba a suceder. Por lo tanto, el efecto de una demanda contra el infractor ser\u00e1 peque\u00f1o y no devastador para su bienestar. Despu\u00e9s de todo, esa es la raz\u00f3n por la que tienen seguro de responsabilidad civil para empezar. Si el infractor es demandado, es probable que notifique a su compa\u00f1\u00eda de seguros que luego contrate a abogados para defenderlos en la corte. Una gran mayor\u00eda de las veces cualquier acuerdo o veredicto que se recibe de una demanda por lesiones personales est\u00e1 cubierto por la p\u00f3liza de seguro de responsabilidad civil. Por lo tanto, lo \u00fanico que una persona pierde al no ponerse en contacto con un abogado para investigar su posible demanda de lesiones personales es la posibilidad de compensaci\u00f3n por los da\u00f1os y p\u00e9rdidas que han sufrido como resultado de sus lesiones. \u00bfPor qu\u00e9 vivir con las lesiones causadas por un malhechor sin la oportunidad de recibir una compensaci\u00f3n completa?       <\/p>\n<p>En Raymond &amp; Raymond, Ltd., nuestros abogados han representado a clientes y han visto negligencia en una multitud de casos catastr\u00f3ficos de lesiones personales. Algunos ejemplos incluyen: <\/p>\n<ul>\n<li>Accidentes automovil\u00edsticos (accidentes automovil\u00edsticos y camiones);<\/li>\n<li>Accidentes de bicicleta;<\/li>\n<li>Responsabilidad en las instalaciones;\n<ul>\n<li>Resbal\u00f3n\/Viaje y Ca\u00edda;<\/li>\n<li>Insuficiencia en el Elevador ocasionada por lesiones;<\/li>\n<li>Condici\u00f3n peligrosa de la propiedad causada por lesiones;<\/li>\n<\/ul>\n<\/li>\n<li>Inconducta\/Brutalidad de la Polic\u00eda;<\/li>\n<li>Actos intencionales de violencia;<\/li>\n<li>Negligencia en la construcci\u00f3n;<\/li>\n<li>Abuso sexual\/mala conducta;<\/li>\n<li>Acoso\/ abuso \/ intimidaci\u00f3n; y<\/li>\n<li>despido injustificado<\/li>\n<\/ul>\n<p>Lucharemos por nuestros clientes que son v\u00edctimas de lesiones personales catastr\u00f3ficas para garantizar que las compa\u00f1\u00edas de seguros y los infractores sean responsables y nuestros clientes reciban nada menos que una compensaci\u00f3n completa.<\/p>\n<p>Si usted cree que usted o un ser querido sufri\u00f3 una lesi\u00f3n personal catastr\u00f3fica que podr\u00eda ser la negligencia de la v\u00edctima de otro, por favor p\u00f3ngase en contacto con nuestra firma para una consulta gratuita para ver si podemos ayudar. Ser\u00eda un privilegio proveer justicia para usted y su familia.<\/p>\n<\/div><div class=\"fusion-clearfix\"><\/div><\/div><\/div><\/div><\/div>\n","protected":false},"excerpt":{"rendered":"","protected":false},"author":1,"featured_media":0,"parent":1280,"menu_order":0,"comment_status":"closed","ping_status":"closed","template":"","meta":{"two_page_speed":{"current_score":{"desktop_score":96,"desktop_tti":"0.8\u00a0","mobile_score":94,"mobile_tti":"3.4\u00a0","date":"03.04.2025 02:56:22 am","status":"completed"}},"footnotes":""},"class_list":["post-1317","page","type-page","status-publish","hentry"],"yoast_head":"<!-- This site is optimized with the Yoast SEO plugin v23.4 - https:\/\/yoast.com\/wordpress\/plugins\/seo\/ -->\n<title>Lesiones Personales Catastr\u00f3ficas - RR-Law<\/title>\n<meta name=\"robots\" content=\"index, follow, max-snippet:-1, max-image-preview:large, max-video-preview:-1\" \/>\n<link rel=\"canonical\" href=\"https:\/\/www.rr-law.com\/es\/areas-de-practica\/lesiones-personales-catastroficas\/\" \/>\n<meta property=\"og:locale\" content=\"es_ES\" \/>\n<meta property=\"og:type\" content=\"article\" \/>\n<meta property=\"og:title\" content=\"Lesiones Personales Catastr\u00f3ficas - RR-Law\" \/>\n<meta property=\"og:url\" content=\"https:\/\/www.rr-law.com\/es\/areas-de-practica\/lesiones-personales-catastroficas\/\" \/>\n<meta property=\"og:site_name\" content=\"RR-Law\" \/>\n<meta property=\"article:modified_time\" content=\"2025-04-03T02:55:52+00:00\" \/>\n<meta name=\"twitter:card\" content=\"summary_large_image\" \/>\n<meta name=\"twitter:label1\" content=\"Tiempo de lectura\" \/>\n\t<meta name=\"twitter:data1\" content=\"5 minutos\" \/>\n<script type=\"application\/ld+json\" class=\"yoast-schema-graph\">{\"@context\":\"https:\/\/schema.org\",\"@graph\":[{\"@type\":\"WebPage\",\"@id\":\"https:\/\/www.rr-law.com\/es\/areas-de-practica\/lesiones-personales-catastroficas\/\",\"url\":\"https:\/\/www.rr-law.com\/es\/areas-de-practica\/lesiones-personales-catastroficas\/\",\"name\":\"Lesiones Personales Catastr\u00f3ficas - RR-Law\",\"isPartOf\":{\"@id\":\"https:\/\/www.rr-law.com\/#website\"},\"datePublished\":\"2020-05-11T20:59:05+00:00\",\"dateModified\":\"2025-04-03T02:55:52+00:00\",\"breadcrumb\":{\"@id\":\"https:\/\/www.rr-law.com\/es\/areas-de-practica\/lesiones-personales-catastroficas\/#breadcrumb\"},\"inLanguage\":\"es\",\"potentialAction\":[{\"@type\":\"ReadAction\",\"target\":[\"https:\/\/www.rr-law.com\/es\/areas-de-practica\/lesiones-personales-catastroficas\/\"]}]},{\"@type\":\"BreadcrumbList\",\"@id\":\"https:\/\/www.rr-law.com\/es\/areas-de-practica\/lesiones-personales-catastroficas\/#breadcrumb\",\"itemListElement\":[{\"@type\":\"ListItem\",\"position\":1,\"name\":\"Home\",\"item\":\"https:\/\/www.rr-law.com\/es\/home\/\"},{\"@type\":\"ListItem\",\"position\":2,\"name\":\"\u00c1reas de Pr\u00e1ctica\",\"item\":\"https:\/\/www.rr-law.com\/es\/areas-de-practica\/\"},{\"@type\":\"ListItem\",\"position\":3,\"name\":\"Lesiones Personales Catastr\u00f3ficas\"}]},{\"@type\":\"WebSite\",\"@id\":\"https:\/\/www.rr-law.com\/#website\",\"url\":\"https:\/\/www.rr-law.com\/\",\"name\":\"RR-Law\",\"description\":\"Medical Malpractice Law Firm, Schaumburg IL\",\"potentialAction\":[{\"@type\":\"SearchAction\",\"target\":{\"@type\":\"EntryPoint\",\"urlTemplate\":\"https:\/\/www.rr-law.com\/?s={search_term_string}\"},\"query-input\":{\"@type\":\"PropertyValueSpecification\",\"valueRequired\":true,\"valueName\":\"search_term_string\"}}],\"inLanguage\":\"es\"}]}<\/script>\n<!-- \/ Yoast SEO plugin. -->","yoast_head_json":{"title":"Lesiones Personales Catastr\u00f3ficas - RR-Law","robots":{"index":"index","follow":"follow","max-snippet":"max-snippet:-1","max-image-preview":"max-image-preview:large","max-video-preview":"max-video-preview:-1"},"canonical":"https:\/\/www.rr-law.com\/es\/areas-de-practica\/lesiones-personales-catastroficas\/","og_locale":"es_ES","og_type":"article","og_title":"Lesiones Personales Catastr\u00f3ficas - RR-Law","og_url":"https:\/\/www.rr-law.com\/es\/areas-de-practica\/lesiones-personales-catastroficas\/","og_site_name":"RR-Law","article_modified_time":"2025-04-03T02:55:52+00:00","twitter_card":"summary_large_image","twitter_misc":{"Tiempo de lectura":"5 minutos"},"schema":{"@context":"https:\/\/schema.org","@graph":[{"@type":"WebPage","@id":"https:\/\/www.rr-law.com\/es\/areas-de-practica\/lesiones-personales-catastroficas\/","url":"https:\/\/www.rr-law.com\/es\/areas-de-practica\/lesiones-personales-catastroficas\/","name":"Lesiones Personales Catastr\u00f3ficas - RR-Law","isPartOf":{"@id":"https:\/\/www.rr-law.com\/#website"},"datePublished":"2020-05-11T20:59:05+00:00","dateModified":"2025-04-03T02:55:52+00:00","breadcrumb":{"@id":"https:\/\/www.rr-law.com\/es\/areas-de-practica\/lesiones-personales-catastroficas\/#breadcrumb"},"inLanguage":"es","potentialAction":[{"@type":"ReadAction","target":["https:\/\/www.rr-law.com\/es\/areas-de-practica\/lesiones-personales-catastroficas\/"]}]},{"@type":"BreadcrumbList","@id":"https:\/\/www.rr-law.com\/es\/areas-de-practica\/lesiones-personales-catastroficas\/#breadcrumb","itemListElement":[{"@type":"ListItem","position":1,"name":"Home","item":"https:\/\/www.rr-law.com\/es\/home\/"},{"@type":"ListItem","position":2,"name":"\u00c1reas de Pr\u00e1ctica","item":"https:\/\/www.rr-law.com\/es\/areas-de-practica\/"},{"@type":"ListItem","position":3,"name":"Lesiones Personales Catastr\u00f3ficas"}]},{"@type":"WebSite","@id":"https:\/\/www.rr-law.com\/#website","url":"https:\/\/www.rr-law.com\/","name":"RR-Law","description":"Medical Malpractice Law Firm, Schaumburg IL","potentialAction":[{"@type":"SearchAction","target":{"@type":"EntryPoint","urlTemplate":"https:\/\/www.rr-law.com\/?s={search_term_string}"},"query-input":{"@type":"PropertyValueSpecification","valueRequired":true,"valueName":"search_term_string"}}],"inLanguage":"es"}]}},"_links":{"self":[{"href":"https:\/\/www.rr-law.com\/es\/wp-json\/wp\/v2\/pages\/1317"}],"collection":[{"href":"https:\/\/www.rr-law.com\/es\/wp-json\/wp\/v2\/pages"}],"about":[{"href":"https:\/\/www.rr-law.com\/es\/wp-json\/wp\/v2\/types\/page"}],"author":[{"embeddable":true,"href":"https:\/\/www.rr-law.com\/es\/wp-json\/wp\/v2\/users\/1"}],"replies":[{"embeddable":true,"href":"https:\/\/www.rr-law.com\/es\/wp-json\/wp\/v2\/comments?post=1317"}],"version-history":[{"count":2,"href":"https:\/\/www.rr-law.com\/es\/wp-json\/wp\/v2\/pages\/1317\/revisions"}],"predecessor-version":[{"id":1319,"href":"https:\/\/www.rr-law.com\/es\/wp-json\/wp\/v2\/pages\/1317\/revisions\/1319"}],"up":[{"embeddable":true,"href":"https:\/\/www.rr-law.com\/es\/wp-json\/wp\/v2\/pages\/1280"}],"wp:attachment":[{"href":"https:\/\/www.rr-law.com\/es\/wp-json\/wp\/v2\/media?parent=1317"}],"curies":[{"name":"wp","href":"https:\/\/api.w.org\/{rel}","templated":true}]}}