{"id":1333,"date":"2020-05-09T16:25:46","date_gmt":"2020-05-09T16:25:46","guid":{"rendered":"https:\/\/www.rr-law.com\/los-resultados\/"},"modified":"2025-03-31T20:56:52","modified_gmt":"2025-03-31T20:56:52","slug":"los-resultados","status":"publish","type":"page","link":"https:\/\/www.rr-law.com\/es\/los-resultados\/","title":{"rendered":"Los resultados"},"content":{"rendered":"<p><div class=\"fusion-fullwidth fullwidth-box fusion-builder-row-1 nonhundred-percent-fullwidth non-hundred-percent-height-scrolling\" style=\"--awb-border-radius-top-left:0px;--awb-border-radius-top-right:0px;--awb-border-radius-bottom-right:0px;--awb-border-radius-bottom-left:0px;--awb-flex-wrap:wrap;\" ><div class=\"fusion-builder-row fusion-row\"><div class=\"fusion-layout-column fusion_builder_column fusion-builder-column-0 fusion_builder_column_1_1 1_1 fusion-one-full fusion-column-first fusion-column-last\" style=\"--awb-bg-size:cover;\"><div class=\"fusion-column-wrapper fusion-column-has-shadow fusion-flex-column-wrapper-legacy\"><div class=\"fusion-text fusion-text-1\"><h1>Los resultados<\/h1>\n<\/div><div class=\"fusion-clearfix\"><\/div><\/div><\/div><div class=\"fusion-layout-column fusion_builder_column fusion-builder-column-1 fusion_builder_column_1_1 1_1 fusion-one-full fusion-column-first fusion-column-last\" style=\"--awb-bg-size:cover;\"><div class=\"fusion-column-wrapper fusion-column-has-shadow fusion-flex-column-wrapper-legacy\"><div class=\"fusion-text fusion-text-2\"><p>En Raymond &amp; Raymond, Ltd., hemos tenido el privilegio de representar a cientos de clientes en su viaje hacia la justicia. Estamos orgullosos de proporcionar representaci\u00f3n de calidad a personas de todos los \u00e1mbitos de la vida, para dar una voz a los sin voz, y para hacer responsables a los malhechores. Nada puede deshacer el trauma, el dolor y el sufrimiento experimentado por la negligencia de un proveedor m\u00e9dico. La mayor\u00eda de nuestros clientes simplemente quieren asegurarse de que lo que les sucedi\u00f3 nunca le sucede a otra persona: quieren la responsabilidad. La mejor manera de asegurarse de que esto nunca vuelva a suceder, y la forma en que la ley lo permite, es golpear a los malhechores donde duele: Su billetera.    <\/p>\n<p>A lo largo de los a\u00f1os hemos tenido la suerte de ayudar a las personas lesionadas de todos los \u00e1mbitos de la vida en Illinois, y podemos decir con orgullo que los abogados de nuestra firma han logrado colectivamente m\u00e1s de $100 millones para nuestros clientes. Sin embargo, en Raymond &amp; Raymond, Ltd., nuestros clientes nunca son tratados como un n\u00famero; antes, durante o despu\u00e9s de nuestra representaci\u00f3n. Aunque estamos orgullosos de todos nuestros logros para nuestros clientes, su satisfacci\u00f3n personal y privacidad son lo m\u00e1s importante.  <\/p>\n<p>Cada evento tr\u00e1gico que lleva a alguien a buscar un abogado es diferente. Cada caso es diferente. La historia de cada cliente es diferente. Cada relaci\u00f3n afectada es diferente. Cada p\u00e9rdida es diferente. Cada persona experimenta el dolor de manera diferente.     <\/p>\n<p>Al proporcionar atenci\u00f3n personalizada a cada caso, esperamos proporcionar una representaci\u00f3n excepcional a todos y cada uno de los clientes.<\/p>\n<p>Pero no te f\u00edes solo de nuestra palabra. Vea lo que algunos clientes anteriores tienen que decir sobre Raymond &amp; Raymond, Ltd.<\/p>\n<\/div><div class=\"fusion-clearfix\"><\/div><\/div><\/div><\/div><\/div><div class=\"fusion-fullwidth fullwidth-box fusion-builder-row-2 nonhundred-percent-fullwidth non-hundred-percent-height-scrolling\" style=\"--awb-border-radius-top-left:0px;--awb-border-radius-top-right:0px;--awb-border-radius-bottom-right:0px;--awb-border-radius-bottom-left:0px;--awb-flex-wrap:wrap;\" ><div class=\"fusion-builder-row fusion-row\"><div class=\"fusion-layout-column fusion_builder_column fusion-builder-column-2 fusion_builder_column_1_1 1_1 fusion-one-full fusion-column-first fusion-column-last\" style=\"--awb-bg-size:cover;\"><div class=\"fusion-column-wrapper fusion-column-has-shadow fusion-flex-column-wrapper-legacy\"><div class=\"fusion-text fusion-text-3\"><div class=\"strong-view strong-view-id-1 default wpmtst-default slider-container slider-mode-fade slider-adaptive controls-style-buttons3 nav-position-inside\" data-count=4 data-slider-var=strong_slider_id_1 data-state=idle><div class=\"strong-content wpmslider-content\"><div class=\"wpmtst-testimonial testimonial t-slide post-1340\"><div class=\"wpmtst-testimonial-inner testimonial-inner\"><h3 class=\"wpmtst-testimonial-heading testimonial-heading\">Angela<\/h3><div data-infinite-loop=\"false\"   class=\"wpmtst-testimonial-content testimonial-content\"><div class=\"wpmtst-testimonial-image testimonial-image\"><img decoding=\"async\" width=\"300\" height=\"294\" src=\"https:\/\/www.rr-law.com\/wp-content\/uploads\/2020\/07\/Angela_Thumb-300x294.jpg\" class=\"attachment-medium size-medium wp-post-image\" alt=\"Angela_Thumb\" srcset=\"https:\/\/www.rr-law.com\/wp-content\/uploads\/2020\/07\/Angela_Thumb-66x66.jpg 66w, https:\/\/www.rr-law.com\/wp-content\/uploads\/2020\/07\/Angela_Thumb-200x196.jpg 200w, https:\/\/www.rr-law.com\/wp-content\/uploads\/2020\/07\/Angela_Thumb-300x294.jpg 300w, https:\/\/www.rr-law.com\/wp-content\/uploads\/2020\/07\/Angela_Thumb-400x393.jpg 400w, https:\/\/www.rr-law.com\/wp-content\/uploads\/2020\/07\/Angela_Thumb-600x589.jpg 600w, https:\/\/www.rr-law.com\/wp-content\/uploads\/2020\/07\/Angela_Thumb.jpg 700w\" sizes=\"(max-width: 300px) 100vw, 300px\" \/><\/div><div class=\"maybe-clear\"><\/div><p>En marzo de 2011, mi esposo sufri\u00f3 un derrame cerebral severo debido a la negligencia de un hospital. Esta lesi\u00f3n lo dej\u00f3 con algunas discapacidades. Yo tuve que cuidar de mi esposo, hijos, nuestra casa y trabajar un trabajo de tiempo completo. Sab\u00eda que este hospital no cumpl\u00eda con sus est\u00e1ndares, as\u00ed que comenc\u00e9 a buscar en las p\u00e1ginas amarillas un buen abogado para escuchar de lo injustamente que mi esposo fue tratado. Me encontr\u00e9 con Raymond y Raymond. Le\u00ed sus cr\u00edticas y sab\u00eda que eran ellos los que deb\u00edan llamar. Llam\u00e9 a una consulta y habl\u00e9 con Patty Raymond y desde ese momento ella era genuina, preocupada y cari\u00f1osa. Luego organiz\u00f3 una reuni\u00f3n en nuestra casa para que conoci\u00e9ramos a Clark y \u00e9l pose\u00eda los mismos valores que Patty, genuino, preocupado y cari\u00f1oso. Justo al conocerlos sab\u00edamos que estaban orientados a la familia y estaban preocupados por lo que hab\u00eda ocurrido en este hospital. Han tratado a nuestra familia con nada m\u00e1s que compasi\u00f3n e integridad. De cada llamada telef\u00f3nica, pregunta y preocupaci\u00f3n, estaban all\u00ed para mantenernos informados de todo lo que estaba pasando con el caso, sin importar lo ocupados que estaban. Te garantizo que con los Raymonds nunca habr\u00e1 dudas o incertidumbres. Sin duda ellos hicieron lo m\u00e1s posible para ayudar a nuestra familia. A lo largo de toda la prueba nuestra comodidad permaneci\u00f3 con los Raymonds. Si usted est\u00e1 buscando a un abogado que realmente se preocupe por usted y luche contra la negligencia m\u00e9dica, los Raymond son los que debe llamar. Definitivamente les doy diez estrellas.               <\/p><\/div><div class=\"clear\"><\/div><\/div><\/div><div class=\"wpmtst-testimonial testimonial t-slide post-1339\"><div class=\"wpmtst-testimonial-inner testimonial-inner\"><h3 class=\"wpmtst-testimonial-heading testimonial-heading\">Kizzie<\/h3><div data-infinite-loop=\"false\"   class=\"wpmtst-testimonial-content testimonial-content\"><div class=\"wpmtst-testimonial-image testimonial-image\"><img decoding=\"async\" width=\"225\" height=\"300\" src=\"https:\/\/www.rr-law.com\/wp-content\/uploads\/2020\/07\/Willis-Kizzie-and-the-kids-225x300.jpg\" class=\"attachment-medium size-medium wp-post-image\" alt=\"Willis - Kizzie and the kids\" srcset=\"https:\/\/www.rr-law.com\/wp-content\/uploads\/2020\/07\/Willis-Kizzie-and-the-kids-200x266.jpg 200w, https:\/\/www.rr-law.com\/wp-content\/uploads\/2020\/07\/Willis-Kizzie-and-the-kids-225x300.jpg 225w, https:\/\/www.rr-law.com\/wp-content\/uploads\/2020\/07\/Willis-Kizzie-and-the-kids.jpg 397w\" sizes=\"(max-width: 225px) 100vw, 225px\" \/><\/div><div class=\"maybe-clear\"><\/div><p>Los Raymonds son los mejores abogados y bufetes de abogados con los que he tratado. Te hacen sentir como si fueras familia todo el tiempo que trabajaron en mi caso. No se acercaron a m\u00ed solo para hablar de mi caso. Ellos llamaban solo para saludarme a m\u00ed y a mi familia y realmente pens\u00e9 que era especial porque son personas muy ocupadas, pero hicieron tiempo solo para llegar a nosotros. Siempre siento en mi coraz\u00f3n que son mi familia y todav\u00eda los llamo para pedir consejo y todav\u00eda me contestan el tel\u00e9fono cada vez que llamo -mi caso ha terminado durante dos a\u00f1os- pero para resumir todo, son realmente la verdad. \u00a1Los quiero mucho, Raymond y Raymond!     <\/p><\/div><div class=\"clear\"><\/div><\/div><\/div><div class=\"wpmtst-testimonial testimonial t-slide post-1338\"><div class=\"wpmtst-testimonial-inner testimonial-inner\"><h3 class=\"wpmtst-testimonial-heading testimonial-heading\">RS<\/h3><div data-infinite-loop=\"false\"   class=\"wpmtst-testimonial-content testimonial-content\"><div class=\"maybe-clear\"><\/div><p>A pesar de las desafortunadas circunstancias que llevaron a nuestra familia a Raymond y Raymond, pudimos encontrar una luz a trav\u00e9s de nuestras experiencias en esta firma. No solo ayudaron a nuestra misi\u00f3n de buscar justicia, sino que hicieron que este viaje arduo fuera sin problemas y soportable para toda la familia. Mis hijas e hijo fueron tratados con empat\u00eda y preocupaci\u00f3n durante todo el proceso. Durante cualquier reuni\u00f3n con los abogados, se mantuvieron juntos por el bien de su bienestar; un acto que apreci\u00e9 mucho. Realmente cultivaron un ambiente de apoyo no solo para m\u00ed, sino para los ni\u00f1os. En tiempos tan traum\u00e1ticos, enfrentarse a la mala praxis parece tan fuera de nuestro alcance; fuimos bendecidos de haber tenido este firme defensor de nuestra familia.     <\/p><\/div><div class=\"clear\"><\/div><\/div><\/div><div class=\"wpmtst-testimonial testimonial t-slide post-1337\"><div class=\"wpmtst-testimonial-inner testimonial-inner\"><h3 class=\"wpmtst-testimonial-heading testimonial-heading\">MZ<\/h3><div data-infinite-loop=\"false\"   class=\"wpmtst-testimonial-content testimonial-content\"><div class=\"maybe-clear\"><\/div><p>Hace unos a\u00f1os tuve una cirug\u00eda de pie que cambi\u00f3 mi vida y no para mejor. De alguna manera, el m\u00e9dico que iba a extirpar un espol\u00f3n del tal\u00f3n no trat\u00f3 una infecci\u00f3n de manera oportuna y da\u00f1\u00f3 mi tend\u00f3n de Aquiles. Estuve inmovilizado durante muchos meses, pas\u00e9 por muchos meses de terapia f\u00edsica, y siempre caminar\u00e9 con cojera, y tengo un equilibrio inestable. Despu\u00e9s de mucha b\u00fasqueda de almas, me puse en contacto con varios abogados y encontr\u00e9 que nadie pod\u00eda tomar mi caso debido a un conflicto de intereses o una falta de inter\u00e9s. Afortunadamente, me refirieron a Raymond y Raymond. Encontr\u00e9 un equipo experimentado que era cuidadoso, ten\u00eda un alto nivel de integridad, que me manten\u00eda informado en cada paso del camino. Esta fue mi primera experiencia con una demanda legal. Los abogados de Raymond y Raymond r\u00e1pidamente ganaron mi confianza a trav\u00e9s de la transparencia, la comunicaci\u00f3n clara y oportuna, y trabajando duro para ganar mi caso. Estoy agradecido de haber encontrado a este equipo para representarme y lo recomendar\u00eda altamente.        <\/p><\/div><div class=\"clear\"><\/div><\/div><\/div><\/div><\/div>\n<\/div><div class=\"fusion-clearfix\"><\/div><\/div><\/div><\/div><\/div><\/p>\n","protected":false},"excerpt":{"rendered":"","protected":false},"author":1,"featured_media":0,"parent":0,"menu_order":0,"comment_status":"closed","ping_status":"closed","template":"","meta":{"two_page_speed":{"current_score":{"desktop_score":94,"desktop_tti":"0.9\u00a0","mobile_score":91,"mobile_tti":"3.5\u00a0","date":"31.03.2025 08:57:30 pm","status":"completed"}},"footnotes":""},"class_list":["post-1333","page","type-page","status-publish","hentry"],"yoast_head":"<!-- This site is optimized with the Yoast SEO plugin v23.4 - https:\/\/yoast.com\/wordpress\/plugins\/seo\/ -->\n<title>Los resultados - RR-Law<\/title>\n<meta name=\"robots\" content=\"index, follow, max-snippet:-1, max-image-preview:large, max-video-preview:-1\" \/>\n<link rel=\"canonical\" href=\"https:\/\/www.rr-law.com\/es\/los-resultados\/\" \/>\n<meta property=\"og:locale\" content=\"es_ES\" \/>\n<meta property=\"og:type\" content=\"article\" \/>\n<meta property=\"og:title\" content=\"Los resultados - RR-Law\" \/>\n<meta property=\"og:url\" content=\"https:\/\/www.rr-law.com\/es\/los-resultados\/\" \/>\n<meta property=\"og:site_name\" content=\"RR-Law\" \/>\n<meta property=\"article:modified_time\" content=\"2025-03-31T20:56:52+00:00\" \/>\n<meta name=\"twitter:card\" content=\"summary_large_image\" \/>\n<meta name=\"twitter:label1\" content=\"Tiempo de lectura\" \/>\n\t<meta name=\"twitter:data1\" content=\"6 minutos\" \/>\n<script type=\"application\/ld+json\" class=\"yoast-schema-graph\">{\"@context\":\"https:\/\/schema.org\",\"@graph\":[{\"@type\":\"WebPage\",\"@id\":\"https:\/\/www.rr-law.com\/es\/los-resultados\/\",\"url\":\"https:\/\/www.rr-law.com\/es\/los-resultados\/\",\"name\":\"Los resultados - RR-Law\",\"isPartOf\":{\"@id\":\"https:\/\/www.rr-law.com\/#website\"},\"datePublished\":\"2020-05-09T16:25:46+00:00\",\"dateModified\":\"2025-03-31T20:56:52+00:00\",\"breadcrumb\":{\"@id\":\"https:\/\/www.rr-law.com\/es\/los-resultados\/#breadcrumb\"},\"inLanguage\":\"es\",\"potentialAction\":[{\"@type\":\"ReadAction\",\"target\":[\"https:\/\/www.rr-law.com\/es\/los-resultados\/\"]}]},{\"@type\":\"BreadcrumbList\",\"@id\":\"https:\/\/www.rr-law.com\/es\/los-resultados\/#breadcrumb\",\"itemListElement\":[{\"@type\":\"ListItem\",\"position\":1,\"name\":\"Home\",\"item\":\"https:\/\/www.rr-law.com\/es\/home\/\"},{\"@type\":\"ListItem\",\"position\":2,\"name\":\"Los resultados\"}]},{\"@type\":\"WebSite\",\"@id\":\"https:\/\/www.rr-law.com\/#website\",\"url\":\"https:\/\/www.rr-law.com\/\",\"name\":\"RR-Law\",\"description\":\"Medical Malpractice Law Firm, Schaumburg IL\",\"potentialAction\":[{\"@type\":\"SearchAction\",\"target\":{\"@type\":\"EntryPoint\",\"urlTemplate\":\"https:\/\/www.rr-law.com\/?s={search_term_string}\"},\"query-input\":{\"@type\":\"PropertyValueSpecification\",\"valueRequired\":true,\"valueName\":\"search_term_string\"}}],\"inLanguage\":\"es\"}]}<\/script>\n<!-- \/ Yoast SEO plugin. -->","yoast_head_json":{"title":"Los resultados - RR-Law","robots":{"index":"index","follow":"follow","max-snippet":"max-snippet:-1","max-image-preview":"max-image-preview:large","max-video-preview":"max-video-preview:-1"},"canonical":"https:\/\/www.rr-law.com\/es\/los-resultados\/","og_locale":"es_ES","og_type":"article","og_title":"Los resultados - RR-Law","og_url":"https:\/\/www.rr-law.com\/es\/los-resultados\/","og_site_name":"RR-Law","article_modified_time":"2025-03-31T20:56:52+00:00","twitter_card":"summary_large_image","twitter_misc":{"Tiempo de lectura":"6 minutos"},"schema":{"@context":"https:\/\/schema.org","@graph":[{"@type":"WebPage","@id":"https:\/\/www.rr-law.com\/es\/los-resultados\/","url":"https:\/\/www.rr-law.com\/es\/los-resultados\/","name":"Los resultados - RR-Law","isPartOf":{"@id":"https:\/\/www.rr-law.com\/#website"},"datePublished":"2020-05-09T16:25:46+00:00","dateModified":"2025-03-31T20:56:52+00:00","breadcrumb":{"@id":"https:\/\/www.rr-law.com\/es\/los-resultados\/#breadcrumb"},"inLanguage":"es","potentialAction":[{"@type":"ReadAction","target":["https:\/\/www.rr-law.com\/es\/los-resultados\/"]}]},{"@type":"BreadcrumbList","@id":"https:\/\/www.rr-law.com\/es\/los-resultados\/#breadcrumb","itemListElement":[{"@type":"ListItem","position":1,"name":"Home","item":"https:\/\/www.rr-law.com\/es\/home\/"},{"@type":"ListItem","position":2,"name":"Los resultados"}]},{"@type":"WebSite","@id":"https:\/\/www.rr-law.com\/#website","url":"https:\/\/www.rr-law.com\/","name":"RR-Law","description":"Medical Malpractice Law Firm, Schaumburg IL","potentialAction":[{"@type":"SearchAction","target":{"@type":"EntryPoint","urlTemplate":"https:\/\/www.rr-law.com\/?s={search_term_string}"},"query-input":{"@type":"PropertyValueSpecification","valueRequired":true,"valueName":"search_term_string"}}],"inLanguage":"es"}]}},"_links":{"self":[{"href":"https:\/\/www.rr-law.com\/es\/wp-json\/wp\/v2\/pages\/1333"}],"collection":[{"href":"https:\/\/www.rr-law.com\/es\/wp-json\/wp\/v2\/pages"}],"about":[{"href":"https:\/\/www.rr-law.com\/es\/wp-json\/wp\/v2\/types\/page"}],"author":[{"embeddable":true,"href":"https:\/\/www.rr-law.com\/es\/wp-json\/wp\/v2\/users\/1"}],"replies":[{"embeddable":true,"href":"https:\/\/www.rr-law.com\/es\/wp-json\/wp\/v2\/comments?post=1333"}],"version-history":[{"count":2,"href":"https:\/\/www.rr-law.com\/es\/wp-json\/wp\/v2\/pages\/1333\/revisions"}],"predecessor-version":[{"id":1336,"href":"https:\/\/www.rr-law.com\/es\/wp-json\/wp\/v2\/pages\/1333\/revisions\/1336"}],"wp:attachment":[{"href":"https:\/\/www.rr-law.com\/es\/wp-json\/wp\/v2\/media?parent=1333"}],"curies":[{"name":"wp","href":"https:\/\/api.w.org\/{rel}","templated":true}]}}