{"id":1385,"date":"2020-05-08T11:48:20","date_gmt":"2020-05-08T11:48:20","guid":{"rendered":"https:\/\/www.rr-law.com\/politica-de-privacidad\/"},"modified":"2025-04-05T08:24:15","modified_gmt":"2025-04-05T08:24:15","slug":"politica-de-privacidad","status":"publish","type":"page","link":"https:\/\/www.rr-law.com\/es\/politica-de-privacidad\/","title":{"rendered":"Pol\u00edtica de Privacidad"},"content":{"rendered":"<div class=\"fusion-fullwidth fullwidth-box fusion-builder-row-1 nonhundred-percent-fullwidth non-hundred-percent-height-scrolling\" style=\"--awb-border-radius-top-left:0px;--awb-border-radius-top-right:0px;--awb-border-radius-bottom-right:0px;--awb-border-radius-bottom-left:0px;--awb-flex-wrap:wrap;\" ><div class=\"fusion-builder-row fusion-row\"><div class=\"fusion-layout-column fusion_builder_column fusion-builder-column-0 fusion_builder_column_1_1 1_1 fusion-one-full fusion-column-first fusion-column-last\" style=\"--awb-bg-size:cover;--awb-margin-bottom:0px;\"><div class=\"fusion-column-wrapper fusion-flex-column-wrapper-legacy\"><div class=\"fusion-text fusion-text-1\"><p>Esta pol\u00edtica de privacidad se aplica a la informaci\u00f3n recopilada en l\u00ednea de los usuarios de este sitio web. En esta pol\u00edtica, usted puede saber qu\u00e9 tipo de informaci\u00f3n collecionamos, cu\u00e1ndo y c\u00f3mo podemos usar esa informaci\u00f3n, c\u00f3mo protegemos la informaci\u00f3n y las opciones que tiene con respecto a su informaci\u00f3n personal. <\/p>\n<h2>\u00bfQu\u00e9 informaci\u00f3n personal se colecciona a trav\u00e9s de este sitio web y c\u00f3mo se utiliza?<\/h2>\n<p>Coleccionamos informaci\u00f3n sobre nuestros usuarios de tres maneras: Directamente del usuario, desde los registros de nuestro servidor web y a trav\u00e9s de cookies. Utilizamos la informaci\u00f3n principalmente para proporcionarle una experiencia de Internet personalizada que le proporcione la informaci\u00f3n, los recursos y los servicios que son m\u00e1s relevantes y \u00fatiles para usted. No compartimos ninguna de la informaci\u00f3n que usted proporciona con otros, a menos que lo digamos en esta Pol\u00edtica de Privacidad, o cuando creemos de buena fe que la ley lo requiere.  <\/p>\n<h3>INFORMACI\u00d3N SUMINISTRADA POR EL USUARIO<\/h3>\n<p>Si completa el formulario de \u201ccontacto\u201d en este sitio web, le pediremos que proporcione alguna informaci\u00f3n personal (como direcci\u00f3n de correo electr\u00f3nico, nombre, n\u00famero de tel\u00e9fono y estado). Solo requerimos que provee una direcci\u00f3n de correo electr\u00f3nico en el formulario de contacto. Adem\u00e1s, si el chat est\u00e1 disponible a trav\u00e9s de este sitio, se le puede pedir que provee informaci\u00f3n si participa en un chat en l\u00ednea. Por favor, no env\u00ede ninguna informaci\u00f3n confidencial, patentada o sensible de identificaci\u00f3n personal (por ejemplo, n\u00famero de Seguro Social, fecha de nacimiento, n\u00famero de licencia de conducir, o tarjeta de cr\u00e9dito, cuenta bancaria u otra informaci\u00f3n financiera) (colectivamente, \u201cInformaci\u00f3n confidencial\u201d). Si usted env\u00eda cualquier informaci\u00f3n sensible, lo hace bajo su propio riesgo y no seremos responsables ante usted ni responsables de las consecuencias de su env\u00edo.    <\/p>\n<p>La informaci\u00f3n que nos provee a trav\u00e9s del formulario de contacto o un chat en l\u00ednea se utilizar\u00e1 para que podamos responder a su consulta. Tambi\u00e9n podemos utilizar la informaci\u00f3n que usted nos provee para comunicarnos con usted en el futuro. Si no desea recibir dichas comunicaciones, puede optar por no suscribirse (cancelar la suscripci\u00f3n) como se describe a continuaci\u00f3n.  <\/p>\n<h3>REGISTROS DEL SERVIDOR WEB<\/h3>\n<p>Cuando visita nuestro sitio web, podemos rastrear informaci\u00f3n sobre su visita y almacenar esa informaci\u00f3n en los registros del servidor web, que son registros de las actividades en nuestros sitios. Los servidores capturan y guardan autom\u00e1ticamente la informaci\u00f3n electr\u00f3nicamente. Ejemplos de la informaci\u00f3n que podemos recopilar incluyen:  <\/p>\n<ul>\n<li>Su direcci\u00f3n de protocolo de Internet \u00fanica;<\/li>\n<li>el nombre de su proveedor de servicios de Internet \u00fanico;<\/li>\n<li>la ciudad \/ ciudad, condado \/ estado y pa\u00eds desde el que accede a nuestro sitio web;<\/li>\n<li>el tipo de navegador o computadora que utiliza;<\/li>\n<li>el n\u00famero de enlaces que hace clic dentro del sitio;<\/li>\n<li>la fecha y hora de su visita;<\/li>\n<li>la p\u00e1gina web desde la que lleg\u00f3 a nuestro sitio;<\/li>\n<li>el n\u00famero de enlaces que hace clic dentro del sitio;<\/li>\n<li>las p\u00e1ginas que vio en el sitio; y ciertas b\u00fasquedas \/ consultas que realiz\u00f3 a trav\u00e9s de nuestro sitio (s) web.<\/li>\n<\/ul>\n<p>La informaci\u00f3n que coleccionamos en los registros del servidor web nos ayuda a administrar el sitio, analizar su uso, proteger el sitio web y su contenido de un uso inapropiado y mejorar la experiencia del usuario.<\/p>\n<h3>COOKIES<\/h3>\n<p>Con el fin de ofrecer y proporcionar un servicio personalizado y personal, nuestros sitios web y aplicaciones pueden utilizar cookies y tecnolog\u00edas similares para almacenar y ayudar a rastrear informaci\u00f3n sobre usted. Las cookies son simplemente peque\u00f1as piezas de datos que se env\u00edan a su navegador desde un servidor web y se almacenan en el disco duro de su computadora. Utilizamos cookies para ayudarnos a recordarnos qui\u00e9n es usted y para ayudarle a navegar por nuestros sitios durante sus visitas. Las cookies tambi\u00e9n pueden indicarnos d\u00f3nde van los visitantes a un sitio web y nos permiten guardar sus preferencias para que no tenga que volver a introducirlas cada vez que visite el sitio. El uso de cookies es relativamente est\u00e1ndar. La mayor\u00eda de los navegadores de Internet est\u00e1n configurados inicialmente para aceptar cookies, pero puede utilizar su navegador para notificarle cuando recibe una cookie o para desactivar las cookies.     <\/p>\n<p>Si desea desactivar las cookies de este sitio, puede hacerlo utilizando su navegador. Usted debe entender que algunas caracter\u00edsticas de muchos sitios pueden no funcionar correctamente si no acepta cookies. Para obtener m\u00e1s informaci\u00f3n sobre el uso de navegadores para administrar cookies, <a href=\"http:\/\/www.allaboutcookies.org\/manage-cookies\/\" target=\"_blank\" rel=\"noopener noreferrer\">consulte Todo sobre cookies<\/a>.   Tambi\u00e9n puede negarse a aceptar las cookies Flash de este sitio web utilizando las herramientas <a href=\"http:\/\/www.adobe.com\/devnet\/security.html\" target=\"_blank\" rel=\"noopener noreferrer\">de administraci\u00f3n Flash de Adobe<\/a>. Puede optar por no utilizar cookies por parte de <a href=\"https:\/\/www.google.com\/settings\/ads\" target=\"_blank\" rel=\"noopener noreferrer\">Google visitando la Configuraci\u00f3n de anuncios de Google<\/a>.<\/p>\n<p>Al visitar este sitio web, usted acepta el uso de cookies y tecnolog\u00edas similares de acuerdo con esta Declaraci\u00f3n de privacidad.<\/p>\n<h3>SERVICIOS DE TERCEROS<\/h3>\n<p>Podemos utilizar servicios alojados por terceros, incluido Adobe Site Catalyst, para ayudar a proporcionar nuestros servicios y para ayudarnos a comprender el uso de nuestro sitio por parte de nuestros visitantes. Estos servicios pueden coleccionar informaci\u00f3n enviada por su navegador como parte de una solicitud de p\u00e1gina web, incluyendo su direcci\u00f3n IP o cookies. Si estos servicios de terceros coleccionar informaci\u00f3n, lo hacen de forma an\u00f3nima y en conjunto para proporcionarnos informaci\u00f3n \u00fatil, como las tendencias del sitio web, sin identificar a los visitantes individuales.  <\/p>\n<p>Adem\u00e1s, podemos utilizar los servicios proporcionados por terceros para mostrar contenido, productos, servicios y publicidad relevantes para usted. Estos terceros pueden utilizar cookies, balizas web y tecnolog\u00edas similares para recopilar o recibir informaci\u00f3n de este sitio web y de otros lugares de Internet. A continuaci\u00f3n, pueden utilizar esa informaci\u00f3n para proveer servicios de medici\u00f3n para que podamos entender sus intereses y reorientar los anuncios basados en sus visitas anteriores a este sitio web. Tenga en cuenta que no compartimos su informaci\u00f3n personal con ning\u00fan anunciante de terceros, servidor de anuncios o red de anuncios.   <\/p>\n<p>Es posible que pueda optar por no coleccionar y utilizar la informaci\u00f3n para la orientaci\u00f3n publicitaria por parte de terceros visitando <a href=\"http:\/\/www.aboutads.info\/choices\/\" target=\"_blank\" rel=\"noopener noreferrer\">www.aboutads.info\/choices<\/a>. Puede optar por no utilizar cookies por parte de <a href=\"https:\/\/www.google.com\/settings\/ads\" target=\"_blank\" rel=\"noopener noreferrer\">Google visitando la Configuraci\u00f3n de anuncios de Google<\/a>. Puede visitar esta p\u00e1gina para excluirse de la publicidad dirigida de <a href=\"http:\/\/www.networkadvertising.org\/choices\/\" target=\"_blank\" rel=\"noopener noreferrer\">AdRoll y sus socios.<\/a> Consulte \u201cCookies\u201d en la secci\u00f3n anterior para obtener m\u00e1s informaci\u00f3n sobre c\u00f3mo puede controlar el uso de cookies en su computadora.<\/p>\n<h3>CALIFORNIA NO RASTREA<\/h3>\n<p>Nuestros servicios web no alteran, cambian ni responden al recibir solicitudes o se\u00f1ales de Do Not Track (DNT) en los navegadores. Como se describe con m\u00e1s detalle anteriormente, rastreamos la actividad del usuario utilizando registros del servidor web, cookies y tecnolog\u00edas similares. La informaci\u00f3n coleccionada en los registros del servidor web nos ayuda a analizar el uso del sitio web y mejorar la experiencia del usuario. Las cookies nos permiten ofrecerle una experiencia personalizada y presentarle publicidad relevante.   <\/p>\n<h2>\u00bfC\u00f3mo se protege la informaci\u00f3n personal?<\/h2>\n<p>Tomamos ciertas medidas de seguridad apropiadas para ayudar a proteger su informaci\u00f3n personal de p\u00e9rdidas accidentales y del acceso, uso o divulgaci\u00f3n no autorizados. Sin embargo, no podemos garantizar que las personas no autorizadas siempre ser\u00e1n incapaces de derrotar nuestras medidas de seguridad. <\/p>\n<h2>\u00bfQui\u00e9n tiene acceso a la informaci\u00f3n?<\/h2>\n<p>No venderemos, alquilaremos o arrendaremos listas de correo u otros datos de usuario a terceros, y no pondremos su informaci\u00f3n personal a disposici\u00f3n de ninguna parte no afiliada, excepto lo siguiente:<\/p>\n<ul>\n<li>a agentes, proveedores de sitios web y\/o contratistas que puedan utilizarlo en nuestro nombre o en relaci\u00f3n con su relaci\u00f3n con nosotros;<\/li>\n<li>Si no podemos ayudarlo con su asunto, pero conocemos a un abogado o bufete no afiliado que pueda ayudarlo, podemos referirlo y compartir la informaci\u00f3n que nos proporcion\u00f3 con esa parte;<\/li>\n<li>y seg\u00fan lo exija la ley, en una cuesti\u00f3n de seguridad p\u00fablica o pol\u00edtica, seg\u00fan sea necesario en relaci\u00f3n con la transferencia de nuestros activos comerciales (por ejemplo, si somos adquiridos por otra empresa o si somos liquidados durante un procedimiento de quiebra), o si creemos de buena fe que compartir los datos es necesario para proteger nuestros derechos o propiedad.<\/li>\n<\/ul>\n<h2>\u00bfC\u00f3mo puedo corregir, modificar o eliminar mi informaci\u00f3n personal y\/o optar por no recibir comunicaciones futuras?<\/h2>\n<p>Puede optar por no recibir nuestros contactos futuros en cualquier momento. P\u00f3ngase en contacto con nosotros a trav\u00e9s del n\u00famero de tel\u00e9fono, el formulario de contacto o la direcci\u00f3n postal de nuestro sitio web en cualquier momento para: <\/p>\n<ul>\n<li>Vea qu\u00e9 datos tenemos sobre usted, si los hubiera;<\/li>\n<li>cambie\/corrija cualquier dato que tengamos sobre usted;<\/li>\n<li>nos pida que eliminemos cualquier dato que tengamos sobre usted; y\/o<\/li>\n<li>opte por no recibir comunicaciones futuras de nosotros.<\/li>\n<\/ul>\n<p>Si tiene alguna pregunta o inquietud adicional sobre esta pol\u00edtica de privacidad, p\u00f3ngase en contacto con nosotros a trav\u00e9s del n\u00famero de tel\u00e9fono, formulario de contacto o direcci\u00f3n postal que aparece en este sitio web. Si nuestras pr\u00e1cticas de informaci\u00f3n cambian de manera significativa, publicaremos los cambios de pol\u00edtica aqu\u00ed. <\/p>\n<p>Efectivo: 14 de septiembre de 2015.<\/p>\n<\/div><div class=\"fusion-clearfix\"><\/div><\/div><\/div><\/div><\/div>\n","protected":false},"excerpt":{"rendered":"","protected":false},"author":1,"featured_media":0,"parent":0,"menu_order":0,"comment_status":"closed","ping_status":"open","template":"","meta":{"two_page_speed":{"current_score":{"desktop_score":94,"desktop_tti":"0.9\u00a0","mobile_score":94,"mobile_tti":"3.5\u00a0","date":"05.04.2025 08:24:52 am","status":"completed"}},"footnotes":""},"class_list":["post-1385","page","type-page","status-publish","hentry"],"yoast_head":"<!-- This site is optimized with the Yoast SEO plugin v23.4 - https:\/\/yoast.com\/wordpress\/plugins\/seo\/ -->\n<title>Pol\u00edtica de Privacidad - RR-Law<\/title>\n<meta name=\"robots\" content=\"index, follow, max-snippet:-1, max-image-preview:large, max-video-preview:-1\" \/>\n<link rel=\"canonical\" href=\"https:\/\/www.rr-law.com\/es\/politica-de-privacidad\/\" \/>\n<meta property=\"og:locale\" content=\"es_ES\" \/>\n<meta property=\"og:type\" content=\"article\" \/>\n<meta property=\"og:title\" content=\"Pol\u00edtica de Privacidad - RR-Law\" \/>\n<meta property=\"og:url\" content=\"https:\/\/www.rr-law.com\/es\/politica-de-privacidad\/\" \/>\n<meta property=\"og:site_name\" content=\"RR-Law\" \/>\n<meta property=\"article:modified_time\" content=\"2025-04-05T08:24:15+00:00\" \/>\n<meta name=\"twitter:card\" content=\"summary_large_image\" \/>\n<meta name=\"twitter:label1\" content=\"Tiempo de lectura\" \/>\n\t<meta name=\"twitter:data1\" content=\"9 minutos\" \/>\n<script type=\"application\/ld+json\" class=\"yoast-schema-graph\">{\"@context\":\"https:\/\/schema.org\",\"@graph\":[{\"@type\":\"WebPage\",\"@id\":\"https:\/\/www.rr-law.com\/es\/politica-de-privacidad\/\",\"url\":\"https:\/\/www.rr-law.com\/es\/politica-de-privacidad\/\",\"name\":\"Pol\u00edtica de Privacidad - RR-Law\",\"isPartOf\":{\"@id\":\"https:\/\/www.rr-law.com\/#website\"},\"datePublished\":\"2020-05-08T11:48:20+00:00\",\"dateModified\":\"2025-04-05T08:24:15+00:00\",\"breadcrumb\":{\"@id\":\"https:\/\/www.rr-law.com\/es\/politica-de-privacidad\/#breadcrumb\"},\"inLanguage\":\"es\",\"potentialAction\":[{\"@type\":\"ReadAction\",\"target\":[\"https:\/\/www.rr-law.com\/es\/politica-de-privacidad\/\"]}]},{\"@type\":\"BreadcrumbList\",\"@id\":\"https:\/\/www.rr-law.com\/es\/politica-de-privacidad\/#breadcrumb\",\"itemListElement\":[{\"@type\":\"ListItem\",\"position\":1,\"name\":\"Home\",\"item\":\"https:\/\/www.rr-law.com\/es\/home\/\"},{\"@type\":\"ListItem\",\"position\":2,\"name\":\"Pol\u00edtica de Privacidad\"}]},{\"@type\":\"WebSite\",\"@id\":\"https:\/\/www.rr-law.com\/#website\",\"url\":\"https:\/\/www.rr-law.com\/\",\"name\":\"RR-Law\",\"description\":\"Medical Malpractice Law Firm, Schaumburg IL\",\"potentialAction\":[{\"@type\":\"SearchAction\",\"target\":{\"@type\":\"EntryPoint\",\"urlTemplate\":\"https:\/\/www.rr-law.com\/?s={search_term_string}\"},\"query-input\":{\"@type\":\"PropertyValueSpecification\",\"valueRequired\":true,\"valueName\":\"search_term_string\"}}],\"inLanguage\":\"es\"}]}<\/script>\n<!-- \/ Yoast SEO plugin. -->","yoast_head_json":{"title":"Pol\u00edtica de Privacidad - RR-Law","robots":{"index":"index","follow":"follow","max-snippet":"max-snippet:-1","max-image-preview":"max-image-preview:large","max-video-preview":"max-video-preview:-1"},"canonical":"https:\/\/www.rr-law.com\/es\/politica-de-privacidad\/","og_locale":"es_ES","og_type":"article","og_title":"Pol\u00edtica de Privacidad - RR-Law","og_url":"https:\/\/www.rr-law.com\/es\/politica-de-privacidad\/","og_site_name":"RR-Law","article_modified_time":"2025-04-05T08:24:15+00:00","twitter_card":"summary_large_image","twitter_misc":{"Tiempo de lectura":"9 minutos"},"schema":{"@context":"https:\/\/schema.org","@graph":[{"@type":"WebPage","@id":"https:\/\/www.rr-law.com\/es\/politica-de-privacidad\/","url":"https:\/\/www.rr-law.com\/es\/politica-de-privacidad\/","name":"Pol\u00edtica de Privacidad - RR-Law","isPartOf":{"@id":"https:\/\/www.rr-law.com\/#website"},"datePublished":"2020-05-08T11:48:20+00:00","dateModified":"2025-04-05T08:24:15+00:00","breadcrumb":{"@id":"https:\/\/www.rr-law.com\/es\/politica-de-privacidad\/#breadcrumb"},"inLanguage":"es","potentialAction":[{"@type":"ReadAction","target":["https:\/\/www.rr-law.com\/es\/politica-de-privacidad\/"]}]},{"@type":"BreadcrumbList","@id":"https:\/\/www.rr-law.com\/es\/politica-de-privacidad\/#breadcrumb","itemListElement":[{"@type":"ListItem","position":1,"name":"Home","item":"https:\/\/www.rr-law.com\/es\/home\/"},{"@type":"ListItem","position":2,"name":"Pol\u00edtica de Privacidad"}]},{"@type":"WebSite","@id":"https:\/\/www.rr-law.com\/#website","url":"https:\/\/www.rr-law.com\/","name":"RR-Law","description":"Medical Malpractice Law Firm, Schaumburg IL","potentialAction":[{"@type":"SearchAction","target":{"@type":"EntryPoint","urlTemplate":"https:\/\/www.rr-law.com\/?s={search_term_string}"},"query-input":{"@type":"PropertyValueSpecification","valueRequired":true,"valueName":"search_term_string"}}],"inLanguage":"es"}]}},"_links":{"self":[{"href":"https:\/\/www.rr-law.com\/es\/wp-json\/wp\/v2\/pages\/1385"}],"collection":[{"href":"https:\/\/www.rr-law.com\/es\/wp-json\/wp\/v2\/pages"}],"about":[{"href":"https:\/\/www.rr-law.com\/es\/wp-json\/wp\/v2\/types\/page"}],"author":[{"embeddable":true,"href":"https:\/\/www.rr-law.com\/es\/wp-json\/wp\/v2\/users\/1"}],"replies":[{"embeddable":true,"href":"https:\/\/www.rr-law.com\/es\/wp-json\/wp\/v2\/comments?post=1385"}],"version-history":[{"count":2,"href":"https:\/\/www.rr-law.com\/es\/wp-json\/wp\/v2\/pages\/1385\/revisions"}],"predecessor-version":[{"id":1387,"href":"https:\/\/www.rr-law.com\/es\/wp-json\/wp\/v2\/pages\/1385\/revisions\/1387"}],"wp:attachment":[{"href":"https:\/\/www.rr-law.com\/es\/wp-json\/wp\/v2\/media?parent=1385"}],"curies":[{"name":"wp","href":"https:\/\/api.w.org\/{rel}","templated":true}]}}